{"id":8,"date":"2024-11-28T11:38:18","date_gmt":"2024-11-28T10:38:18","guid":{"rendered":"https:\/\/kunden.potsdamwebdesign.de\/bvfg\/club-aktiv\/?page_id=8"},"modified":"2025-12-04T16:41:19","modified_gmt":"2025-12-04T15:41:19","slug":"rehasport-orthopaedie","status":"publish","type":"page","link":"https:\/\/www.bvfg-potsdam.de\/club-aktiv\/rehasport-sporttherapie\/rehasport-orthopaedie\/","title":{"rendered":"Rehasport Orthop\u00e4die"},"content":{"rendered":"\t\t<div data-elementor-type=\"wp-page\" data-elementor-id=\"8\" class=\"elementor elementor-8\">\n\t\t\t\t<div class=\"elementor-element elementor-element-395718b1 e-flex e-con-boxed wpr-particle-no wpr-jarallax-no wpr-parallax-no wpr-sticky-section-no wpr-equal-height-no e-con e-parent\" data-id=\"395718b1\" data-element_type=\"container\" data-e-type=\"container\" data-settings=\"{&quot;background_background&quot;:&quot;classic&quot;}\">\n\t\t\t\t\t<div class=\"e-con-inner\">\n\t\t\t\t<div class=\"elementor-element elementor-element-39a94ebe elementor-widget elementor-widget-page-title\" data-id=\"39a94ebe\" data-element_type=\"widget\" data-e-type=\"widget\" data-settings=\"{&quot;align&quot;:&quot;center&quot;}\" data-widget_type=\"page-title.default\">\n\t\t\t\t<div class=\"elementor-widget-container\">\n\t\t\t\t\t\t\t\n\t\t<div class=\"hfe-page-title hfe-page-title-wrapper elementor-widget-heading\">\n\n\t\t\t\t\t\t\t\t<h2 class=\"elementor-heading-title elementor-size-default\">\n\t\t\t\t\t\t\t\t\n\t\t\t\tRehasport Orthop\u00e4die  \n\t\t\t<\/h2 > \n\t\t\t\t\t<\/div>\n\t\t\t\t\t\t<\/div>\n\t\t\t\t<\/div>\n\t\t\t\t\t<\/div>\n\t\t\t\t<\/div>\n\t\t<div class=\"elementor-element elementor-element-5f7facb e-flex e-con-boxed wpr-particle-no wpr-jarallax-no wpr-parallax-no wpr-sticky-section-no wpr-equal-height-no e-con e-parent\" data-id=\"5f7facb\" data-element_type=\"container\" data-e-type=\"container\">\n\t\t\t\t\t<div class=\"e-con-inner\">\n\t\t<div class=\"elementor-element elementor-element-da68454 e-con-full elementor-hidden-mobile e-flex wpr-particle-no wpr-jarallax-no wpr-parallax-no wpr-sticky-section-no wpr-equal-height-no e-con e-child\" data-id=\"da68454\" data-element_type=\"container\" data-e-type=\"container\" data-settings=\"{&quot;background_background&quot;:&quot;classic&quot;}\">\n\t\t\t\t<\/div>\n\t\t<div class=\"elementor-element elementor-element-232e89c e-con-full e-flex wpr-particle-no wpr-jarallax-no wpr-parallax-no wpr-sticky-section-no wpr-equal-height-no e-con e-child\" data-id=\"232e89c\" data-element_type=\"container\" data-e-type=\"container\">\n\t\t\t\t<div class=\"elementor-element elementor-element-25ace44 elementor-widget elementor-widget-heading\" data-id=\"25ace44\" data-element_type=\"widget\" data-e-type=\"widget\" data-widget_type=\"heading.default\">\n\t\t\t\t<div class=\"elementor-widget-container\">\n\t\t\t\t\t<h3 class=\"elementor-heading-title elementor-size-default\">Gemeinsam aktiv!<\/h3>\t\t\t\t<\/div>\n\t\t\t\t<\/div>\n\t\t\t\t<div class=\"elementor-element elementor-element-183851e elementor-widget elementor-widget-text-editor\" data-id=\"183851e\" data-element_type=\"widget\" data-e-type=\"widget\" data-widget_type=\"text-editor.default\">\n\t\t\t\t<div class=\"elementor-widget-container\">\n\t\t\t\t\t\t\t\t\t<p>In unseren Rehabilitationssportgruppen in Potsdam bieten wir ein umfassendes Ganzk\u00f6rpertraining f\u00fcr Menschen mit Beschwerden des St\u00fctz- und Bewegungsapparates an. Unser Ziel ist es, Kraft, Ausdauer, Koordination und Beweglichkeit zu f\u00f6rdern. Daf\u00fcr nutzen wir vielf\u00e4ltige gymnastische \u00dcbungen und verschiedene Kleinger\u00e4te sowie Bewegungsspiele, die das Training abwechslungsreich und motivierend gestalten.<\/p><p>Gruppentraining, 45 Minuten<\/p><p>Die Teilnahme erfolgt auf Grundlage einer \u00e4rztlichen Verordnung \u201eRehabilitationssport\u201c (Formblatt 56).<\/p><p>F\u00fcr weitere Informationen und Anmeldung erreichst du uns unter Tel. 0331 2016746 oder per E-Mail.<\/p>\t\t\t\t\t\t\t\t<\/div>\n\t\t\t\t<\/div>\n\t\t\t\t<\/div>\n\t\t\t\t\t<\/div>\n\t\t\t\t<\/div>\n\t\t\t\t<\/div>\n\t\t","protected":false},"excerpt":{"rendered":"<p>Rehasport Orthop\u00e4die Gemeinsam aktiv! In unseren Rehabilitationssportgruppen in Potsdam bieten wir ein umfassendes Ganzk\u00f6rpertraining f\u00fcr Menschen mit Beschwerden des St\u00fctz- und Bewegungsapparates an. Unser Ziel ist es, Kraft, Ausdauer, Koordination und Beweglichkeit zu f\u00f6rdern. Daf\u00fcr nutzen wir vielf\u00e4ltige gymnastische \u00dcbungen und verschiedene Kleinger\u00e4te sowie Bewegungsspiele, die das Training abwechslungsreich und motivierend gestalten. Gruppentraining, 45 Minuten Die Teilnahme erfolgt auf Grundlage einer \u00e4rztlichen Verordnung \u201eRehabilitationssport\u201c (Formblatt 56). F\u00fcr weitere Informationen und Anmeldung erreichst du uns unter Tel. 0331 2016746 oder per E-Mail.<\/p>\n","protected":false},"author":1,"featured_media":899,"parent":6,"menu_order":210,"comment_status":"closed","ping_status":"closed","template":"elementor_header_footer","meta":{"footnotes":""},"class_list":["post-8","page","type-page","status-publish","has-post-thumbnail","hentry"],"yoast_head":"<!-- This site is optimized with the Yoast SEO plugin v27.5 - https:\/\/yoast.com\/product\/yoast-seo-wordpress\/ -->\n<title>Rehasport Orthop\u00e4die - CLUB AKTIV im Werner-Alfred-Bad<\/title>\n<meta name=\"robots\" content=\"index, follow, max-snippet:-1, max-image-preview:large, max-video-preview:-1\" \/>\n<link rel=\"canonical\" href=\"https:\/\/www.bvfg-potsdam.de\/club-aktiv\/rehasport-sporttherapie\/rehasport-orthopaedie\/\" \/>\n<meta property=\"og:locale\" content=\"de_DE\" \/>\n<meta property=\"og:type\" content=\"article\" \/>\n<meta property=\"og:title\" content=\"Rehasport Orthop\u00e4die - CLUB AKTIV im Werner-Alfred-Bad\" \/>\n<meta property=\"og:description\" content=\"Rehasport Orthop\u00e4die Gemeinsam aktiv! In unseren Rehabilitationssportgruppen in Potsdam bieten wir ein umfassendes Ganzk\u00f6rpertraining f\u00fcr Menschen mit Beschwerden des St\u00fctz- und Bewegungsapparates an. Unser Ziel ist es, Kraft, Ausdauer, Koordination und Beweglichkeit zu f\u00f6rdern. Daf\u00fcr nutzen wir vielf\u00e4ltige gymnastische \u00dcbungen und verschiedene Kleinger\u00e4te sowie Bewegungsspiele, die das Training abwechslungsreich und motivierend gestalten. Gruppentraining, 45 Minuten Die Teilnahme erfolgt auf Grundlage einer \u00e4rztlichen Verordnung \u201eRehabilitationssport\u201c (Formblatt 56). F\u00fcr weitere Informationen und Anmeldung erreichst du uns unter Tel. 0331 2016746 oder per E-Mail.\" \/>\n<meta property=\"og:url\" content=\"https:\/\/www.bvfg-potsdam.de\/club-aktiv\/rehasport-sporttherapie\/rehasport-orthopaedie\/\" \/>\n<meta property=\"og:site_name\" content=\"CLUB AKTIV im Werner-Alfred-Bad\" \/>\n<meta property=\"article:publisher\" content=\"https:\/\/www.facebook.com\/CLUB-AKTIV-Potsdam-107509880954919\" \/>\n<meta property=\"article:modified_time\" content=\"2025-12-04T15:41:19+00:00\" \/>\n<meta property=\"og:image\" content=\"https:\/\/www.bvfg-potsdam.de\/club-aktiv\/wp-content\/uploads\/thumbnail.jpg\" \/>\n\t<meta property=\"og:image:width\" content=\"800\" \/>\n\t<meta property=\"og:image:height\" content=\"570\" \/>\n\t<meta property=\"og:image:type\" content=\"image\/jpeg\" \/>\n<meta name=\"twitter:card\" content=\"summary_large_image\" \/>\n<meta name=\"twitter:label1\" content=\"Gesch\u00e4tzte Lesezeit\" \/>\n\t<meta name=\"twitter:data1\" content=\"1\u00a0Minute\" \/>\n<script type=\"application\/ld+json\" class=\"yoast-schema-graph\">{\"@context\":\"https:\\\/\\\/schema.org\",\"@graph\":[{\"@type\":\"WebPage\",\"@id\":\"https:\\\/\\\/www.bvfg-potsdam.de\\\/club-aktiv\\\/rehasport-sporttherapie\\\/rehasport-orthopaedie\\\/\",\"url\":\"https:\\\/\\\/www.bvfg-potsdam.de\\\/club-aktiv\\\/rehasport-sporttherapie\\\/rehasport-orthopaedie\\\/\",\"name\":\"Rehasport Orthop\u00e4die - CLUB AKTIV im Werner-Alfred-Bad\",\"isPartOf\":{\"@id\":\"https:\\\/\\\/www.bvfg-potsdam.de\\\/club-aktiv\\\/#website\"},\"primaryImageOfPage\":{\"@id\":\"https:\\\/\\\/www.bvfg-potsdam.de\\\/club-aktiv\\\/rehasport-sporttherapie\\\/rehasport-orthopaedie\\\/#primaryimage\"},\"image\":{\"@id\":\"https:\\\/\\\/www.bvfg-potsdam.de\\\/club-aktiv\\\/rehasport-sporttherapie\\\/rehasport-orthopaedie\\\/#primaryimage\"},\"thumbnailUrl\":\"https:\\\/\\\/www.bvfg-potsdam.de\\\/club-aktiv\\\/wp-content\\\/uploads\\\/thumbnail.jpg\",\"datePublished\":\"2024-11-28T10:38:18+00:00\",\"dateModified\":\"2025-12-04T15:41:19+00:00\",\"breadcrumb\":{\"@id\":\"https:\\\/\\\/www.bvfg-potsdam.de\\\/club-aktiv\\\/rehasport-sporttherapie\\\/rehasport-orthopaedie\\\/#breadcrumb\"},\"inLanguage\":\"de\",\"potentialAction\":[{\"@type\":\"ReadAction\",\"target\":[\"https:\\\/\\\/www.bvfg-potsdam.de\\\/club-aktiv\\\/rehasport-sporttherapie\\\/rehasport-orthopaedie\\\/\"]}]},{\"@type\":\"ImageObject\",\"inLanguage\":\"de\",\"@id\":\"https:\\\/\\\/www.bvfg-potsdam.de\\\/club-aktiv\\\/rehasport-sporttherapie\\\/rehasport-orthopaedie\\\/#primaryimage\",\"url\":\"https:\\\/\\\/www.bvfg-potsdam.de\\\/club-aktiv\\\/wp-content\\\/uploads\\\/thumbnail.jpg\",\"contentUrl\":\"https:\\\/\\\/www.bvfg-potsdam.de\\\/club-aktiv\\\/wp-content\\\/uploads\\\/thumbnail.jpg\",\"width\":800,\"height\":570,\"caption\":\"Thumbnail\"},{\"@type\":\"BreadcrumbList\",\"@id\":\"https:\\\/\\\/www.bvfg-potsdam.de\\\/club-aktiv\\\/rehasport-sporttherapie\\\/rehasport-orthopaedie\\\/#breadcrumb\",\"itemListElement\":[{\"@type\":\"ListItem\",\"position\":1,\"name\":\"Home\",\"item\":\"https:\\\/\\\/www.bvfg-potsdam.de\\\/club-aktiv\\\/\"},{\"@type\":\"ListItem\",\"position\":2,\"name\":\"Rehasport \\\/ Sporttherapie\",\"item\":\"https:\\\/\\\/www.bvfg-potsdam.de\\\/club-aktiv\\\/rehasport-sporttherapie\\\/\"},{\"@type\":\"ListItem\",\"position\":3,\"name\":\"Rehasport Orthop\u00e4die\"}]},{\"@type\":\"WebSite\",\"@id\":\"https:\\\/\\\/www.bvfg-potsdam.de\\\/club-aktiv\\\/#website\",\"url\":\"https:\\\/\\\/www.bvfg-potsdam.de\\\/club-aktiv\\\/\",\"name\":\"CLUB AKTIV im Werner-Alfred-Bad\",\"description\":\"\",\"publisher\":{\"@id\":\"https:\\\/\\\/www.bvfg-potsdam.de\\\/club-aktiv\\\/#organization\"},\"potentialAction\":[{\"@type\":\"SearchAction\",\"target\":{\"@type\":\"EntryPoint\",\"urlTemplate\":\"https:\\\/\\\/www.bvfg-potsdam.de\\\/club-aktiv\\\/?s={search_term_string}\"},\"query-input\":{\"@type\":\"PropertyValueSpecification\",\"valueRequired\":true,\"valueName\":\"search_term_string\"}}],\"inLanguage\":\"de\"},{\"@type\":\"Organization\",\"@id\":\"https:\\\/\\\/www.bvfg-potsdam.de\\\/club-aktiv\\\/#organization\",\"name\":\"CLUB AKTIV im Werner-Alfred-Bad\",\"url\":\"https:\\\/\\\/www.bvfg-potsdam.de\\\/club-aktiv\\\/\",\"logo\":{\"@type\":\"ImageObject\",\"inLanguage\":\"de\",\"@id\":\"https:\\\/\\\/www.bvfg-potsdam.de\\\/club-aktiv\\\/#\\\/schema\\\/logo\\\/image\\\/\",\"url\":\"https:\\\/\\\/www.bvfg-potsdam.de\\\/club-aktiv\\\/wp-content\\\/uploads\\\/club-aktiv.png\",\"contentUrl\":\"https:\\\/\\\/www.bvfg-potsdam.de\\\/club-aktiv\\\/wp-content\\\/uploads\\\/club-aktiv.png\",\"width\":200,\"height\":111,\"caption\":\"CLUB AKTIV im Werner-Alfred-Bad\"},\"image\":{\"@id\":\"https:\\\/\\\/www.bvfg-potsdam.de\\\/club-aktiv\\\/#\\\/schema\\\/logo\\\/image\\\/\"},\"sameAs\":[\"https:\\\/\\\/www.facebook.com\\\/CLUB-AKTIV-Potsdam-107509880954919\",\"https:\\\/\\\/www.youtube.com\\\/channel\\\/UCXJwm1HYhrl5R2Wpzttdr6A\"]}]}<\/script>\n<!-- \/ Yoast SEO plugin. -->","yoast_head_json":{"title":"Rehasport Orthop\u00e4die - CLUB AKTIV im Werner-Alfred-Bad","robots":{"index":"index","follow":"follow","max-snippet":"max-snippet:-1","max-image-preview":"max-image-preview:large","max-video-preview":"max-video-preview:-1"},"canonical":"https:\/\/www.bvfg-potsdam.de\/club-aktiv\/rehasport-sporttherapie\/rehasport-orthopaedie\/","og_locale":"de_DE","og_type":"article","og_title":"Rehasport Orthop\u00e4die - CLUB AKTIV im Werner-Alfred-Bad","og_description":"Rehasport Orthop\u00e4die Gemeinsam aktiv! In unseren Rehabilitationssportgruppen in Potsdam bieten wir ein umfassendes Ganzk\u00f6rpertraining f\u00fcr Menschen mit Beschwerden des St\u00fctz- und Bewegungsapparates an. Unser Ziel ist es, Kraft, Ausdauer, Koordination und Beweglichkeit zu f\u00f6rdern. Daf\u00fcr nutzen wir vielf\u00e4ltige gymnastische \u00dcbungen und verschiedene Kleinger\u00e4te sowie Bewegungsspiele, die das Training abwechslungsreich und motivierend gestalten. Gruppentraining, 45 Minuten Die Teilnahme erfolgt auf Grundlage einer \u00e4rztlichen Verordnung \u201eRehabilitationssport\u201c (Formblatt 56). F\u00fcr weitere Informationen und Anmeldung erreichst du uns unter Tel. 0331 2016746 oder per E-Mail.","og_url":"https:\/\/www.bvfg-potsdam.de\/club-aktiv\/rehasport-sporttherapie\/rehasport-orthopaedie\/","og_site_name":"CLUB AKTIV im Werner-Alfred-Bad","article_publisher":"https:\/\/www.facebook.com\/CLUB-AKTIV-Potsdam-107509880954919","article_modified_time":"2025-12-04T15:41:19+00:00","og_image":[{"width":800,"height":570,"url":"https:\/\/www.bvfg-potsdam.de\/club-aktiv\/wp-content\/uploads\/thumbnail.jpg","type":"image\/jpeg"}],"twitter_card":"summary_large_image","twitter_misc":{"Gesch\u00e4tzte Lesezeit":"1\u00a0Minute"},"schema":{"@context":"https:\/\/schema.org","@graph":[{"@type":"WebPage","@id":"https:\/\/www.bvfg-potsdam.de\/club-aktiv\/rehasport-sporttherapie\/rehasport-orthopaedie\/","url":"https:\/\/www.bvfg-potsdam.de\/club-aktiv\/rehasport-sporttherapie\/rehasport-orthopaedie\/","name":"Rehasport Orthop\u00e4die - CLUB AKTIV im Werner-Alfred-Bad","isPartOf":{"@id":"https:\/\/www.bvfg-potsdam.de\/club-aktiv\/#website"},"primaryImageOfPage":{"@id":"https:\/\/www.bvfg-potsdam.de\/club-aktiv\/rehasport-sporttherapie\/rehasport-orthopaedie\/#primaryimage"},"image":{"@id":"https:\/\/www.bvfg-potsdam.de\/club-aktiv\/rehasport-sporttherapie\/rehasport-orthopaedie\/#primaryimage"},"thumbnailUrl":"https:\/\/www.bvfg-potsdam.de\/club-aktiv\/wp-content\/uploads\/thumbnail.jpg","datePublished":"2024-11-28T10:38:18+00:00","dateModified":"2025-12-04T15:41:19+00:00","breadcrumb":{"@id":"https:\/\/www.bvfg-potsdam.de\/club-aktiv\/rehasport-sporttherapie\/rehasport-orthopaedie\/#breadcrumb"},"inLanguage":"de","potentialAction":[{"@type":"ReadAction","target":["https:\/\/www.bvfg-potsdam.de\/club-aktiv\/rehasport-sporttherapie\/rehasport-orthopaedie\/"]}]},{"@type":"ImageObject","inLanguage":"de","@id":"https:\/\/www.bvfg-potsdam.de\/club-aktiv\/rehasport-sporttherapie\/rehasport-orthopaedie\/#primaryimage","url":"https:\/\/www.bvfg-potsdam.de\/club-aktiv\/wp-content\/uploads\/thumbnail.jpg","contentUrl":"https:\/\/www.bvfg-potsdam.de\/club-aktiv\/wp-content\/uploads\/thumbnail.jpg","width":800,"height":570,"caption":"Thumbnail"},{"@type":"BreadcrumbList","@id":"https:\/\/www.bvfg-potsdam.de\/club-aktiv\/rehasport-sporttherapie\/rehasport-orthopaedie\/#breadcrumb","itemListElement":[{"@type":"ListItem","position":1,"name":"Home","item":"https:\/\/www.bvfg-potsdam.de\/club-aktiv\/"},{"@type":"ListItem","position":2,"name":"Rehasport \/ Sporttherapie","item":"https:\/\/www.bvfg-potsdam.de\/club-aktiv\/rehasport-sporttherapie\/"},{"@type":"ListItem","position":3,"name":"Rehasport Orthop\u00e4die"}]},{"@type":"WebSite","@id":"https:\/\/www.bvfg-potsdam.de\/club-aktiv\/#website","url":"https:\/\/www.bvfg-potsdam.de\/club-aktiv\/","name":"CLUB AKTIV im Werner-Alfred-Bad","description":"","publisher":{"@id":"https:\/\/www.bvfg-potsdam.de\/club-aktiv\/#organization"},"potentialAction":[{"@type":"SearchAction","target":{"@type":"EntryPoint","urlTemplate":"https:\/\/www.bvfg-potsdam.de\/club-aktiv\/?s={search_term_string}"},"query-input":{"@type":"PropertyValueSpecification","valueRequired":true,"valueName":"search_term_string"}}],"inLanguage":"de"},{"@type":"Organization","@id":"https:\/\/www.bvfg-potsdam.de\/club-aktiv\/#organization","name":"CLUB AKTIV im Werner-Alfred-Bad","url":"https:\/\/www.bvfg-potsdam.de\/club-aktiv\/","logo":{"@type":"ImageObject","inLanguage":"de","@id":"https:\/\/www.bvfg-potsdam.de\/club-aktiv\/#\/schema\/logo\/image\/","url":"https:\/\/www.bvfg-potsdam.de\/club-aktiv\/wp-content\/uploads\/club-aktiv.png","contentUrl":"https:\/\/www.bvfg-potsdam.de\/club-aktiv\/wp-content\/uploads\/club-aktiv.png","width":200,"height":111,"caption":"CLUB AKTIV im Werner-Alfred-Bad"},"image":{"@id":"https:\/\/www.bvfg-potsdam.de\/club-aktiv\/#\/schema\/logo\/image\/"},"sameAs":["https:\/\/www.facebook.com\/CLUB-AKTIV-Potsdam-107509880954919","https:\/\/www.youtube.com\/channel\/UCXJwm1HYhrl5R2Wpzttdr6A"]}]}},"_links":{"self":[{"href":"https:\/\/www.bvfg-potsdam.de\/club-aktiv\/wp-json\/wp\/v2\/pages\/8","targetHints":{"allow":["GET"]}}],"collection":[{"href":"https:\/\/www.bvfg-potsdam.de\/club-aktiv\/wp-json\/wp\/v2\/pages"}],"about":[{"href":"https:\/\/www.bvfg-potsdam.de\/club-aktiv\/wp-json\/wp\/v2\/types\/page"}],"author":[{"embeddable":true,"href":"https:\/\/www.bvfg-potsdam.de\/club-aktiv\/wp-json\/wp\/v2\/users\/1"}],"replies":[{"embeddable":true,"href":"https:\/\/www.bvfg-potsdam.de\/club-aktiv\/wp-json\/wp\/v2\/comments?post=8"}],"version-history":[{"count":12,"href":"https:\/\/www.bvfg-potsdam.de\/club-aktiv\/wp-json\/wp\/v2\/pages\/8\/revisions"}],"predecessor-version":[{"id":1115,"href":"https:\/\/www.bvfg-potsdam.de\/club-aktiv\/wp-json\/wp\/v2\/pages\/8\/revisions\/1115"}],"up":[{"embeddable":true,"href":"https:\/\/www.bvfg-potsdam.de\/club-aktiv\/wp-json\/wp\/v2\/pages\/6"}],"wp:featuredmedia":[{"embeddable":true,"href":"https:\/\/www.bvfg-potsdam.de\/club-aktiv\/wp-json\/wp\/v2\/media\/899"}],"wp:attachment":[{"href":"https:\/\/www.bvfg-potsdam.de\/club-aktiv\/wp-json\/wp\/v2\/media?parent=8"}],"curies":[{"name":"wp","href":"https:\/\/api.w.org\/{rel}","templated":true}]}}