{"id":67,"date":"2024-11-28T11:45:35","date_gmt":"2024-11-28T10:45:35","guid":{"rendered":"https:\/\/kunden.potsdamwebdesign.de\/bvfg\/club-aktiv\/?page_id=67"},"modified":"2025-12-04T16:54:09","modified_gmt":"2025-12-04T15:54:09","slug":"gesunder-ruecken","status":"publish","type":"page","link":"https:\/\/www.bvfg-potsdam.de\/club-aktiv\/praevention\/gesunder-ruecken\/","title":{"rendered":"Gesunder R\u00fccken"},"content":{"rendered":"\t\t<div data-elementor-type=\"wp-page\" data-elementor-id=\"67\" class=\"elementor elementor-67\">\n\t\t\t\t<div class=\"elementor-element elementor-element-4c5e862 e-flex e-con-boxed wpr-particle-no wpr-jarallax-no wpr-parallax-no wpr-sticky-section-no wpr-equal-height-no e-con e-parent\" data-id=\"4c5e862\" data-element_type=\"container\" data-e-type=\"container\" data-settings=\"{&quot;background_background&quot;:&quot;classic&quot;}\">\n\t\t\t\t\t<div class=\"e-con-inner\">\n\t\t\t\t<div class=\"elementor-element elementor-element-5cc8142e elementor-widget elementor-widget-page-title\" data-id=\"5cc8142e\" data-element_type=\"widget\" data-e-type=\"widget\" data-settings=\"{&quot;align&quot;:&quot;center&quot;}\" data-widget_type=\"page-title.default\">\n\t\t\t\t<div class=\"elementor-widget-container\">\n\t\t\t\t\t\t\t\n\t\t<div class=\"hfe-page-title hfe-page-title-wrapper elementor-widget-heading\">\n\n\t\t\t\t\t\t\t\t<h2 class=\"elementor-heading-title elementor-size-default\">\n\t\t\t\t\t\t\t\t\n\t\t\t\tGesunder R\u00fccken  \n\t\t\t<\/h2 > \n\t\t\t\t\t<\/div>\n\t\t\t\t\t\t<\/div>\n\t\t\t\t<\/div>\n\t\t\t\t\t<\/div>\n\t\t\t\t<\/div>\n\t\t<div class=\"elementor-element elementor-element-18303b74 e-flex e-con-boxed wpr-particle-no wpr-jarallax-no wpr-parallax-no wpr-sticky-section-no wpr-equal-height-no e-con e-parent\" data-id=\"18303b74\" data-element_type=\"container\" data-e-type=\"container\">\n\t\t\t\t\t<div class=\"e-con-inner\">\n\t\t<div class=\"elementor-element elementor-element-8fc2399 e-con-full elementor-hidden-mobile e-flex wpr-particle-no wpr-jarallax-no wpr-parallax-no wpr-sticky-section-no wpr-equal-height-no e-con e-child\" data-id=\"8fc2399\" data-element_type=\"container\" data-e-type=\"container\" data-settings=\"{&quot;background_background&quot;:&quot;classic&quot;}\">\n\t\t\t\t<\/div>\n\t\t<div class=\"elementor-element elementor-element-1d6f4c58 e-con-full e-flex wpr-particle-no wpr-jarallax-no wpr-parallax-no wpr-sticky-section-no wpr-equal-height-no e-con e-child\" data-id=\"1d6f4c58\" data-element_type=\"container\" data-e-type=\"container\">\n\t\t\t\t<div class=\"elementor-element elementor-element-65c8f9da elementor-widget elementor-widget-text-editor\" data-id=\"65c8f9da\" data-element_type=\"widget\" data-e-type=\"widget\" data-widget_type=\"text-editor.default\">\n\t\t\t\t<div class=\"elementor-widget-container\">\n\t\t\t\t\t\t\t\t\t<p class=\"tiny_p\"><strong>Gesunder R\u00fccken <\/strong>ist ein Kursprogramm zur Vorbeugung von Funktionsst\u00f6rungen und Erkrankungen des Muskel-Skelett Systems, insbesondere der Wirbels\u00e4ule. Gezieltes Koordinationstraining im Zusammenspiel mit funktionellen Kr\u00e4tigungs- und Entspannungs\u00fcbungen sollen dazu beitragen, R\u00fcckenprobleme effektiv vorzubeugen.<\/p><p class=\"tiny_p\"><strong>Unsere R\u00fcckenschulkurse sind als Pr\u00e4ventionskurs von den Krankenkassen anerkannt und somit ist eine R\u00fcckfinanzierung der Kursgeb\u00fchr in H\u00f6he von 80% m\u00f6glich<\/strong>.<\/p><p class=\"tiny_p\">Unser n\u00e4chster Pr\u00e4ventionskurs \u201e<b>Gesunder R\u00fccken\u201c<\/b> \u00fcber <strong>8<\/strong> Kurseinheiten in der Gruppe kann beginnen, wenn ausreichend Interessenten angemeldet sind!<\/p>\t\t\t\t\t\t\t\t<\/div>\n\t\t\t\t<\/div>\n\t\t\t\t<\/div>\n\t\t\t\t\t<\/div>\n\t\t\t\t<\/div>\n\t\t<div class=\"elementor-element elementor-element-fe30343 e-flex e-con-boxed wpr-particle-no wpr-jarallax-no wpr-parallax-no wpr-sticky-section-no wpr-equal-height-no e-con e-parent\" data-id=\"fe30343\" data-element_type=\"container\" data-e-type=\"container\">\n\t\t\t\t\t<div class=\"e-con-inner\">\n\t\t\t\t<div class=\"elementor-element elementor-element-85f3aa0 wpr-data-table-type-custom wpr-table-align-items-left elementor-widget elementor-widget-wpr-data-table\" data-id=\"85f3aa0\" data-element_type=\"widget\" data-e-type=\"widget\" data-widget_type=\"wpr-data-table.default\">\n\t\t\t\t<div class=\"elementor-widget-container\">\n\t\t\t\t\t\n\t\t\t\t\n\t\t<div class=\"wpr-table-container\">\n\t\t<div class=\"wpr-table-inner-container \" data-table-sorting=\"no\" data-custom-pagination=\"no\" data-row-pagination=\"\" data-entry-info=\"no\" data-rows-per-page=\"\">\n\n\t\t\n\t\t\t\t\t\t<table class=\"wpr-data-table\" id=\"wpr-data-table\">\n\t\t\t\t\t\t\t\t\n\t\t\t\t<thead>\n\t\t\t\t\t<tr class=\"wpr-table-head-row wpr-table-row\">\n\t\t\t\t\t\n\t\t\t\t\t\t<th class=\"wpr-table-th elementor-repeater-item-268609a\" colspan=\"1\">\n\t\t\t\t\t\t\t<div class=\"\">\n\t\t\t\t\t\t\t\t\t\t\t\t\t\t\t\t\n\t\t\t\t\t\t\t\t\t\t\t\t\t\t\t\t\t\t\t\t\t\t\t\t\t\t\t\t\t\t\t\t\t\t\t\t\t\t\t\t\t\t\t\t\t\t\t<\/div>\n\t\t\t\t\t\t<\/th>\n\t\t\t\t\t\t\t\t\t\t\t<\/tr>\n\t\t\t\t<\/thead>\n\n\t\t\t\t<tbody>\n\t\t\t\t\t\t\t\t\t<tr class=\"wpr-table-body-row wpr-table-row elementor-repeater-item-92c9cae wpr-odd\">\n\t\t\t\t\t\t\t\t\t\t\t\t\t\n\t\t\t\t\t\t\t<td colspan=\"\" rowspan=\"\" class=\"elementor-repeater-item-7a03b75 wpr-table-td\">\n\n\t\t\t\t\t\t\t\t<div class=\"wpr-td-content-wrapper \">\n\n\t\t\t\t\t\t\t\t\t\t\t\t\t\t\t\t\t\t\t\t\t\t\t\t\t\t\t\t\t<span>\n\t\t\t\t\t\t\t\t\t \n\t\t\t\t\t\t\t\t\t\t\t<span class=\"wpr-table-text\">\n\t\t\t\t\t\t\t\t\t\t\t\tKurszeit:\t\t\t\t\t\t\t\t\t\t\t<\/span>\n\t\t\t\t\t\t\t\t\t\t\t\t\t\t\t\t\t\t\t\t<\/span>\n\t\t\t\t\t\t\t\t\t\t\t\t\t\t\t\t\t\t\t\t\t\t\t\t\t\t\t\t\n\t\t\t\t\t\t\t\t<\/div>\n\n\t\t\t\t\t\t\t<\/td>\n\t\t\t\t\t\t\t\t\t\t\t\t\t\t\t\n\t\t\t\t\t\t\t<td colspan=\"\" rowspan=\"\" class=\"elementor-repeater-item-76c8589 wpr-table-td\">\n\n\t\t\t\t\t\t\t\t<div class=\"wpr-td-content-wrapper \">\n\n\t\t\t\t\t\t\t\t\t\t\t\t\t\t\t\t\t\t\t\t\t\t\t\t\t\t\t\t\t<span>\n\t\t\t\t\t\t\t\t\t \n\t\t\t\t\t\t\t\t\t\t\t<span class=\"wpr-table-text\">\n\t\t\t\t\t\t\t\t\t\t\t\tDienstag: 19.00 \u2013 20.00 Uhr\t\t\t\t\t\t\t\t\t\t\t<\/span>\n\t\t\t\t\t\t\t\t\t\t\t\t\t\t\t\t\t\t\t\t<\/span>\n\t\t\t\t\t\t\t\t\t\t\t\t\t\t\t\t\t\t\t\t\t\t\t\t\t\t\t\t\n\t\t\t\t\t\t\t\t<\/div>\n\n\t\t\t\t\t\t\t<\/td>\n\t\t\t\t\t\t\t\t\t\t\t\t<\/tr>\n\t\t\t        \t\t\t\t\t<tr class=\"wpr-table-body-row wpr-table-row elementor-repeater-item-9f8690f wpr-even\">\n\t\t\t\t\t\t\t\t\t\t\t\t\t\n\t\t\t\t\t\t\t<td colspan=\"\" rowspan=\"\" class=\"elementor-repeater-item-ea13c72 wpr-table-td\">\n\n\t\t\t\t\t\t\t\t<div class=\"wpr-td-content-wrapper \">\n\n\t\t\t\t\t\t\t\t\t\t\t\t\t\t\t\t\t\t\t\t\t\t\t\t\t\t\t\t\t<span>\n\t\t\t\t\t\t\t\t\t \n\t\t\t\t\t\t\t\t\t\t\t<span class=\"wpr-table-text\">\n\t\t\t\t\t\t\t\t\t\t\t\tKursleiterin:\t\t\t\t\t\t\t\t\t\t\t<\/span>\n\t\t\t\t\t\t\t\t\t\t\t\t\t\t\t\t\t\t\t\t<\/span>\n\t\t\t\t\t\t\t\t\t\t\t\t\t\t\t\t\t\t\t\t\t\t\t\t\t\t\t\t\n\t\t\t\t\t\t\t\t<\/div>\n\n\t\t\t\t\t\t\t<\/td>\n\t\t\t\t\t\t\t\t\t\t\t\t\t\t\t\n\t\t\t\t\t\t\t<td colspan=\"\" rowspan=\"\" class=\"elementor-repeater-item-c6232fa wpr-table-td\">\n\n\t\t\t\t\t\t\t\t<div class=\"wpr-td-content-wrapper \">\n\n\t\t\t\t\t\t\t\t\t\t\t\t\t\t\t\t\t\t\t\t\t\t\t\t\t\t\t\n\t\t\t\t\t\t\t\t<\/div>\n\n\t\t\t\t\t\t\t<\/td>\n\t\t\t\t\t\t\t\t\t\t\t\t<\/tr>\n\t\t\t        \t\t\t\t\t<tr class=\"wpr-table-body-row wpr-table-row elementor-repeater-item-5631577 wpr-odd\">\n\t\t\t\t\t\t\t\t\t\t\t\t\t\n\t\t\t\t\t\t\t<td colspan=\"\" rowspan=\"\" class=\"elementor-repeater-item-b8f4b52 wpr-table-td\">\n\n\t\t\t\t\t\t\t\t<div class=\"wpr-td-content-wrapper \">\n\n\t\t\t\t\t\t\t\t\t\t\t\t\t\t\t\t\t\t\t\t\t\t\t\t\t\t\t\t\t<span>\n\t\t\t\t\t\t\t\t\t \n\t\t\t\t\t\t\t\t\t\t\t<span class=\"wpr-table-text\">\n\t\t\t\t\t\t\t\t\t\t\t\tKursgeb\u00fchr:\t\t\t\t\t\t\t\t\t\t\t<\/span>\n\t\t\t\t\t\t\t\t\t\t\t\t\t\t\t\t\t\t\t\t<\/span>\n\t\t\t\t\t\t\t\t\t\t\t\t\t\t\t\t\t\t\t\t\t\t\t\t\t\t\t\t\n\t\t\t\t\t\t\t\t<\/div>\n\n\t\t\t\t\t\t\t<\/td>\n\t\t\t\t\t\t\t\t\t\t\t\t\t\t\t\n\t\t\t\t\t\t\t<td colspan=\"\" rowspan=\"\" class=\"elementor-repeater-item-276c19e wpr-table-td\">\n\n\t\t\t\t\t\t\t\t<div class=\"wpr-td-content-wrapper \">\n\n\t\t\t\t\t\t\t\t\t\t\t\t\t\t\t\t\t\t\t\t\t\t\t\t\t\t\t\t\t<span>\n\t\t\t\t\t\t\t\t\t \n\t\t\t\t\t\t\t\t\t\t\t<span class=\"wpr-table-text\">\n\t\t\t\t\t\t\t\t\t\t\t\t120,00 \u20ac\t\t\t\t\t\t\t\t\t\t\t<\/span>\n\t\t\t\t\t\t\t\t\t\t\t\t\t\t\t\t\t\t\t\t<\/span>\n\t\t\t\t\t\t\t\t\t\t\t\t\t\t\t\t\t\t\t\t\t\t\t\t\t\t\t\t\n\t\t\t\t\t\t\t\t<\/div>\n\n\t\t\t\t\t\t\t<\/td>\n\t\t\t\t\t\t\t\t\t\t\t\t<\/tr>\n\t\t\t        \t\t\t\t<\/tbody>\n\t\t\t<\/table>\n\t\t<\/div>\n\t\t<\/div>\n    \t\t\t\t\t<\/div>\n\t\t\t\t<\/div>\n\t\t\t\t<div class=\"elementor-element elementor-element-150805b elementor-widget elementor-widget-text-editor\" data-id=\"150805b\" data-element_type=\"widget\" data-e-type=\"widget\" data-widget_type=\"text-editor.default\">\n\t\t\t\t<div class=\"elementor-widget-container\">\n\t\t\t\t\t\t\t\t\t<p class=\"tiny_p\">Dieser Kurs geht \u00fcber <strong>8 Einheiten<\/strong> und findet in der Gruppe als abgeschlossener Kurs statt.<\/p><p class=\"tiny_p\">Wir bitten f\u00fcr den Pr\u00e4ventionskurs um <strong>verbindliche Anmeldungen<\/strong>!<\/p><p class=\"tiny_p\">Weitere Informationen und Anmeldung unter Tel. <a href=\"tel:03312016746\">0331 2016746<\/a> oder via <a href=\"mailto:info@club-aktiv-potsdam.de\" target=\"_blank\" rel=\"noopener\">E-Mail<\/a>.<\/p>\t\t\t\t\t\t\t\t<\/div>\n\t\t\t\t<\/div>\n\t\t\t\t\t<\/div>\n\t\t\t\t<\/div>\n\t\t\t\t<\/div>\n\t\t","protected":false},"excerpt":{"rendered":"<p>Gesunder R\u00fccken Gesunder R\u00fccken ist ein Kursprogramm zur Vorbeugung von Funktionsst\u00f6rungen und Erkrankungen des Muskel-Skelett Systems, insbesondere der Wirbels\u00e4ule. Gezieltes Koordinationstraining im Zusammenspiel mit funktionellen Kr\u00e4tigungs- und Entspannungs\u00fcbungen sollen dazu beitragen, R\u00fcckenprobleme effektiv vorzubeugen. Unsere R\u00fcckenschulkurse sind als Pr\u00e4ventionskurs von den Krankenkassen anerkannt und somit ist eine R\u00fcckfinanzierung der Kursgeb\u00fchr in H\u00f6he von 80% m\u00f6glich. Unser n\u00e4chster Pr\u00e4ventionskurs \u201eGesunder R\u00fccken\u201c \u00fcber 8 Kurseinheiten in der Gruppe kann beginnen, wenn ausreichend Interessenten angemeldet sind! Kurszeit: Dienstag: 19.00 \u2013 20.00 Uhr Kursleiterin: Kursgeb\u00fchr: 120,00 \u20ac Dieser Kurs geht \u00fcber 8 Einheiten und findet in der Gruppe als abgeschlossener Kurs statt. Wir bitten f\u00fcr den Pr\u00e4ventionskurs um verbindliche Anmeldungen! Weitere Informationen und Anmeldung unter Tel. 0331 2016746 oder via E-Mail.<\/p>\n","protected":false},"author":1,"featured_media":899,"parent":57,"menu_order":650,"comment_status":"closed","ping_status":"closed","template":"elementor_header_footer","meta":{"footnotes":""},"class_list":["post-67","page","type-page","status-publish","has-post-thumbnail","hentry"],"yoast_head":"<!-- This site is optimized with the Yoast SEO plugin v27.5 - https:\/\/yoast.com\/product\/yoast-seo-wordpress\/ -->\n<title>Gesunder R\u00fccken - CLUB AKTIV im Werner-Alfred-Bad<\/title>\n<meta name=\"robots\" content=\"index, follow, max-snippet:-1, max-image-preview:large, max-video-preview:-1\" \/>\n<link rel=\"canonical\" href=\"https:\/\/www.bvfg-potsdam.de\/club-aktiv\/praevention\/gesunder-ruecken\/\" \/>\n<meta property=\"og:locale\" content=\"de_DE\" \/>\n<meta property=\"og:type\" content=\"article\" \/>\n<meta property=\"og:title\" content=\"Gesunder R\u00fccken - CLUB AKTIV im Werner-Alfred-Bad\" \/>\n<meta property=\"og:description\" content=\"Gesunder R\u00fccken Gesunder R\u00fccken ist ein Kursprogramm zur Vorbeugung von Funktionsst\u00f6rungen und Erkrankungen des Muskel-Skelett Systems, insbesondere der Wirbels\u00e4ule. Gezieltes Koordinationstraining im Zusammenspiel mit funktionellen Kr\u00e4tigungs- und Entspannungs\u00fcbungen sollen dazu beitragen, R\u00fcckenprobleme effektiv vorzubeugen. Unsere R\u00fcckenschulkurse sind als Pr\u00e4ventionskurs von den Krankenkassen anerkannt und somit ist eine R\u00fcckfinanzierung der Kursgeb\u00fchr in H\u00f6he von 80% m\u00f6glich. Unser n\u00e4chster Pr\u00e4ventionskurs \u201eGesunder R\u00fccken\u201c \u00fcber 8 Kurseinheiten in der Gruppe kann beginnen, wenn ausreichend Interessenten angemeldet sind! Kurszeit: Dienstag: 19.00 \u2013 20.00 Uhr Kursleiterin: Kursgeb\u00fchr: 120,00 \u20ac Dieser Kurs geht \u00fcber 8 Einheiten und findet in der Gruppe als abgeschlossener Kurs statt. Wir bitten f\u00fcr den Pr\u00e4ventionskurs um verbindliche Anmeldungen! Weitere Informationen und Anmeldung unter Tel. 0331 2016746 oder via E-Mail.\" \/>\n<meta property=\"og:url\" content=\"https:\/\/www.bvfg-potsdam.de\/club-aktiv\/praevention\/gesunder-ruecken\/\" \/>\n<meta property=\"og:site_name\" content=\"CLUB AKTIV im Werner-Alfred-Bad\" \/>\n<meta property=\"article:publisher\" content=\"https:\/\/www.facebook.com\/CLUB-AKTIV-Potsdam-107509880954919\" \/>\n<meta property=\"article:modified_time\" content=\"2025-12-04T15:54:09+00:00\" \/>\n<meta property=\"og:image\" content=\"https:\/\/www.bvfg-potsdam.de\/club-aktiv\/wp-content\/uploads\/thumbnail.jpg\" \/>\n\t<meta property=\"og:image:width\" content=\"800\" \/>\n\t<meta property=\"og:image:height\" content=\"570\" \/>\n\t<meta property=\"og:image:type\" content=\"image\/jpeg\" \/>\n<meta name=\"twitter:card\" content=\"summary_large_image\" \/>\n<meta name=\"twitter:label1\" content=\"Gesch\u00e4tzte Lesezeit\" \/>\n\t<meta name=\"twitter:data1\" content=\"1\u00a0Minute\" \/>\n<script type=\"application\/ld+json\" class=\"yoast-schema-graph\">{\"@context\":\"https:\\\/\\\/schema.org\",\"@graph\":[{\"@type\":\"WebPage\",\"@id\":\"https:\\\/\\\/www.bvfg-potsdam.de\\\/club-aktiv\\\/praevention\\\/gesunder-ruecken\\\/\",\"url\":\"https:\\\/\\\/www.bvfg-potsdam.de\\\/club-aktiv\\\/praevention\\\/gesunder-ruecken\\\/\",\"name\":\"Gesunder R\u00fccken - CLUB AKTIV im Werner-Alfred-Bad\",\"isPartOf\":{\"@id\":\"https:\\\/\\\/www.bvfg-potsdam.de\\\/club-aktiv\\\/#website\"},\"primaryImageOfPage\":{\"@id\":\"https:\\\/\\\/www.bvfg-potsdam.de\\\/club-aktiv\\\/praevention\\\/gesunder-ruecken\\\/#primaryimage\"},\"image\":{\"@id\":\"https:\\\/\\\/www.bvfg-potsdam.de\\\/club-aktiv\\\/praevention\\\/gesunder-ruecken\\\/#primaryimage\"},\"thumbnailUrl\":\"https:\\\/\\\/www.bvfg-potsdam.de\\\/club-aktiv\\\/wp-content\\\/uploads\\\/thumbnail.jpg\",\"datePublished\":\"2024-11-28T10:45:35+00:00\",\"dateModified\":\"2025-12-04T15:54:09+00:00\",\"breadcrumb\":{\"@id\":\"https:\\\/\\\/www.bvfg-potsdam.de\\\/club-aktiv\\\/praevention\\\/gesunder-ruecken\\\/#breadcrumb\"},\"inLanguage\":\"de\",\"potentialAction\":[{\"@type\":\"ReadAction\",\"target\":[\"https:\\\/\\\/www.bvfg-potsdam.de\\\/club-aktiv\\\/praevention\\\/gesunder-ruecken\\\/\"]}]},{\"@type\":\"ImageObject\",\"inLanguage\":\"de\",\"@id\":\"https:\\\/\\\/www.bvfg-potsdam.de\\\/club-aktiv\\\/praevention\\\/gesunder-ruecken\\\/#primaryimage\",\"url\":\"https:\\\/\\\/www.bvfg-potsdam.de\\\/club-aktiv\\\/wp-content\\\/uploads\\\/thumbnail.jpg\",\"contentUrl\":\"https:\\\/\\\/www.bvfg-potsdam.de\\\/club-aktiv\\\/wp-content\\\/uploads\\\/thumbnail.jpg\",\"width\":800,\"height\":570,\"caption\":\"Thumbnail\"},{\"@type\":\"BreadcrumbList\",\"@id\":\"https:\\\/\\\/www.bvfg-potsdam.de\\\/club-aktiv\\\/praevention\\\/gesunder-ruecken\\\/#breadcrumb\",\"itemListElement\":[{\"@type\":\"ListItem\",\"position\":1,\"name\":\"Home\",\"item\":\"https:\\\/\\\/www.bvfg-potsdam.de\\\/club-aktiv\\\/\"},{\"@type\":\"ListItem\",\"position\":2,\"name\":\"Pr\u00e4vention\",\"item\":\"https:\\\/\\\/www.bvfg-potsdam.de\\\/club-aktiv\\\/praevention\\\/\"},{\"@type\":\"ListItem\",\"position\":3,\"name\":\"Gesunder R\u00fccken\"}]},{\"@type\":\"WebSite\",\"@id\":\"https:\\\/\\\/www.bvfg-potsdam.de\\\/club-aktiv\\\/#website\",\"url\":\"https:\\\/\\\/www.bvfg-potsdam.de\\\/club-aktiv\\\/\",\"name\":\"CLUB AKTIV im Werner-Alfred-Bad\",\"description\":\"\",\"publisher\":{\"@id\":\"https:\\\/\\\/www.bvfg-potsdam.de\\\/club-aktiv\\\/#organization\"},\"potentialAction\":[{\"@type\":\"SearchAction\",\"target\":{\"@type\":\"EntryPoint\",\"urlTemplate\":\"https:\\\/\\\/www.bvfg-potsdam.de\\\/club-aktiv\\\/?s={search_term_string}\"},\"query-input\":{\"@type\":\"PropertyValueSpecification\",\"valueRequired\":true,\"valueName\":\"search_term_string\"}}],\"inLanguage\":\"de\"},{\"@type\":\"Organization\",\"@id\":\"https:\\\/\\\/www.bvfg-potsdam.de\\\/club-aktiv\\\/#organization\",\"name\":\"CLUB AKTIV im Werner-Alfred-Bad\",\"url\":\"https:\\\/\\\/www.bvfg-potsdam.de\\\/club-aktiv\\\/\",\"logo\":{\"@type\":\"ImageObject\",\"inLanguage\":\"de\",\"@id\":\"https:\\\/\\\/www.bvfg-potsdam.de\\\/club-aktiv\\\/#\\\/schema\\\/logo\\\/image\\\/\",\"url\":\"https:\\\/\\\/www.bvfg-potsdam.de\\\/club-aktiv\\\/wp-content\\\/uploads\\\/club-aktiv.png\",\"contentUrl\":\"https:\\\/\\\/www.bvfg-potsdam.de\\\/club-aktiv\\\/wp-content\\\/uploads\\\/club-aktiv.png\",\"width\":200,\"height\":111,\"caption\":\"CLUB AKTIV im Werner-Alfred-Bad\"},\"image\":{\"@id\":\"https:\\\/\\\/www.bvfg-potsdam.de\\\/club-aktiv\\\/#\\\/schema\\\/logo\\\/image\\\/\"},\"sameAs\":[\"https:\\\/\\\/www.facebook.com\\\/CLUB-AKTIV-Potsdam-107509880954919\",\"https:\\\/\\\/www.youtube.com\\\/channel\\\/UCXJwm1HYhrl5R2Wpzttdr6A\"]}]}<\/script>\n<!-- \/ Yoast SEO plugin. -->","yoast_head_json":{"title":"Gesunder R\u00fccken - CLUB AKTIV im Werner-Alfred-Bad","robots":{"index":"index","follow":"follow","max-snippet":"max-snippet:-1","max-image-preview":"max-image-preview:large","max-video-preview":"max-video-preview:-1"},"canonical":"https:\/\/www.bvfg-potsdam.de\/club-aktiv\/praevention\/gesunder-ruecken\/","og_locale":"de_DE","og_type":"article","og_title":"Gesunder R\u00fccken - CLUB AKTIV im Werner-Alfred-Bad","og_description":"Gesunder R\u00fccken Gesunder R\u00fccken ist ein Kursprogramm zur Vorbeugung von Funktionsst\u00f6rungen und Erkrankungen des Muskel-Skelett Systems, insbesondere der Wirbels\u00e4ule. Gezieltes Koordinationstraining im Zusammenspiel mit funktionellen Kr\u00e4tigungs- und Entspannungs\u00fcbungen sollen dazu beitragen, R\u00fcckenprobleme effektiv vorzubeugen. Unsere R\u00fcckenschulkurse sind als Pr\u00e4ventionskurs von den Krankenkassen anerkannt und somit ist eine R\u00fcckfinanzierung der Kursgeb\u00fchr in H\u00f6he von 80% m\u00f6glich. Unser n\u00e4chster Pr\u00e4ventionskurs \u201eGesunder R\u00fccken\u201c \u00fcber 8 Kurseinheiten in der Gruppe kann beginnen, wenn ausreichend Interessenten angemeldet sind! Kurszeit: Dienstag: 19.00 \u2013 20.00 Uhr Kursleiterin: Kursgeb\u00fchr: 120,00 \u20ac Dieser Kurs geht \u00fcber 8 Einheiten und findet in der Gruppe als abgeschlossener Kurs statt. Wir bitten f\u00fcr den Pr\u00e4ventionskurs um verbindliche Anmeldungen! Weitere Informationen und Anmeldung unter Tel. 0331 2016746 oder via E-Mail.","og_url":"https:\/\/www.bvfg-potsdam.de\/club-aktiv\/praevention\/gesunder-ruecken\/","og_site_name":"CLUB AKTIV im Werner-Alfred-Bad","article_publisher":"https:\/\/www.facebook.com\/CLUB-AKTIV-Potsdam-107509880954919","article_modified_time":"2025-12-04T15:54:09+00:00","og_image":[{"width":800,"height":570,"url":"https:\/\/www.bvfg-potsdam.de\/club-aktiv\/wp-content\/uploads\/thumbnail.jpg","type":"image\/jpeg"}],"twitter_card":"summary_large_image","twitter_misc":{"Gesch\u00e4tzte Lesezeit":"1\u00a0Minute"},"schema":{"@context":"https:\/\/schema.org","@graph":[{"@type":"WebPage","@id":"https:\/\/www.bvfg-potsdam.de\/club-aktiv\/praevention\/gesunder-ruecken\/","url":"https:\/\/www.bvfg-potsdam.de\/club-aktiv\/praevention\/gesunder-ruecken\/","name":"Gesunder R\u00fccken - CLUB AKTIV im Werner-Alfred-Bad","isPartOf":{"@id":"https:\/\/www.bvfg-potsdam.de\/club-aktiv\/#website"},"primaryImageOfPage":{"@id":"https:\/\/www.bvfg-potsdam.de\/club-aktiv\/praevention\/gesunder-ruecken\/#primaryimage"},"image":{"@id":"https:\/\/www.bvfg-potsdam.de\/club-aktiv\/praevention\/gesunder-ruecken\/#primaryimage"},"thumbnailUrl":"https:\/\/www.bvfg-potsdam.de\/club-aktiv\/wp-content\/uploads\/thumbnail.jpg","datePublished":"2024-11-28T10:45:35+00:00","dateModified":"2025-12-04T15:54:09+00:00","breadcrumb":{"@id":"https:\/\/www.bvfg-potsdam.de\/club-aktiv\/praevention\/gesunder-ruecken\/#breadcrumb"},"inLanguage":"de","potentialAction":[{"@type":"ReadAction","target":["https:\/\/www.bvfg-potsdam.de\/club-aktiv\/praevention\/gesunder-ruecken\/"]}]},{"@type":"ImageObject","inLanguage":"de","@id":"https:\/\/www.bvfg-potsdam.de\/club-aktiv\/praevention\/gesunder-ruecken\/#primaryimage","url":"https:\/\/www.bvfg-potsdam.de\/club-aktiv\/wp-content\/uploads\/thumbnail.jpg","contentUrl":"https:\/\/www.bvfg-potsdam.de\/club-aktiv\/wp-content\/uploads\/thumbnail.jpg","width":800,"height":570,"caption":"Thumbnail"},{"@type":"BreadcrumbList","@id":"https:\/\/www.bvfg-potsdam.de\/club-aktiv\/praevention\/gesunder-ruecken\/#breadcrumb","itemListElement":[{"@type":"ListItem","position":1,"name":"Home","item":"https:\/\/www.bvfg-potsdam.de\/club-aktiv\/"},{"@type":"ListItem","position":2,"name":"Pr\u00e4vention","item":"https:\/\/www.bvfg-potsdam.de\/club-aktiv\/praevention\/"},{"@type":"ListItem","position":3,"name":"Gesunder R\u00fccken"}]},{"@type":"WebSite","@id":"https:\/\/www.bvfg-potsdam.de\/club-aktiv\/#website","url":"https:\/\/www.bvfg-potsdam.de\/club-aktiv\/","name":"CLUB AKTIV im Werner-Alfred-Bad","description":"","publisher":{"@id":"https:\/\/www.bvfg-potsdam.de\/club-aktiv\/#organization"},"potentialAction":[{"@type":"SearchAction","target":{"@type":"EntryPoint","urlTemplate":"https:\/\/www.bvfg-potsdam.de\/club-aktiv\/?s={search_term_string}"},"query-input":{"@type":"PropertyValueSpecification","valueRequired":true,"valueName":"search_term_string"}}],"inLanguage":"de"},{"@type":"Organization","@id":"https:\/\/www.bvfg-potsdam.de\/club-aktiv\/#organization","name":"CLUB AKTIV im Werner-Alfred-Bad","url":"https:\/\/www.bvfg-potsdam.de\/club-aktiv\/","logo":{"@type":"ImageObject","inLanguage":"de","@id":"https:\/\/www.bvfg-potsdam.de\/club-aktiv\/#\/schema\/logo\/image\/","url":"https:\/\/www.bvfg-potsdam.de\/club-aktiv\/wp-content\/uploads\/club-aktiv.png","contentUrl":"https:\/\/www.bvfg-potsdam.de\/club-aktiv\/wp-content\/uploads\/club-aktiv.png","width":200,"height":111,"caption":"CLUB AKTIV im Werner-Alfred-Bad"},"image":{"@id":"https:\/\/www.bvfg-potsdam.de\/club-aktiv\/#\/schema\/logo\/image\/"},"sameAs":["https:\/\/www.facebook.com\/CLUB-AKTIV-Potsdam-107509880954919","https:\/\/www.youtube.com\/channel\/UCXJwm1HYhrl5R2Wpzttdr6A"]}]}},"_links":{"self":[{"href":"https:\/\/www.bvfg-potsdam.de\/club-aktiv\/wp-json\/wp\/v2\/pages\/67","targetHints":{"allow":["GET"]}}],"collection":[{"href":"https:\/\/www.bvfg-potsdam.de\/club-aktiv\/wp-json\/wp\/v2\/pages"}],"about":[{"href":"https:\/\/www.bvfg-potsdam.de\/club-aktiv\/wp-json\/wp\/v2\/types\/page"}],"author":[{"embeddable":true,"href":"https:\/\/www.bvfg-potsdam.de\/club-aktiv\/wp-json\/wp\/v2\/users\/1"}],"replies":[{"embeddable":true,"href":"https:\/\/www.bvfg-potsdam.de\/club-aktiv\/wp-json\/wp\/v2\/comments?post=67"}],"version-history":[{"count":6,"href":"https:\/\/www.bvfg-potsdam.de\/club-aktiv\/wp-json\/wp\/v2\/pages\/67\/revisions"}],"predecessor-version":[{"id":1162,"href":"https:\/\/www.bvfg-potsdam.de\/club-aktiv\/wp-json\/wp\/v2\/pages\/67\/revisions\/1162"}],"up":[{"embeddable":true,"href":"https:\/\/www.bvfg-potsdam.de\/club-aktiv\/wp-json\/wp\/v2\/pages\/57"}],"wp:featuredmedia":[{"embeddable":true,"href":"https:\/\/www.bvfg-potsdam.de\/club-aktiv\/wp-json\/wp\/v2\/media\/899"}],"wp:attachment":[{"href":"https:\/\/www.bvfg-potsdam.de\/club-aktiv\/wp-json\/wp\/v2\/media?parent=67"}],"curies":[{"name":"wp","href":"https:\/\/api.w.org\/{rel}","templated":true}]}}