{"id":882,"date":"2025-09-25T17:49:02","date_gmt":"2025-09-25T15:49:02","guid":{"rendered":"https:\/\/www.bvfg-potsdam.de\/akademie\/?page_id=882"},"modified":"2025-09-25T17:49:55","modified_gmt":"2025-09-25T15:49:55","slug":"allgemeine-geschaeftsbedingungen","status":"publish","type":"page","link":"https:\/\/www.bvfg-potsdam.de\/akademie\/allgemeine-geschaeftsbedingungen\/","title":{"rendered":"Allgemeine Gesch\u00e4ftsbedingungen"},"content":{"rendered":"\t\t<div data-elementor-type=\"wp-page\" data-elementor-id=\"882\" class=\"elementor elementor-882\">\n\t\t\t\t<div class=\"elementor-element elementor-element-6ac7df6c e-flex e-con-boxed wpr-particle-no wpr-jarallax-no wpr-parallax-no wpr-sticky-section-no wpr-equal-height-no e-con e-parent\" data-id=\"6ac7df6c\" data-element_type=\"container\" data-e-type=\"container\">\n\t\t\t\t\t<div class=\"e-con-inner\">\n\t\t\t\t<div class=\"elementor-element elementor-element-1b9d267 elementor-widget elementor-widget-text-editor\" data-id=\"1b9d267\" data-element_type=\"widget\" data-e-type=\"widget\" data-widget_type=\"text-editor.default\">\n\t\t\t\t<div class=\"elementor-widget-container\">\n\t\t\t\t\t\t\t\t\t<p><strong>Modalit\u00e4ten zu unseren Fort- u. Weiterbildungen<\/strong><\/p><p><strong>\u00a7 01 Anmeldung<\/strong><\/p><p>Die Anmeldung muss schriftlich \u2013 ggf. auf dem Postweg oder per Fax \u2013 oder auf elektronischem Wege unter Verwendung des vom Brandenburgischen Vereins f\u00fcr Gesundheitsf\u00f6rderung e.V. (BVFG e.V.) jeweils vorgesehenen Anmeldeformulars erfolgen.<\/p><p>Bei der Anmeldung von Zertifizierungskursen ist sp\u00e4testens bei Kursbeginn eine Kopie der staatlichen Anerkennung bzw. des Abschlusszeugnisses vorzulegen.<\/p><p><strong>\u00a7 02 Eigenverantwortung<\/strong><\/p><p>Bei allen Fortbildungen ist Selbstverantwortlichkeit und normale psychische und physische Verfassung vorausgesetzt. Die Teilnahme an allen Kursen erfolgt unter Ausschluss jeglicher Haftung f\u00fcr Personen- und Sachsch\u00e4den.<\/p><p><strong>\u00a7 03 Stornierung durch den Kunden<\/strong><\/p><p>Eine Stornierung der Anmeldung ist bis 30 Tage vor Kursbeginn kostenfrei. Danach werden folgende Kosten in Rechnung gestellt: 10% der Kursgeb\u00fchr f\u00fcr bereits erfolgte organisatorische Leistungen. Die restlichen 90% der Kursgeb\u00fchr werden dem Teilnehmer zur Verrechnung zuk\u00fcnftiger Kurse gutgeschrieben.<\/p><p><strong>\u00a7 04 Stornierung durch den Anbieter<\/strong><\/p><p>Der BVFG e. V. beh\u00e4lt sich vor, einen Kurs aufgrund Erkrankung oder Unfall des Kursleiters, zu geringer Teilnehmerzahl oder sonstiger, von uns nicht beeinflussbarer Ereignisse, abzusagen. In diesem Falle werden wir alle Teilnehmer schnellstm\u00f6glich informieren. Bereits \u00fcberwiesene Geb\u00fchren werden in voller H\u00f6he r\u00fcckerstattet. Weitere Anspr\u00fcche bestehen nicht.<\/p><p><strong>\u00a7 05 Medien<\/strong><\/p><p>Im Rahmen der Fortbildung entstandene Bild- und Tonaufnahmen, der sich fortzubildenden Personen, d\u00fcrfen auf der Homepage www.bvfg-potsdam.de und f\u00fcr Werbezwecke f\u00fcr Flyer und in sozialen Netzwerken, wie Facebook und Twitter, zeitlich und r\u00e4umlich unbegrenzt genutzt werden.<\/p><p><strong>\u00a7 06 Datenschutz<\/strong><\/p><p>Die von Ihnen erworbenen personenbezogenen Daten werden vom BVFG e.V. gespeichert und ausschlie\u00dflich nach den geltenden gesetzlichen Bestimmungen genutzt bzw. verarbeitet. Unsere Mitarbeiter sind zu Datenschutz, Verschwiegenheit und Geheimhaltung verpflichtet.<\/p>\t\t\t\t\t\t\t\t<\/div>\n\t\t\t\t<\/div>\n\t\t\t\t\t<\/div>\n\t\t\t\t<\/div>\n\t\t\t\t<\/div>\n\t\t","protected":false},"excerpt":{"rendered":"<p>Modalit\u00e4ten zu unseren Fort- u. Weiterbildungen \u00a7 01 Anmeldung Die Anmeldung muss schriftlich \u2013 ggf. auf dem Postweg oder per Fax \u2013 oder auf elektronischem Wege unter Verwendung des vom Brandenburgischen Vereins f\u00fcr Gesundheitsf\u00f6rderung e.V. (BVFG e.V.) jeweils vorgesehenen Anmeldeformulars erfolgen. Bei der Anmeldung von Zertifizierungskursen ist sp\u00e4testens bei Kursbeginn eine Kopie der staatlichen Anerkennung bzw. des Abschlusszeugnisses vorzulegen. \u00a7 02 Eigenverantwortung Bei allen Fortbildungen ist Selbstverantwortlichkeit und normale psychische und physische Verfassung vorausgesetzt. Die Teilnahme an allen Kursen erfolgt unter Ausschluss jeglicher Haftung f\u00fcr Personen- und Sachsch\u00e4den. \u00a7 03 Stornierung durch den Kunden Eine Stornierung der Anmeldung ist bis 30 Tage vor Kursbeginn kostenfrei. Danach werden folgende Kosten in Rechnung gestellt: 10% der Kursgeb\u00fchr f\u00fcr bereits erfolgte organisatorische Leistungen. Die restlichen 90% der Kursgeb\u00fchr werden dem Teilnehmer zur Verrechnung zuk\u00fcnftiger Kurse gutgeschrieben. \u00a7 04 Stornierung durch den Anbieter Der BVFG e. V. beh\u00e4lt sich vor, einen Kurs aufgrund Erkrankung oder Unfall des Kursleiters, zu geringer Teilnehmerzahl oder sonstiger, von uns nicht beeinflussbarer Ereignisse, abzusagen. In diesem Falle werden wir alle Teilnehmer schnellstm\u00f6glich informieren. Bereits \u00fcberwiesene Geb\u00fchren werden in voller H\u00f6he r\u00fcckerstattet. Weitere Anspr\u00fcche bestehen nicht. \u00a7 05 Medien Im Rahmen der Fortbildung entstandene Bild- und Tonaufnahmen, der sich fortzubildenden Personen, d\u00fcrfen auf der Homepage www.bvfg-potsdam.de und f\u00fcr Werbezwecke f\u00fcr Flyer und in sozialen Netzwerken, wie Facebook und Twitter, zeitlich und r\u00e4umlich unbegrenzt genutzt werden. \u00a7 06 Datenschutz Die von Ihnen erworbenen personenbezogenen Daten werden vom BVFG e.V. gespeichert und ausschlie\u00dflich nach den geltenden gesetzlichen Bestimmungen genutzt bzw. verarbeitet. Unsere Mitarbeiter sind zu Datenschutz, Verschwiegenheit und Geheimhaltung verpflichtet.<\/p>\n","protected":false},"author":1,"featured_media":166,"parent":0,"menu_order":9999,"comment_status":"closed","ping_status":"closed","template":"elementor_header_footer","meta":{"footnotes":""},"class_list":["post-882","page","type-page","status-publish","has-post-thumbnail","hentry"],"yoast_head":"<!-- This site is optimized with the Yoast SEO plugin v27.4 - https:\/\/yoast.com\/product\/yoast-seo-wordpress\/ -->\n<title>Allgemeine Gesch\u00e4ftsbedingungen - Akademie f\u00fcr Gesundheit und Sporttherapie<\/title>\n<meta name=\"robots\" content=\"index, follow, max-snippet:-1, max-image-preview:large, max-video-preview:-1\" \/>\n<link rel=\"canonical\" href=\"https:\/\/www.bvfg-potsdam.de\/akademie\/allgemeine-geschaeftsbedingungen\/\" \/>\n<meta property=\"og:locale\" content=\"de_DE\" \/>\n<meta property=\"og:type\" content=\"article\" \/>\n<meta property=\"og:title\" content=\"Allgemeine Gesch\u00e4ftsbedingungen - Akademie f\u00fcr Gesundheit und Sporttherapie\" \/>\n<meta property=\"og:description\" content=\"Modalit\u00e4ten zu unseren Fort- u. Weiterbildungen \u00a7 01 Anmeldung Die Anmeldung muss schriftlich \u2013 ggf. auf dem Postweg oder per Fax \u2013 oder auf elektronischem Wege unter Verwendung des vom Brandenburgischen Vereins f\u00fcr Gesundheitsf\u00f6rderung e.V. (BVFG e.V.) jeweils vorgesehenen Anmeldeformulars erfolgen. Bei der Anmeldung von Zertifizierungskursen ist sp\u00e4testens bei Kursbeginn eine Kopie der staatlichen Anerkennung bzw. des Abschlusszeugnisses vorzulegen. \u00a7 02 Eigenverantwortung Bei allen Fortbildungen ist Selbstverantwortlichkeit und normale psychische und physische Verfassung vorausgesetzt. Die Teilnahme an allen Kursen erfolgt unter Ausschluss jeglicher Haftung f\u00fcr Personen- und Sachsch\u00e4den. \u00a7 03 Stornierung durch den Kunden Eine Stornierung der Anmeldung ist bis 30 Tage vor Kursbeginn kostenfrei. Danach werden folgende Kosten in Rechnung gestellt: 10% der Kursgeb\u00fchr f\u00fcr bereits erfolgte organisatorische Leistungen. Die restlichen 90% der Kursgeb\u00fchr werden dem Teilnehmer zur Verrechnung zuk\u00fcnftiger Kurse gutgeschrieben. \u00a7 04 Stornierung durch den Anbieter Der BVFG e. V. beh\u00e4lt sich vor, einen Kurs aufgrund Erkrankung oder Unfall des Kursleiters, zu geringer Teilnehmerzahl oder sonstiger, von uns nicht beeinflussbarer Ereignisse, abzusagen. In diesem Falle werden wir alle Teilnehmer schnellstm\u00f6glich informieren. Bereits \u00fcberwiesene Geb\u00fchren werden in voller H\u00f6he r\u00fcckerstattet. Weitere Anspr\u00fcche bestehen nicht. \u00a7 05 Medien Im Rahmen der Fortbildung entstandene Bild- und Tonaufnahmen, der sich fortzubildenden Personen, d\u00fcrfen auf der Homepage www.bvfg-potsdam.de und f\u00fcr Werbezwecke f\u00fcr Flyer und in sozialen Netzwerken, wie Facebook und Twitter, zeitlich und r\u00e4umlich unbegrenzt genutzt werden. \u00a7 06 Datenschutz Die von Ihnen erworbenen personenbezogenen Daten werden vom BVFG e.V. gespeichert und ausschlie\u00dflich nach den geltenden gesetzlichen Bestimmungen genutzt bzw. verarbeitet. Unsere Mitarbeiter sind zu Datenschutz, Verschwiegenheit und Geheimhaltung verpflichtet.\" \/>\n<meta property=\"og:url\" content=\"https:\/\/www.bvfg-potsdam.de\/akademie\/allgemeine-geschaeftsbedingungen\/\" \/>\n<meta property=\"og:site_name\" content=\"Akademie f\u00fcr Gesundheit und Sporttherapie\" \/>\n<meta property=\"article:modified_time\" content=\"2025-09-25T15:49:55+00:00\" \/>\n<meta property=\"og:image\" content=\"https:\/\/www.bvfg-potsdam.de\/akademie\/wp-content\/uploads\/2024\/12\/akademie-fallback.jpg\" \/>\n\t<meta property=\"og:image:width\" content=\"800\" \/>\n\t<meta property=\"og:image:height\" content=\"500\" \/>\n\t<meta property=\"og:image:type\" content=\"image\/jpeg\" \/>\n<meta name=\"twitter:card\" content=\"summary_large_image\" \/>\n<meta name=\"twitter:label1\" content=\"Gesch\u00e4tzte Lesezeit\" \/>\n\t<meta name=\"twitter:data1\" content=\"2\u00a0Minuten\" \/>\n<script type=\"application\/ld+json\" class=\"yoast-schema-graph\">{\"@context\":\"https:\\\/\\\/schema.org\",\"@graph\":[{\"@type\":\"WebPage\",\"@id\":\"https:\\\/\\\/www.bvfg-potsdam.de\\\/akademie\\\/allgemeine-geschaeftsbedingungen\\\/\",\"url\":\"https:\\\/\\\/www.bvfg-potsdam.de\\\/akademie\\\/allgemeine-geschaeftsbedingungen\\\/\",\"name\":\"Allgemeine Gesch\u00e4ftsbedingungen - Akademie f\u00fcr Gesundheit und Sporttherapie\",\"isPartOf\":{\"@id\":\"https:\\\/\\\/www.bvfg-potsdam.de\\\/akademie\\\/#website\"},\"primaryImageOfPage\":{\"@id\":\"https:\\\/\\\/www.bvfg-potsdam.de\\\/akademie\\\/allgemeine-geschaeftsbedingungen\\\/#primaryimage\"},\"image\":{\"@id\":\"https:\\\/\\\/www.bvfg-potsdam.de\\\/akademie\\\/allgemeine-geschaeftsbedingungen\\\/#primaryimage\"},\"thumbnailUrl\":\"https:\\\/\\\/www.bvfg-potsdam.de\\\/akademie\\\/wp-content\\\/uploads\\\/2024\\\/12\\\/akademie-fallback.jpg\",\"datePublished\":\"2025-09-25T15:49:02+00:00\",\"dateModified\":\"2025-09-25T15:49:55+00:00\",\"breadcrumb\":{\"@id\":\"https:\\\/\\\/www.bvfg-potsdam.de\\\/akademie\\\/allgemeine-geschaeftsbedingungen\\\/#breadcrumb\"},\"inLanguage\":\"de\",\"potentialAction\":[{\"@type\":\"ReadAction\",\"target\":[\"https:\\\/\\\/www.bvfg-potsdam.de\\\/akademie\\\/allgemeine-geschaeftsbedingungen\\\/\"]}]},{\"@type\":\"ImageObject\",\"inLanguage\":\"de\",\"@id\":\"https:\\\/\\\/www.bvfg-potsdam.de\\\/akademie\\\/allgemeine-geschaeftsbedingungen\\\/#primaryimage\",\"url\":\"https:\\\/\\\/www.bvfg-potsdam.de\\\/akademie\\\/wp-content\\\/uploads\\\/2024\\\/12\\\/akademie-fallback.jpg\",\"contentUrl\":\"https:\\\/\\\/www.bvfg-potsdam.de\\\/akademie\\\/wp-content\\\/uploads\\\/2024\\\/12\\\/akademie-fallback.jpg\",\"width\":800,\"height\":500,\"caption\":\"Akademie Fallback\"},{\"@type\":\"BreadcrumbList\",\"@id\":\"https:\\\/\\\/www.bvfg-potsdam.de\\\/akademie\\\/allgemeine-geschaeftsbedingungen\\\/#breadcrumb\",\"itemListElement\":[{\"@type\":\"ListItem\",\"position\":1,\"name\":\"Startseite\",\"item\":\"https:\\\/\\\/www.bvfg-potsdam.de\\\/akademie\\\/\"},{\"@type\":\"ListItem\",\"position\":2,\"name\":\"Allgemeine Gesch\u00e4ftsbedingungen\"}]},{\"@type\":\"WebSite\",\"@id\":\"https:\\\/\\\/www.bvfg-potsdam.de\\\/akademie\\\/#website\",\"url\":\"https:\\\/\\\/www.bvfg-potsdam.de\\\/akademie\\\/\",\"name\":\"Akademie f\u00fcr Gesundheit und Sporttherapie\",\"description\":\"\",\"publisher\":{\"@id\":\"https:\\\/\\\/www.bvfg-potsdam.de\\\/akademie\\\/#organization\"},\"potentialAction\":[{\"@type\":\"SearchAction\",\"target\":{\"@type\":\"EntryPoint\",\"urlTemplate\":\"https:\\\/\\\/www.bvfg-potsdam.de\\\/akademie\\\/?s={search_term_string}\"},\"query-input\":{\"@type\":\"PropertyValueSpecification\",\"valueRequired\":true,\"valueName\":\"search_term_string\"}}],\"inLanguage\":\"de\"},{\"@type\":\"Organization\",\"@id\":\"https:\\\/\\\/www.bvfg-potsdam.de\\\/akademie\\\/#organization\",\"name\":\"Akademie f\u00fcr Gesundheit und Sporttherapie\",\"alternateName\":\"Brandenburgischer Verein f\u00fcr Gesundheitsf\u00f6rderung e. V.\",\"url\":\"https:\\\/\\\/www.bvfg-potsdam.de\\\/akademie\\\/\",\"logo\":{\"@type\":\"ImageObject\",\"inLanguage\":\"de\",\"@id\":\"https:\\\/\\\/www.bvfg-potsdam.de\\\/akademie\\\/#\\\/schema\\\/logo\\\/image\\\/\",\"url\":\"https:\\\/\\\/www.bvfg-potsdam.de\\\/akademie\\\/wp-content\\\/uploads\\\/2024\\\/12\\\/akademie-gesundheit-sporttherapie-logo.png\",\"contentUrl\":\"https:\\\/\\\/www.bvfg-potsdam.de\\\/akademie\\\/wp-content\\\/uploads\\\/2024\\\/12\\\/akademie-gesundheit-sporttherapie-logo.png\",\"width\":800,\"height\":347,\"caption\":\"Akademie f\u00fcr Gesundheit und Sporttherapie\"},\"image\":{\"@id\":\"https:\\\/\\\/www.bvfg-potsdam.de\\\/akademie\\\/#\\\/schema\\\/logo\\\/image\\\/\"}}]}<\/script>\n<!-- \/ Yoast SEO plugin. -->","yoast_head_json":{"title":"Allgemeine Gesch\u00e4ftsbedingungen - Akademie f\u00fcr Gesundheit und Sporttherapie","robots":{"index":"index","follow":"follow","max-snippet":"max-snippet:-1","max-image-preview":"max-image-preview:large","max-video-preview":"max-video-preview:-1"},"canonical":"https:\/\/www.bvfg-potsdam.de\/akademie\/allgemeine-geschaeftsbedingungen\/","og_locale":"de_DE","og_type":"article","og_title":"Allgemeine Gesch\u00e4ftsbedingungen - Akademie f\u00fcr Gesundheit und Sporttherapie","og_description":"Modalit\u00e4ten zu unseren Fort- u. Weiterbildungen \u00a7 01 Anmeldung Die Anmeldung muss schriftlich \u2013 ggf. auf dem Postweg oder per Fax \u2013 oder auf elektronischem Wege unter Verwendung des vom Brandenburgischen Vereins f\u00fcr Gesundheitsf\u00f6rderung e.V. (BVFG e.V.) jeweils vorgesehenen Anmeldeformulars erfolgen. Bei der Anmeldung von Zertifizierungskursen ist sp\u00e4testens bei Kursbeginn eine Kopie der staatlichen Anerkennung bzw. des Abschlusszeugnisses vorzulegen. \u00a7 02 Eigenverantwortung Bei allen Fortbildungen ist Selbstverantwortlichkeit und normale psychische und physische Verfassung vorausgesetzt. Die Teilnahme an allen Kursen erfolgt unter Ausschluss jeglicher Haftung f\u00fcr Personen- und Sachsch\u00e4den. \u00a7 03 Stornierung durch den Kunden Eine Stornierung der Anmeldung ist bis 30 Tage vor Kursbeginn kostenfrei. Danach werden folgende Kosten in Rechnung gestellt: 10% der Kursgeb\u00fchr f\u00fcr bereits erfolgte organisatorische Leistungen. Die restlichen 90% der Kursgeb\u00fchr werden dem Teilnehmer zur Verrechnung zuk\u00fcnftiger Kurse gutgeschrieben. \u00a7 04 Stornierung durch den Anbieter Der BVFG e. V. beh\u00e4lt sich vor, einen Kurs aufgrund Erkrankung oder Unfall des Kursleiters, zu geringer Teilnehmerzahl oder sonstiger, von uns nicht beeinflussbarer Ereignisse, abzusagen. In diesem Falle werden wir alle Teilnehmer schnellstm\u00f6glich informieren. Bereits \u00fcberwiesene Geb\u00fchren werden in voller H\u00f6he r\u00fcckerstattet. Weitere Anspr\u00fcche bestehen nicht. \u00a7 05 Medien Im Rahmen der Fortbildung entstandene Bild- und Tonaufnahmen, der sich fortzubildenden Personen, d\u00fcrfen auf der Homepage www.bvfg-potsdam.de und f\u00fcr Werbezwecke f\u00fcr Flyer und in sozialen Netzwerken, wie Facebook und Twitter, zeitlich und r\u00e4umlich unbegrenzt genutzt werden. \u00a7 06 Datenschutz Die von Ihnen erworbenen personenbezogenen Daten werden vom BVFG e.V. gespeichert und ausschlie\u00dflich nach den geltenden gesetzlichen Bestimmungen genutzt bzw. verarbeitet. Unsere Mitarbeiter sind zu Datenschutz, Verschwiegenheit und Geheimhaltung verpflichtet.","og_url":"https:\/\/www.bvfg-potsdam.de\/akademie\/allgemeine-geschaeftsbedingungen\/","og_site_name":"Akademie f\u00fcr Gesundheit und Sporttherapie","article_modified_time":"2025-09-25T15:49:55+00:00","og_image":[{"width":800,"height":500,"url":"https:\/\/www.bvfg-potsdam.de\/akademie\/wp-content\/uploads\/2024\/12\/akademie-fallback.jpg","type":"image\/jpeg"}],"twitter_card":"summary_large_image","twitter_misc":{"Gesch\u00e4tzte Lesezeit":"2\u00a0Minuten"},"schema":{"@context":"https:\/\/schema.org","@graph":[{"@type":"WebPage","@id":"https:\/\/www.bvfg-potsdam.de\/akademie\/allgemeine-geschaeftsbedingungen\/","url":"https:\/\/www.bvfg-potsdam.de\/akademie\/allgemeine-geschaeftsbedingungen\/","name":"Allgemeine Gesch\u00e4ftsbedingungen - Akademie f\u00fcr Gesundheit und Sporttherapie","isPartOf":{"@id":"https:\/\/www.bvfg-potsdam.de\/akademie\/#website"},"primaryImageOfPage":{"@id":"https:\/\/www.bvfg-potsdam.de\/akademie\/allgemeine-geschaeftsbedingungen\/#primaryimage"},"image":{"@id":"https:\/\/www.bvfg-potsdam.de\/akademie\/allgemeine-geschaeftsbedingungen\/#primaryimage"},"thumbnailUrl":"https:\/\/www.bvfg-potsdam.de\/akademie\/wp-content\/uploads\/2024\/12\/akademie-fallback.jpg","datePublished":"2025-09-25T15:49:02+00:00","dateModified":"2025-09-25T15:49:55+00:00","breadcrumb":{"@id":"https:\/\/www.bvfg-potsdam.de\/akademie\/allgemeine-geschaeftsbedingungen\/#breadcrumb"},"inLanguage":"de","potentialAction":[{"@type":"ReadAction","target":["https:\/\/www.bvfg-potsdam.de\/akademie\/allgemeine-geschaeftsbedingungen\/"]}]},{"@type":"ImageObject","inLanguage":"de","@id":"https:\/\/www.bvfg-potsdam.de\/akademie\/allgemeine-geschaeftsbedingungen\/#primaryimage","url":"https:\/\/www.bvfg-potsdam.de\/akademie\/wp-content\/uploads\/2024\/12\/akademie-fallback.jpg","contentUrl":"https:\/\/www.bvfg-potsdam.de\/akademie\/wp-content\/uploads\/2024\/12\/akademie-fallback.jpg","width":800,"height":500,"caption":"Akademie Fallback"},{"@type":"BreadcrumbList","@id":"https:\/\/www.bvfg-potsdam.de\/akademie\/allgemeine-geschaeftsbedingungen\/#breadcrumb","itemListElement":[{"@type":"ListItem","position":1,"name":"Startseite","item":"https:\/\/www.bvfg-potsdam.de\/akademie\/"},{"@type":"ListItem","position":2,"name":"Allgemeine Gesch\u00e4ftsbedingungen"}]},{"@type":"WebSite","@id":"https:\/\/www.bvfg-potsdam.de\/akademie\/#website","url":"https:\/\/www.bvfg-potsdam.de\/akademie\/","name":"Akademie f\u00fcr Gesundheit und Sporttherapie","description":"","publisher":{"@id":"https:\/\/www.bvfg-potsdam.de\/akademie\/#organization"},"potentialAction":[{"@type":"SearchAction","target":{"@type":"EntryPoint","urlTemplate":"https:\/\/www.bvfg-potsdam.de\/akademie\/?s={search_term_string}"},"query-input":{"@type":"PropertyValueSpecification","valueRequired":true,"valueName":"search_term_string"}}],"inLanguage":"de"},{"@type":"Organization","@id":"https:\/\/www.bvfg-potsdam.de\/akademie\/#organization","name":"Akademie f\u00fcr Gesundheit und Sporttherapie","alternateName":"Brandenburgischer Verein f\u00fcr Gesundheitsf\u00f6rderung e. V.","url":"https:\/\/www.bvfg-potsdam.de\/akademie\/","logo":{"@type":"ImageObject","inLanguage":"de","@id":"https:\/\/www.bvfg-potsdam.de\/akademie\/#\/schema\/logo\/image\/","url":"https:\/\/www.bvfg-potsdam.de\/akademie\/wp-content\/uploads\/2024\/12\/akademie-gesundheit-sporttherapie-logo.png","contentUrl":"https:\/\/www.bvfg-potsdam.de\/akademie\/wp-content\/uploads\/2024\/12\/akademie-gesundheit-sporttherapie-logo.png","width":800,"height":347,"caption":"Akademie f\u00fcr Gesundheit und Sporttherapie"},"image":{"@id":"https:\/\/www.bvfg-potsdam.de\/akademie\/#\/schema\/logo\/image\/"}}]}},"_links":{"self":[{"href":"https:\/\/www.bvfg-potsdam.de\/akademie\/wp-json\/wp\/v2\/pages\/882","targetHints":{"allow":["GET"]}}],"collection":[{"href":"https:\/\/www.bvfg-potsdam.de\/akademie\/wp-json\/wp\/v2\/pages"}],"about":[{"href":"https:\/\/www.bvfg-potsdam.de\/akademie\/wp-json\/wp\/v2\/types\/page"}],"author":[{"embeddable":true,"href":"https:\/\/www.bvfg-potsdam.de\/akademie\/wp-json\/wp\/v2\/users\/1"}],"replies":[{"embeddable":true,"href":"https:\/\/www.bvfg-potsdam.de\/akademie\/wp-json\/wp\/v2\/comments?post=882"}],"version-history":[{"count":4,"href":"https:\/\/www.bvfg-potsdam.de\/akademie\/wp-json\/wp\/v2\/pages\/882\/revisions"}],"predecessor-version":[{"id":886,"href":"https:\/\/www.bvfg-potsdam.de\/akademie\/wp-json\/wp\/v2\/pages\/882\/revisions\/886"}],"wp:featuredmedia":[{"embeddable":true,"href":"https:\/\/www.bvfg-potsdam.de\/akademie\/wp-json\/wp\/v2\/media\/166"}],"wp:attachment":[{"href":"https:\/\/www.bvfg-potsdam.de\/akademie\/wp-json\/wp\/v2\/media?parent=882"}],"curies":[{"name":"wp","href":"https:\/\/api.w.org\/{rel}","templated":true}]}}