{"id":39,"date":"2024-12-10T16:50:50","date_gmt":"2024-12-10T15:50:50","guid":{"rendered":"https:\/\/kunden.potsdamwebdesign.de\/bvfg\/akademie\/?page_id=39"},"modified":"2025-05-09T11:22:42","modified_gmt":"2025-05-09T09:22:42","slug":"uebernachtung","status":"publish","type":"page","link":"https:\/\/www.bvfg-potsdam.de\/akademie\/kontakt\/uebernachtung\/","title":{"rendered":"\u00dcbernachtung"},"content":{"rendered":"\t\t<div data-elementor-type=\"wp-page\" data-elementor-id=\"39\" class=\"elementor elementor-39\">\n\t\t\t\t<div class=\"elementor-element elementor-element-1dd60e57 e-flex e-con-boxed wpr-jarallax-no wpr-sticky-section-no wpr-equal-height-no e-con e-parent\" data-id=\"1dd60e57\" data-element_type=\"container\" data-e-type=\"container\" data-settings=\"{&quot;background_background&quot;:&quot;gradient&quot;}\">\n\t\t\t\t\t<div class=\"e-con-inner\">\n\t\t\t\t<div class=\"elementor-element elementor-element-529198b elementor-widget elementor-widget-heading\" data-id=\"529198b\" data-element_type=\"widget\" data-e-type=\"widget\" data-widget_type=\"heading.default\">\n\t\t\t\t<div class=\"elementor-widget-container\">\n\t\t\t\t\t<h2 class=\"elementor-heading-title elementor-size-default\">\u00dcbernachtungsm\u00f6glichkeiten<\/h2>\t\t\t\t<\/div>\n\t\t\t\t<\/div>\n\t\t\t\t\t<\/div>\n\t\t\t\t<\/div>\n\t\t<div class=\"elementor-element elementor-element-7354d22 e-flex e-con-boxed wpr-particle-no wpr-jarallax-no wpr-parallax-no wpr-sticky-section-no wpr-equal-height-no e-con e-parent\" data-id=\"7354d22\" data-element_type=\"container\" data-e-type=\"container\">\n\t\t\t\t\t<div class=\"e-con-inner\">\n\t\t\t\t<div class=\"elementor-element elementor-element-58056f1 elementor-widget elementor-widget-heading\" data-id=\"58056f1\" data-element_type=\"widget\" data-e-type=\"widget\" data-widget_type=\"heading.default\">\n\t\t\t\t<div class=\"elementor-widget-container\">\n\t\t\t\t\t<h3 class=\"elementor-heading-title elementor-size-default\">Eine Reise nach Potsdam lohnt sich immer!<\/h3>\t\t\t\t<\/div>\n\t\t\t\t<\/div>\n\t\t\t\t<div class=\"elementor-element elementor-element-0b95717 elementor-widget elementor-widget-text-editor\" data-id=\"0b95717\" data-element_type=\"widget\" data-e-type=\"widget\" data-widget_type=\"text-editor.default\">\n\t\t\t\t<div class=\"elementor-widget-container\">\n\t\t\t\t\t\t\t\t\t<p class=\"bodytext\">Das Werner-Alfred-Bad liegt im Stadtzentrum Potsdams. Mit der exklusiven Lage nur 500 m bis zum Schlo\u00dfpark Sanssouci-Eingang und ebenso gleich nebenan die Potsdamer Bummelmeile zu haben, stehen den Teilnehmern zahlreiche \u00dcbernachtungsm\u00f6glichkeiten in unmittelbarer N\u00e4he zur Verf\u00fcgung:<\/p><ul><li>Remise Blumberg\/Pension direkt am Schlo\u00dfpark Sanssouci, Weinbergstr. 26, ca. 500 m entfernt<\/li><li><a href=\"https:\/\/www.hotel-luisenplatz.de\/\" target=\"_blank\" rel=\"noopener\">Hotel \u201eAm Luisenplatz\u201c<\/a>\u00a0Luisenplatz 5, ca. 500 m entfernt<\/li><li><a href=\"https:\/\/www.hotel-am-jaegertor.de\/\" target=\"_blank\" rel=\"noopener\">Hotel \u201eAm J\u00e4gertor\u201c<\/a>, Hegelallee 11, ca. 500 m entfernt<\/li><li><a href=\"https:\/\/potsdam-pension.de\/\" target=\"_blank\" rel=\"noopener\">Altstadt-Pension\/G\u00e4stehaus Urban<\/a>, Charlottenstr. 97 \/ Gutenbergstr. 13, ca. 0,5-1 km entfernt<\/li><li><a href=\"https:\/\/www.pension-havelbucht.de\/\" target=\"_blank\" rel=\"noopener\">Pension Havelbucht<\/a>, Schopenhauerstr. 39, ca. 1 km entfernt<\/li><li><a href=\"https:\/\/www.pension-sanssouci.de\/\" target=\"_blank\" rel=\"noopener\">Pension Sanssouci<\/a>, Zeppelinstra\u00dfe 164 a; ca. 2 km entfernt<\/li><li><a href=\"https:\/\/hrewards.com\/de\/maxx-hotel-sanssouci-potsdam\">MAXX Hotel Sanssouci Potsdam<\/a>, Allee nach Sanssouci, ca. 1 km entfernt<\/li><li><a href=\"https:\/\/hotel-potsdam.dorint.com\/\" target=\"_blank\" rel=\"noopener\">Hotel \u201eDorint\u201c<\/a>\u00a0J\u00e4gerallee 20, ca. 2 km entfernt<\/li><\/ul><div class=\"notranslate\" style=\"all: initial;\">\u00a0<\/div>\t\t\t\t\t\t\t\t<\/div>\n\t\t\t\t<\/div>\n\t\t\t\t\t<\/div>\n\t\t\t\t<\/div>\n\t\t<div class=\"elementor-element elementor-element-fe61a99 e-con-full e-flex wpr-particle-no wpr-jarallax-no wpr-parallax-no wpr-sticky-section-no wpr-equal-height-no e-con e-parent\" data-id=\"fe61a99\" data-element_type=\"container\" data-e-type=\"container\">\n\t\t\t\t<div class=\"elementor-element elementor-element-d8abe5e gallery-spacing-custom elementor-widget elementor-widget-image-gallery\" data-id=\"d8abe5e\" data-element_type=\"widget\" data-e-type=\"widget\" data-widget_type=\"image-gallery.default\">\n\t\t\t\t<div class=\"elementor-widget-container\">\n\t\t\t\t\t\t\t<div class=\"elementor-image-gallery\">\n\t\t\t<div id='gallery-1' class='gallery galleryid-39 gallery-columns-4 gallery-size-large'><figure class='gallery-item'>\n\t\t\t<div class='gallery-icon landscape'>\n\t\t\t\t<a data-elementor-open-lightbox=\"yes\" data-elementor-lightbox-slideshow=\"d8abe5e\" data-e-action-hash=\"#elementor-action%3Aaction%3Dlightbox%26settings%3DeyJpZCI6MzYzLCJ1cmwiOiJodHRwczpcL1wvd3d3LmJ2ZmctcG90c2RhbS5kZVwvYWthZGVtaWVcL3dwLWNvbnRlbnRcL3VwbG9hZHNcLzIwMjRcLzEyXC9wb3RzZGFtXzEuanBnIiwic2xpZGVzaG93IjoiZDhhYmU1ZSJ9\" href='https:\/\/www.bvfg-potsdam.de\/akademie\/wp-content\/uploads\/2024\/12\/potsdam_1.jpg'><img fetchpriority=\"high\" decoding=\"async\" width=\"800\" height=\"520\" src=\"https:\/\/www.bvfg-potsdam.de\/akademie\/wp-content\/uploads\/2024\/12\/potsdam_1.jpg\" class=\"attachment-large size-large\" alt=\"Potsdam 1\" srcset=\"https:\/\/www.bvfg-potsdam.de\/akademie\/wp-content\/uploads\/2024\/12\/potsdam_1.jpg 900w, https:\/\/www.bvfg-potsdam.de\/akademie\/wp-content\/uploads\/2024\/12\/potsdam_1-300x195.jpg 300w, https:\/\/www.bvfg-potsdam.de\/akademie\/wp-content\/uploads\/2024\/12\/potsdam_1-768x499.jpg 768w\" sizes=\"(max-width: 800px) 100vw, 800px\" \/><\/a>\n\t\t\t<\/div><\/figure><figure class='gallery-item'>\n\t\t\t<div class='gallery-icon landscape'>\n\t\t\t\t<a data-elementor-open-lightbox=\"yes\" data-elementor-lightbox-slideshow=\"d8abe5e\" data-e-action-hash=\"#elementor-action%3Aaction%3Dlightbox%26settings%3DeyJpZCI6MzY0LCJ1cmwiOiJodHRwczpcL1wvd3d3LmJ2ZmctcG90c2RhbS5kZVwvYWthZGVtaWVcL3dwLWNvbnRlbnRcL3VwbG9hZHNcLzIwMjRcLzEyXC9wb3RzZGFtXzIuanBnIiwic2xpZGVzaG93IjoiZDhhYmU1ZSJ9\" href='https:\/\/www.bvfg-potsdam.de\/akademie\/wp-content\/uploads\/2024\/12\/potsdam_2.jpg'><img decoding=\"async\" width=\"800\" height=\"520\" src=\"https:\/\/www.bvfg-potsdam.de\/akademie\/wp-content\/uploads\/2024\/12\/potsdam_2.jpg\" class=\"attachment-large size-large\" alt=\"Potsdam 2\" srcset=\"https:\/\/www.bvfg-potsdam.de\/akademie\/wp-content\/uploads\/2024\/12\/potsdam_2.jpg 900w, https:\/\/www.bvfg-potsdam.de\/akademie\/wp-content\/uploads\/2024\/12\/potsdam_2-300x195.jpg 300w, https:\/\/www.bvfg-potsdam.de\/akademie\/wp-content\/uploads\/2024\/12\/potsdam_2-768x499.jpg 768w\" sizes=\"(max-width: 800px) 100vw, 800px\" \/><\/a>\n\t\t\t<\/div><\/figure><figure class='gallery-item'>\n\t\t\t<div class='gallery-icon landscape'>\n\t\t\t\t<a data-elementor-open-lightbox=\"yes\" data-elementor-lightbox-slideshow=\"d8abe5e\" data-e-action-hash=\"#elementor-action%3Aaction%3Dlightbox%26settings%3DeyJpZCI6MzY1LCJ1cmwiOiJodHRwczpcL1wvd3d3LmJ2ZmctcG90c2RhbS5kZVwvYWthZGVtaWVcL3dwLWNvbnRlbnRcL3VwbG9hZHNcLzIwMjRcLzEyXC9wb3RzZGFtXzMuanBnIiwic2xpZGVzaG93IjoiZDhhYmU1ZSJ9\" href='https:\/\/www.bvfg-potsdam.de\/akademie\/wp-content\/uploads\/2024\/12\/potsdam_3.jpg'><img decoding=\"async\" width=\"800\" height=\"520\" src=\"https:\/\/www.bvfg-potsdam.de\/akademie\/wp-content\/uploads\/2024\/12\/potsdam_3.jpg\" class=\"attachment-large size-large\" alt=\"Potsdam 3\" srcset=\"https:\/\/www.bvfg-potsdam.de\/akademie\/wp-content\/uploads\/2024\/12\/potsdam_3.jpg 900w, https:\/\/www.bvfg-potsdam.de\/akademie\/wp-content\/uploads\/2024\/12\/potsdam_3-300x195.jpg 300w, https:\/\/www.bvfg-potsdam.de\/akademie\/wp-content\/uploads\/2024\/12\/potsdam_3-768x499.jpg 768w\" sizes=\"(max-width: 800px) 100vw, 800px\" \/><\/a>\n\t\t\t<\/div><\/figure><figure class='gallery-item'>\n\t\t\t<div class='gallery-icon landscape'>\n\t\t\t\t<a data-elementor-open-lightbox=\"yes\" data-elementor-lightbox-slideshow=\"d8abe5e\" data-e-action-hash=\"#elementor-action%3Aaction%3Dlightbox%26settings%3DeyJpZCI6MzY2LCJ1cmwiOiJodHRwczpcL1wvd3d3LmJ2ZmctcG90c2RhbS5kZVwvYWthZGVtaWVcL3dwLWNvbnRlbnRcL3VwbG9hZHNcLzIwMjRcLzEyXC9wb3RzZGFtXzQuanBnIiwic2xpZGVzaG93IjoiZDhhYmU1ZSJ9\" href='https:\/\/www.bvfg-potsdam.de\/akademie\/wp-content\/uploads\/2024\/12\/potsdam_4.jpg'><img loading=\"lazy\" decoding=\"async\" width=\"800\" height=\"520\" src=\"https:\/\/www.bvfg-potsdam.de\/akademie\/wp-content\/uploads\/2024\/12\/potsdam_4.jpg\" class=\"attachment-large size-large\" alt=\"Potsdam 4\" srcset=\"https:\/\/www.bvfg-potsdam.de\/akademie\/wp-content\/uploads\/2024\/12\/potsdam_4.jpg 900w, https:\/\/www.bvfg-potsdam.de\/akademie\/wp-content\/uploads\/2024\/12\/potsdam_4-300x195.jpg 300w, https:\/\/www.bvfg-potsdam.de\/akademie\/wp-content\/uploads\/2024\/12\/potsdam_4-768x499.jpg 768w\" sizes=\"(max-width: 800px) 100vw, 800px\" \/><\/a>\n\t\t\t<\/div><\/figure>\n\t\t<\/div>\n\t\t<\/div>\n\t\t\t\t\t\t<\/div>\n\t\t\t\t<\/div>\n\t\t\t\t<\/div>\n\t\t\t\t<\/div>\n\t\t","protected":false},"excerpt":{"rendered":"<p>\u00dcbernachtungsm\u00f6glichkeiten Eine Reise nach Potsdam lohnt sich immer! Das Werner-Alfred-Bad liegt im Stadtzentrum Potsdams. Mit der exklusiven Lage nur 500 m bis zum Schlo\u00dfpark Sanssouci-Eingang und ebenso gleich nebenan die Potsdamer Bummelmeile zu haben, stehen den Teilnehmern zahlreiche \u00dcbernachtungsm\u00f6glichkeiten in unmittelbarer N\u00e4he zur Verf\u00fcgung: Remise Blumberg\/Pension direkt am Schlo\u00dfpark Sanssouci, Weinbergstr. 26, ca. 500 m entfernt Hotel \u201eAm Luisenplatz\u201c\u00a0Luisenplatz 5, ca. 500 m entfernt Hotel \u201eAm J\u00e4gertor\u201c, Hegelallee 11, ca. 500 m entfernt Altstadt-Pension\/G\u00e4stehaus Urban, Charlottenstr. 97 \/ Gutenbergstr. 13, ca. 0,5-1 km entfernt Pension Havelbucht, Schopenhauerstr. 39, ca. 1 km entfernt Pension Sanssouci, Zeppelinstra\u00dfe 164 a; ca. 2 km entfernt MAXX Hotel Sanssouci Potsdam, Allee nach Sanssouci, ca. 1 km entfernt Hotel \u201eDorint\u201c\u00a0J\u00e4gerallee 20, ca. 2 km entfernt \u00a0<\/p>\n","protected":false},"author":1,"featured_media":166,"parent":14,"menu_order":520,"comment_status":"closed","ping_status":"closed","template":"elementor_header_footer","meta":{"footnotes":""},"class_list":["post-39","page","type-page","status-publish","has-post-thumbnail","hentry"],"yoast_head":"<!-- This site is optimized with the Yoast SEO plugin v27.4 - https:\/\/yoast.com\/product\/yoast-seo-wordpress\/ -->\n<title>\u00dcbernachtung - Akademie f\u00fcr Gesundheit und Sporttherapie<\/title>\n<meta name=\"robots\" content=\"index, follow, max-snippet:-1, max-image-preview:large, max-video-preview:-1\" \/>\n<link rel=\"canonical\" href=\"https:\/\/www.bvfg-potsdam.de\/akademie\/kontakt\/uebernachtung\/\" \/>\n<meta property=\"og:locale\" content=\"de_DE\" \/>\n<meta property=\"og:type\" content=\"article\" \/>\n<meta property=\"og:title\" content=\"\u00dcbernachtung - Akademie f\u00fcr Gesundheit und Sporttherapie\" \/>\n<meta property=\"og:description\" content=\"\u00dcbernachtungsm\u00f6glichkeiten Eine Reise nach Potsdam lohnt sich immer! Das Werner-Alfred-Bad liegt im Stadtzentrum Potsdams. Mit der exklusiven Lage nur 500 m bis zum Schlo\u00dfpark Sanssouci-Eingang und ebenso gleich nebenan die Potsdamer Bummelmeile zu haben, stehen den Teilnehmern zahlreiche \u00dcbernachtungsm\u00f6glichkeiten in unmittelbarer N\u00e4he zur Verf\u00fcgung: Remise Blumberg\/Pension direkt am Schlo\u00dfpark Sanssouci, Weinbergstr. 26, ca. 500 m entfernt Hotel \u201eAm Luisenplatz\u201c\u00a0Luisenplatz 5, ca. 500 m entfernt Hotel \u201eAm J\u00e4gertor\u201c, Hegelallee 11, ca. 500 m entfernt Altstadt-Pension\/G\u00e4stehaus Urban, Charlottenstr. 97 \/ Gutenbergstr. 13, ca. 0,5-1 km entfernt Pension Havelbucht, Schopenhauerstr. 39, ca. 1 km entfernt Pension Sanssouci, Zeppelinstra\u00dfe 164 a; ca. 2 km entfernt MAXX Hotel Sanssouci Potsdam, Allee nach Sanssouci, ca. 1 km entfernt Hotel \u201eDorint\u201c\u00a0J\u00e4gerallee 20, ca. 2 km entfernt \u00a0\" \/>\n<meta property=\"og:url\" content=\"https:\/\/www.bvfg-potsdam.de\/akademie\/kontakt\/uebernachtung\/\" \/>\n<meta property=\"og:site_name\" content=\"Akademie f\u00fcr Gesundheit und Sporttherapie\" \/>\n<meta property=\"article:modified_time\" content=\"2025-05-09T09:22:42+00:00\" \/>\n<meta property=\"og:image\" content=\"https:\/\/www.bvfg-potsdam.de\/akademie\/wp-content\/uploads\/2024\/12\/akademie-fallback.jpg\" \/>\n\t<meta property=\"og:image:width\" content=\"800\" \/>\n\t<meta property=\"og:image:height\" content=\"500\" \/>\n\t<meta property=\"og:image:type\" content=\"image\/jpeg\" \/>\n<meta name=\"twitter:card\" content=\"summary_large_image\" \/>\n<meta name=\"twitter:label1\" content=\"Gesch\u00e4tzte Lesezeit\" \/>\n\t<meta name=\"twitter:data1\" content=\"2\u00a0Minuten\" \/>\n<script type=\"application\/ld+json\" class=\"yoast-schema-graph\">{\"@context\":\"https:\\\/\\\/schema.org\",\"@graph\":[{\"@type\":\"WebPage\",\"@id\":\"https:\\\/\\\/www.bvfg-potsdam.de\\\/akademie\\\/kontakt\\\/uebernachtung\\\/\",\"url\":\"https:\\\/\\\/www.bvfg-potsdam.de\\\/akademie\\\/kontakt\\\/uebernachtung\\\/\",\"name\":\"\u00dcbernachtung - Akademie f\u00fcr Gesundheit und Sporttherapie\",\"isPartOf\":{\"@id\":\"https:\\\/\\\/www.bvfg-potsdam.de\\\/akademie\\\/#website\"},\"primaryImageOfPage\":{\"@id\":\"https:\\\/\\\/www.bvfg-potsdam.de\\\/akademie\\\/kontakt\\\/uebernachtung\\\/#primaryimage\"},\"image\":{\"@id\":\"https:\\\/\\\/www.bvfg-potsdam.de\\\/akademie\\\/kontakt\\\/uebernachtung\\\/#primaryimage\"},\"thumbnailUrl\":\"https:\\\/\\\/www.bvfg-potsdam.de\\\/akademie\\\/wp-content\\\/uploads\\\/2024\\\/12\\\/akademie-fallback.jpg\",\"datePublished\":\"2024-12-10T15:50:50+00:00\",\"dateModified\":\"2025-05-09T09:22:42+00:00\",\"breadcrumb\":{\"@id\":\"https:\\\/\\\/www.bvfg-potsdam.de\\\/akademie\\\/kontakt\\\/uebernachtung\\\/#breadcrumb\"},\"inLanguage\":\"de\",\"potentialAction\":[{\"@type\":\"ReadAction\",\"target\":[\"https:\\\/\\\/www.bvfg-potsdam.de\\\/akademie\\\/kontakt\\\/uebernachtung\\\/\"]}]},{\"@type\":\"ImageObject\",\"inLanguage\":\"de\",\"@id\":\"https:\\\/\\\/www.bvfg-potsdam.de\\\/akademie\\\/kontakt\\\/uebernachtung\\\/#primaryimage\",\"url\":\"https:\\\/\\\/www.bvfg-potsdam.de\\\/akademie\\\/wp-content\\\/uploads\\\/2024\\\/12\\\/akademie-fallback.jpg\",\"contentUrl\":\"https:\\\/\\\/www.bvfg-potsdam.de\\\/akademie\\\/wp-content\\\/uploads\\\/2024\\\/12\\\/akademie-fallback.jpg\",\"width\":800,\"height\":500,\"caption\":\"Akademie Fallback\"},{\"@type\":\"BreadcrumbList\",\"@id\":\"https:\\\/\\\/www.bvfg-potsdam.de\\\/akademie\\\/kontakt\\\/uebernachtung\\\/#breadcrumb\",\"itemListElement\":[{\"@type\":\"ListItem\",\"position\":1,\"name\":\"Startseite\",\"item\":\"https:\\\/\\\/www.bvfg-potsdam.de\\\/akademie\\\/\"},{\"@type\":\"ListItem\",\"position\":2,\"name\":\"Kontakt\",\"item\":\"https:\\\/\\\/www.bvfg-potsdam.de\\\/akademie\\\/kontakt\\\/\"},{\"@type\":\"ListItem\",\"position\":3,\"name\":\"\u00dcbernachtung\"}]},{\"@type\":\"WebSite\",\"@id\":\"https:\\\/\\\/www.bvfg-potsdam.de\\\/akademie\\\/#website\",\"url\":\"https:\\\/\\\/www.bvfg-potsdam.de\\\/akademie\\\/\",\"name\":\"Akademie f\u00fcr Gesundheit und Sporttherapie\",\"description\":\"\",\"publisher\":{\"@id\":\"https:\\\/\\\/www.bvfg-potsdam.de\\\/akademie\\\/#organization\"},\"potentialAction\":[{\"@type\":\"SearchAction\",\"target\":{\"@type\":\"EntryPoint\",\"urlTemplate\":\"https:\\\/\\\/www.bvfg-potsdam.de\\\/akademie\\\/?s={search_term_string}\"},\"query-input\":{\"@type\":\"PropertyValueSpecification\",\"valueRequired\":true,\"valueName\":\"search_term_string\"}}],\"inLanguage\":\"de\"},{\"@type\":\"Organization\",\"@id\":\"https:\\\/\\\/www.bvfg-potsdam.de\\\/akademie\\\/#organization\",\"name\":\"Akademie f\u00fcr Gesundheit und Sporttherapie\",\"alternateName\":\"Brandenburgischer Verein f\u00fcr Gesundheitsf\u00f6rderung e. V.\",\"url\":\"https:\\\/\\\/www.bvfg-potsdam.de\\\/akademie\\\/\",\"logo\":{\"@type\":\"ImageObject\",\"inLanguage\":\"de\",\"@id\":\"https:\\\/\\\/www.bvfg-potsdam.de\\\/akademie\\\/#\\\/schema\\\/logo\\\/image\\\/\",\"url\":\"https:\\\/\\\/www.bvfg-potsdam.de\\\/akademie\\\/wp-content\\\/uploads\\\/2024\\\/12\\\/akademie-gesundheit-sporttherapie-logo.png\",\"contentUrl\":\"https:\\\/\\\/www.bvfg-potsdam.de\\\/akademie\\\/wp-content\\\/uploads\\\/2024\\\/12\\\/akademie-gesundheit-sporttherapie-logo.png\",\"width\":800,\"height\":347,\"caption\":\"Akademie f\u00fcr Gesundheit und Sporttherapie\"},\"image\":{\"@id\":\"https:\\\/\\\/www.bvfg-potsdam.de\\\/akademie\\\/#\\\/schema\\\/logo\\\/image\\\/\"}}]}<\/script>\n<!-- \/ Yoast SEO plugin. -->","yoast_head_json":{"title":"\u00dcbernachtung - Akademie f\u00fcr Gesundheit und Sporttherapie","robots":{"index":"index","follow":"follow","max-snippet":"max-snippet:-1","max-image-preview":"max-image-preview:large","max-video-preview":"max-video-preview:-1"},"canonical":"https:\/\/www.bvfg-potsdam.de\/akademie\/kontakt\/uebernachtung\/","og_locale":"de_DE","og_type":"article","og_title":"\u00dcbernachtung - Akademie f\u00fcr Gesundheit und Sporttherapie","og_description":"\u00dcbernachtungsm\u00f6glichkeiten Eine Reise nach Potsdam lohnt sich immer! Das Werner-Alfred-Bad liegt im Stadtzentrum Potsdams. Mit der exklusiven Lage nur 500 m bis zum Schlo\u00dfpark Sanssouci-Eingang und ebenso gleich nebenan die Potsdamer Bummelmeile zu haben, stehen den Teilnehmern zahlreiche \u00dcbernachtungsm\u00f6glichkeiten in unmittelbarer N\u00e4he zur Verf\u00fcgung: Remise Blumberg\/Pension direkt am Schlo\u00dfpark Sanssouci, Weinbergstr. 26, ca. 500 m entfernt Hotel \u201eAm Luisenplatz\u201c\u00a0Luisenplatz 5, ca. 500 m entfernt Hotel \u201eAm J\u00e4gertor\u201c, Hegelallee 11, ca. 500 m entfernt Altstadt-Pension\/G\u00e4stehaus Urban, Charlottenstr. 97 \/ Gutenbergstr. 13, ca. 0,5-1 km entfernt Pension Havelbucht, Schopenhauerstr. 39, ca. 1 km entfernt Pension Sanssouci, Zeppelinstra\u00dfe 164 a; ca. 2 km entfernt MAXX Hotel Sanssouci Potsdam, Allee nach Sanssouci, ca. 1 km entfernt Hotel \u201eDorint\u201c\u00a0J\u00e4gerallee 20, ca. 2 km entfernt \u00a0","og_url":"https:\/\/www.bvfg-potsdam.de\/akademie\/kontakt\/uebernachtung\/","og_site_name":"Akademie f\u00fcr Gesundheit und Sporttherapie","article_modified_time":"2025-05-09T09:22:42+00:00","og_image":[{"width":800,"height":500,"url":"https:\/\/www.bvfg-potsdam.de\/akademie\/wp-content\/uploads\/2024\/12\/akademie-fallback.jpg","type":"image\/jpeg"}],"twitter_card":"summary_large_image","twitter_misc":{"Gesch\u00e4tzte Lesezeit":"2\u00a0Minuten"},"schema":{"@context":"https:\/\/schema.org","@graph":[{"@type":"WebPage","@id":"https:\/\/www.bvfg-potsdam.de\/akademie\/kontakt\/uebernachtung\/","url":"https:\/\/www.bvfg-potsdam.de\/akademie\/kontakt\/uebernachtung\/","name":"\u00dcbernachtung - Akademie f\u00fcr Gesundheit und Sporttherapie","isPartOf":{"@id":"https:\/\/www.bvfg-potsdam.de\/akademie\/#website"},"primaryImageOfPage":{"@id":"https:\/\/www.bvfg-potsdam.de\/akademie\/kontakt\/uebernachtung\/#primaryimage"},"image":{"@id":"https:\/\/www.bvfg-potsdam.de\/akademie\/kontakt\/uebernachtung\/#primaryimage"},"thumbnailUrl":"https:\/\/www.bvfg-potsdam.de\/akademie\/wp-content\/uploads\/2024\/12\/akademie-fallback.jpg","datePublished":"2024-12-10T15:50:50+00:00","dateModified":"2025-05-09T09:22:42+00:00","breadcrumb":{"@id":"https:\/\/www.bvfg-potsdam.de\/akademie\/kontakt\/uebernachtung\/#breadcrumb"},"inLanguage":"de","potentialAction":[{"@type":"ReadAction","target":["https:\/\/www.bvfg-potsdam.de\/akademie\/kontakt\/uebernachtung\/"]}]},{"@type":"ImageObject","inLanguage":"de","@id":"https:\/\/www.bvfg-potsdam.de\/akademie\/kontakt\/uebernachtung\/#primaryimage","url":"https:\/\/www.bvfg-potsdam.de\/akademie\/wp-content\/uploads\/2024\/12\/akademie-fallback.jpg","contentUrl":"https:\/\/www.bvfg-potsdam.de\/akademie\/wp-content\/uploads\/2024\/12\/akademie-fallback.jpg","width":800,"height":500,"caption":"Akademie Fallback"},{"@type":"BreadcrumbList","@id":"https:\/\/www.bvfg-potsdam.de\/akademie\/kontakt\/uebernachtung\/#breadcrumb","itemListElement":[{"@type":"ListItem","position":1,"name":"Startseite","item":"https:\/\/www.bvfg-potsdam.de\/akademie\/"},{"@type":"ListItem","position":2,"name":"Kontakt","item":"https:\/\/www.bvfg-potsdam.de\/akademie\/kontakt\/"},{"@type":"ListItem","position":3,"name":"\u00dcbernachtung"}]},{"@type":"WebSite","@id":"https:\/\/www.bvfg-potsdam.de\/akademie\/#website","url":"https:\/\/www.bvfg-potsdam.de\/akademie\/","name":"Akademie f\u00fcr Gesundheit und Sporttherapie","description":"","publisher":{"@id":"https:\/\/www.bvfg-potsdam.de\/akademie\/#organization"},"potentialAction":[{"@type":"SearchAction","target":{"@type":"EntryPoint","urlTemplate":"https:\/\/www.bvfg-potsdam.de\/akademie\/?s={search_term_string}"},"query-input":{"@type":"PropertyValueSpecification","valueRequired":true,"valueName":"search_term_string"}}],"inLanguage":"de"},{"@type":"Organization","@id":"https:\/\/www.bvfg-potsdam.de\/akademie\/#organization","name":"Akademie f\u00fcr Gesundheit und Sporttherapie","alternateName":"Brandenburgischer Verein f\u00fcr Gesundheitsf\u00f6rderung e. V.","url":"https:\/\/www.bvfg-potsdam.de\/akademie\/","logo":{"@type":"ImageObject","inLanguage":"de","@id":"https:\/\/www.bvfg-potsdam.de\/akademie\/#\/schema\/logo\/image\/","url":"https:\/\/www.bvfg-potsdam.de\/akademie\/wp-content\/uploads\/2024\/12\/akademie-gesundheit-sporttherapie-logo.png","contentUrl":"https:\/\/www.bvfg-potsdam.de\/akademie\/wp-content\/uploads\/2024\/12\/akademie-gesundheit-sporttherapie-logo.png","width":800,"height":347,"caption":"Akademie f\u00fcr Gesundheit und Sporttherapie"},"image":{"@id":"https:\/\/www.bvfg-potsdam.de\/akademie\/#\/schema\/logo\/image\/"}}]}},"_links":{"self":[{"href":"https:\/\/www.bvfg-potsdam.de\/akademie\/wp-json\/wp\/v2\/pages\/39","targetHints":{"allow":["GET"]}}],"collection":[{"href":"https:\/\/www.bvfg-potsdam.de\/akademie\/wp-json\/wp\/v2\/pages"}],"about":[{"href":"https:\/\/www.bvfg-potsdam.de\/akademie\/wp-json\/wp\/v2\/types\/page"}],"author":[{"embeddable":true,"href":"https:\/\/www.bvfg-potsdam.de\/akademie\/wp-json\/wp\/v2\/users\/1"}],"replies":[{"embeddable":true,"href":"https:\/\/www.bvfg-potsdam.de\/akademie\/wp-json\/wp\/v2\/comments?post=39"}],"version-history":[{"count":3,"href":"https:\/\/www.bvfg-potsdam.de\/akademie\/wp-json\/wp\/v2\/pages\/39\/revisions"}],"predecessor-version":[{"id":588,"href":"https:\/\/www.bvfg-potsdam.de\/akademie\/wp-json\/wp\/v2\/pages\/39\/revisions\/588"}],"up":[{"embeddable":true,"href":"https:\/\/www.bvfg-potsdam.de\/akademie\/wp-json\/wp\/v2\/pages\/14"}],"wp:featuredmedia":[{"embeddable":true,"href":"https:\/\/www.bvfg-potsdam.de\/akademie\/wp-json\/wp\/v2\/media\/166"}],"wp:attachment":[{"href":"https:\/\/www.bvfg-potsdam.de\/akademie\/wp-json\/wp\/v2\/media?parent=39"}],"curies":[{"name":"wp","href":"https:\/\/api.w.org\/{rel}","templated":true}]}}