{"id":37,"date":"2024-12-10T16:50:39","date_gmt":"2024-12-10T15:50:39","guid":{"rendered":"https:\/\/kunden.potsdamwebdesign.de\/bvfg\/akademie\/?page_id=37"},"modified":"2025-05-09T11:22:11","modified_gmt":"2025-05-09T09:22:11","slug":"veranstaltungsort","status":"publish","type":"page","link":"https:\/\/www.bvfg-potsdam.de\/akademie\/kontakt\/veranstaltungsort\/","title":{"rendered":"Veranstaltungsort"},"content":{"rendered":"\t\t<div data-elementor-type=\"wp-page\" data-elementor-id=\"37\" class=\"elementor elementor-37\">\n\t\t\t\t<div class=\"elementor-element elementor-element-5416ca84 e-flex e-con-boxed wpr-jarallax-no wpr-sticky-section-no wpr-equal-height-no e-con e-parent\" data-id=\"5416ca84\" data-element_type=\"container\" data-e-type=\"container\" data-settings=\"{&quot;background_background&quot;:&quot;gradient&quot;}\">\n\t\t\t\t\t<div class=\"e-con-inner\">\n\t\t\t\t<div class=\"elementor-element elementor-element-27e02d15 elementor-widget elementor-widget-page-title\" data-id=\"27e02d15\" data-element_type=\"widget\" data-e-type=\"widget\" data-widget_type=\"page-title.default\">\n\t\t\t\t<div class=\"elementor-widget-container\">\n\t\t\t\t\t\t\t\n\t\t<div class=\"hfe-page-title hfe-page-title-wrapper elementor-widget-heading\">\n\n\t\t\t\t\t\t\t\t\t\t\t<a href=\"https:\/\/www.bvfg-potsdam.de\/akademie\">\n\t\t\t\t\t\t<h2 class=\"elementor-heading-title elementor-size-default\">\n\t\t\t\t\t\t\t\t\n\t\t\t\tVeranstaltungsort  \n\t\t\t<\/h2 > \n\t\t\t\t\t\t\t\t\t<\/a>\n\t\t\t\t\t<\/div>\n\t\t\t\t\t\t<\/div>\n\t\t\t\t<\/div>\n\t\t\t\t\t<\/div>\n\t\t\t\t<\/div>\n\t\t<div class=\"elementor-element elementor-element-977741f e-flex e-con-boxed wpr-particle-no wpr-jarallax-no wpr-parallax-no wpr-sticky-section-no wpr-equal-height-no e-con e-parent\" data-id=\"977741f\" data-element_type=\"container\" data-e-type=\"container\">\n\t\t\t\t\t<div class=\"e-con-inner\">\n\t\t<div class=\"elementor-element elementor-element-886c22b e-con-full e-flex wpr-particle-no wpr-jarallax-no wpr-parallax-no wpr-sticky-section-no wpr-equal-height-no e-con e-child\" data-id=\"886c22b\" data-element_type=\"container\" data-e-type=\"container\">\n\t\t\t\t<div class=\"elementor-element elementor-element-55cc81d elementor-widget elementor-widget-heading\" data-id=\"55cc81d\" data-element_type=\"widget\" data-e-type=\"widget\" data-widget_type=\"heading.default\">\n\t\t\t\t<div class=\"elementor-widget-container\">\n\t\t\t\t\t<h2 class=\"elementor-heading-title elementor-size-default\">Das Werner-Alfred-Bad<\/h2>\t\t\t\t<\/div>\n\t\t\t\t<\/div>\n\t\t\t\t<div class=\"elementor-element elementor-element-ed0c7ff elementor-widget elementor-widget-text-editor\" data-id=\"ed0c7ff\" data-element_type=\"widget\" data-e-type=\"widget\" data-widget_type=\"text-editor.default\">\n\t\t\t\t<div class=\"elementor-widget-container\">\n\t\t\t\t\t\t\t\t\t<p class=\"bodytext\">Unsere Fort- und Ausbildungen finden im\u00a0 Werner-Alfred-Bad mitten im Herzen vom historischen Potsdam statt. Die Seminarr\u00e4ume befinden sich im gro\u00dfz\u00fcgigen Dachgeschoss des Geb\u00e4udes. Die Praxissemniare werden vor allem in der lichtdurchfluteten Sporttherapie &#8222;Club Aktiv&#8220; durchgef\u00fchrt.<\/p><p>\u00a0<\/p><p class=\"bodytext\"><strong>Anschrift:<\/strong><\/p><p class=\"bodytext\">WernerAlfred-Bad, R\u00fccken Aktiv\/ Fortbildungsbereich 3. OG, <br \/>Hegelallee 23, 14467 Potsdam<\/p>\t\t\t\t\t\t\t\t<\/div>\n\t\t\t\t<\/div>\n\t\t\t\t<\/div>\n\t\t<div class=\"elementor-element elementor-element-e277ea6 e-con-full e-flex wpr-particle-no wpr-jarallax-no wpr-parallax-no wpr-sticky-section-no wpr-equal-height-no e-con e-child\" data-id=\"e277ea6\" data-element_type=\"container\" data-e-type=\"container\">\n\t\t\t\t<div class=\"elementor-element elementor-element-b0572d9 elementor-widget elementor-widget-image-carousel\" data-id=\"b0572d9\" data-element_type=\"widget\" data-e-type=\"widget\" data-settings=\"{&quot;slides_to_show&quot;:&quot;1&quot;,&quot;navigation&quot;:&quot;none&quot;,&quot;lazyload&quot;:&quot;yes&quot;,&quot;effect&quot;:&quot;fade&quot;,&quot;autoplay&quot;:&quot;yes&quot;,&quot;pause_on_hover&quot;:&quot;yes&quot;,&quot;pause_on_interaction&quot;:&quot;yes&quot;,&quot;autoplay_speed&quot;:5000,&quot;infinite&quot;:&quot;yes&quot;,&quot;speed&quot;:500}\" data-widget_type=\"image-carousel.default\">\n\t\t\t\t<div class=\"elementor-widget-container\">\n\t\t\t\t\t\t\t<div class=\"elementor-image-carousel-wrapper swiper\" role=\"region\" aria-roledescription=\"carousel\" aria-label=\"Bild Karussell\" dir=\"ltr\">\n\t\t\t<div class=\"elementor-image-carousel swiper-wrapper\" aria-live=\"off\">\n\t\t\t\t\t\t\t\t<div class=\"swiper-slide\" role=\"group\" aria-roledescription=\"slide\" aria-label=\"1 von 5\"><a data-elementor-open-lightbox=\"yes\" data-elementor-lightbox-slideshow=\"b0572d9\" data-e-action-hash=\"#elementor-action%3Aaction%3Dlightbox%26settings%3DeyJpZCI6MzQ0LCJ1cmwiOiJodHRwczpcL1wvd3d3LmJ2ZmctcG90c2RhbS5kZVwvYWthZGVtaWVcL3dwLWNvbnRlbnRcL3VwbG9hZHNcLzIwMjRcLzEyXC9XZXJuZXItQWxmcmVkLUJhZF8wMS5qcGciLCJzbGlkZXNob3ciOiJiMDU3MmQ5In0%3D\" href=\"https:\/\/www.bvfg-potsdam.de\/akademie\/wp-content\/uploads\/2024\/12\/Werner-Alfred-Bad_01.jpg\"><figure class=\"swiper-slide-inner\"><img class=\"swiper-slide-image swiper-lazy\" data-src=\"https:\/\/www.bvfg-potsdam.de\/akademie\/wp-content\/uploads\/2024\/12\/Werner-Alfred-Bad_01.jpg\" alt=\"Werner Alfred Bad 01\" \/><div class=\"swiper-lazy-preloader\"><\/div><\/figure><\/a><\/div><div class=\"swiper-slide\" role=\"group\" aria-roledescription=\"slide\" aria-label=\"2 von 5\"><a data-elementor-open-lightbox=\"yes\" data-elementor-lightbox-slideshow=\"b0572d9\" data-e-action-hash=\"#elementor-action%3Aaction%3Dlightbox%26settings%3DeyJpZCI6MzQ1LCJ1cmwiOiJodHRwczpcL1wvd3d3LmJ2ZmctcG90c2RhbS5kZVwvYWthZGVtaWVcL3dwLWNvbnRlbnRcL3VwbG9hZHNcLzIwMjRcLzEyXC9XZXJuZXItQWxmcmVkLUJhZF8wMi5qcGciLCJzbGlkZXNob3ciOiJiMDU3MmQ5In0%3D\" href=\"https:\/\/www.bvfg-potsdam.de\/akademie\/wp-content\/uploads\/2024\/12\/Werner-Alfred-Bad_02.jpg\"><figure class=\"swiper-slide-inner\"><img class=\"swiper-slide-image swiper-lazy\" data-src=\"https:\/\/www.bvfg-potsdam.de\/akademie\/wp-content\/uploads\/2024\/12\/Werner-Alfred-Bad_02.jpg\" alt=\"Werner Alfred Bad 02\" \/><div class=\"swiper-lazy-preloader\"><\/div><\/figure><\/a><\/div><div class=\"swiper-slide\" role=\"group\" aria-roledescription=\"slide\" aria-label=\"3 von 5\"><a data-elementor-open-lightbox=\"yes\" data-elementor-lightbox-slideshow=\"b0572d9\" data-e-action-hash=\"#elementor-action%3Aaction%3Dlightbox%26settings%3DeyJpZCI6MzQ2LCJ1cmwiOiJodHRwczpcL1wvd3d3LmJ2ZmctcG90c2RhbS5kZVwvYWthZGVtaWVcL3dwLWNvbnRlbnRcL3VwbG9hZHNcLzIwMjRcLzEyXC9XZXJuZXItQWxmcmVkLUJhZF8wMy5qcGciLCJzbGlkZXNob3ciOiJiMDU3MmQ5In0%3D\" href=\"https:\/\/www.bvfg-potsdam.de\/akademie\/wp-content\/uploads\/2024\/12\/Werner-Alfred-Bad_03.jpg\"><figure class=\"swiper-slide-inner\"><img class=\"swiper-slide-image swiper-lazy\" data-src=\"https:\/\/www.bvfg-potsdam.de\/akademie\/wp-content\/uploads\/2024\/12\/Werner-Alfred-Bad_03.jpg\" alt=\"Werner Alfred Bad 03\" \/><div class=\"swiper-lazy-preloader\"><\/div><\/figure><\/a><\/div><div class=\"swiper-slide\" role=\"group\" aria-roledescription=\"slide\" aria-label=\"4 von 5\"><a data-elementor-open-lightbox=\"yes\" data-elementor-lightbox-slideshow=\"b0572d9\" data-e-action-hash=\"#elementor-action%3Aaction%3Dlightbox%26settings%3DeyJpZCI6MzQ3LCJ1cmwiOiJodHRwczpcL1wvd3d3LmJ2ZmctcG90c2RhbS5kZVwvYWthZGVtaWVcL3dwLWNvbnRlbnRcL3VwbG9hZHNcLzIwMjRcLzEyXC9XZXJuZXItQWxmcmVkLUJhZF8wNC5qcGciLCJzbGlkZXNob3ciOiJiMDU3MmQ5In0%3D\" href=\"https:\/\/www.bvfg-potsdam.de\/akademie\/wp-content\/uploads\/2024\/12\/Werner-Alfred-Bad_04.jpg\"><figure class=\"swiper-slide-inner\"><img class=\"swiper-slide-image swiper-lazy\" data-src=\"https:\/\/www.bvfg-potsdam.de\/akademie\/wp-content\/uploads\/2024\/12\/Werner-Alfred-Bad_04.jpg\" alt=\"Werner Alfred Bad 04\" \/><div class=\"swiper-lazy-preloader\"><\/div><\/figure><\/a><\/div><div class=\"swiper-slide\" role=\"group\" aria-roledescription=\"slide\" aria-label=\"5 von 5\"><a data-elementor-open-lightbox=\"yes\" data-elementor-lightbox-slideshow=\"b0572d9\" data-e-action-hash=\"#elementor-action%3Aaction%3Dlightbox%26settings%3DeyJpZCI6MzQ4LCJ1cmwiOiJodHRwczpcL1wvd3d3LmJ2ZmctcG90c2RhbS5kZVwvYWthZGVtaWVcL3dwLWNvbnRlbnRcL3VwbG9hZHNcLzIwMjRcLzEyXC9XZXJuZXItQWxmcmVkLUJhZF8wNS5qcGciLCJzbGlkZXNob3ciOiJiMDU3MmQ5In0%3D\" href=\"https:\/\/www.bvfg-potsdam.de\/akademie\/wp-content\/uploads\/2024\/12\/Werner-Alfred-Bad_05.jpg\"><figure class=\"swiper-slide-inner\"><img class=\"swiper-slide-image swiper-lazy\" data-src=\"https:\/\/www.bvfg-potsdam.de\/akademie\/wp-content\/uploads\/2024\/12\/Werner-Alfred-Bad_05.jpg\" alt=\"Werner Alfred Bad 05\" \/><div class=\"swiper-lazy-preloader\"><\/div><\/figure><\/a><\/div>\t\t\t<\/div>\n\t\t\t\t\t\t\t\n\t\t\t\t\t\t\t\t\t<\/div>\n\t\t\t\t\t\t<\/div>\n\t\t\t\t<\/div>\n\t\t\t\t<\/div>\n\t\t\t\t\t<\/div>\n\t\t\t\t<\/div>\n\t\t<div class=\"elementor-element elementor-element-e2e068a e-con-full e-flex wpr-particle-no wpr-jarallax-no wpr-parallax-no wpr-sticky-section-no wpr-equal-height-no e-con e-parent\" data-id=\"e2e068a\" data-element_type=\"container\" data-e-type=\"container\">\n\t\t\t\t<div class=\"elementor-element elementor-element-a6b81f6 elementor-widget elementor-widget-google_maps\" data-id=\"a6b81f6\" data-element_type=\"widget\" data-e-type=\"widget\" data-widget_type=\"google_maps.default\">\n\t\t\t\t<div class=\"elementor-widget-container\">\n\t\t\t\t\t\t\t<div class=\"elementor-custom-embed\">\n\t\t\t<iframe loading=\"lazy\"\n\t\t\t\t\tsrc=\"https:\/\/maps.google.com\/maps?q=Brandenburgischer%20Verein%20f%C3%BCr%20Gesundheitsf%C3%B6rderung%20e.V.%20c%2Fo%20CLUB%20AKTIV&#038;t=m&#038;z=15&#038;output=embed&#038;iwloc=near\"\n\t\t\t\t\ttitle=\"Brandenburgischer Verein f\u00fcr Gesundheitsf\u00f6rderung e.V. c\/o CLUB AKTIV\"\n\t\t\t\t\taria-label=\"Brandenburgischer Verein f\u00fcr Gesundheitsf\u00f6rderung e.V. c\/o CLUB AKTIV\"\n\t\t\t><\/iframe>\n\t\t<\/div>\n\t\t\t\t\t\t<\/div>\n\t\t\t\t<\/div>\n\t\t\t\t<\/div>\n\t\t\t\t<\/div>\n\t\t","protected":false},"excerpt":{"rendered":"<p>Veranstaltungsort Das Werner-Alfred-Bad Unsere Fort- und Ausbildungen finden im\u00a0 Werner-Alfred-Bad mitten im Herzen vom historischen Potsdam statt. Die Seminarr\u00e4ume befinden sich im gro\u00dfz\u00fcgigen Dachgeschoss des Geb\u00e4udes. Die Praxissemniare werden vor allem in der lichtdurchfluteten Sporttherapie &#8222;Club Aktiv&#8220; durchgef\u00fchrt. \u00a0 Anschrift: WernerAlfred-Bad, R\u00fccken Aktiv\/ Fortbildungsbereich 3. OG, Hegelallee 23, 14467 Potsdam<\/p>\n","protected":false},"author":1,"featured_media":166,"parent":14,"menu_order":510,"comment_status":"closed","ping_status":"closed","template":"elementor_header_footer","meta":{"footnotes":""},"class_list":["post-37","page","type-page","status-publish","has-post-thumbnail","hentry"],"yoast_head":"<!-- This site is optimized with the Yoast SEO plugin v27.4 - https:\/\/yoast.com\/product\/yoast-seo-wordpress\/ -->\n<title>Veranstaltungsort - Akademie f\u00fcr Gesundheit und Sporttherapie<\/title>\n<meta name=\"robots\" content=\"index, follow, max-snippet:-1, max-image-preview:large, max-video-preview:-1\" \/>\n<link rel=\"canonical\" href=\"https:\/\/www.bvfg-potsdam.de\/akademie\/kontakt\/veranstaltungsort\/\" \/>\n<meta property=\"og:locale\" content=\"de_DE\" \/>\n<meta property=\"og:type\" content=\"article\" \/>\n<meta property=\"og:title\" content=\"Veranstaltungsort - Akademie f\u00fcr Gesundheit und Sporttherapie\" \/>\n<meta property=\"og:description\" content=\"Veranstaltungsort Das Werner-Alfred-Bad Unsere Fort- und Ausbildungen finden im\u00a0 Werner-Alfred-Bad mitten im Herzen vom historischen Potsdam statt. Die Seminarr\u00e4ume befinden sich im gro\u00dfz\u00fcgigen Dachgeschoss des Geb\u00e4udes. Die Praxissemniare werden vor allem in der lichtdurchfluteten Sporttherapie &#8222;Club Aktiv&#8220; durchgef\u00fchrt. \u00a0 Anschrift: WernerAlfred-Bad, R\u00fccken Aktiv\/ Fortbildungsbereich 3. OG, Hegelallee 23, 14467 Potsdam\" \/>\n<meta property=\"og:url\" content=\"https:\/\/www.bvfg-potsdam.de\/akademie\/kontakt\/veranstaltungsort\/\" \/>\n<meta property=\"og:site_name\" content=\"Akademie f\u00fcr Gesundheit und Sporttherapie\" \/>\n<meta property=\"article:modified_time\" content=\"2025-05-09T09:22:11+00:00\" \/>\n<meta property=\"og:image\" content=\"https:\/\/www.bvfg-potsdam.de\/akademie\/wp-content\/uploads\/2024\/12\/akademie-fallback.jpg\" \/>\n\t<meta property=\"og:image:width\" content=\"800\" \/>\n\t<meta property=\"og:image:height\" content=\"500\" \/>\n\t<meta property=\"og:image:type\" content=\"image\/jpeg\" \/>\n<meta name=\"twitter:card\" content=\"summary_large_image\" \/>\n<meta name=\"twitter:label1\" content=\"Gesch\u00e4tzte Lesezeit\" \/>\n\t<meta name=\"twitter:data1\" content=\"2\u00a0Minuten\" \/>\n<script type=\"application\/ld+json\" class=\"yoast-schema-graph\">{\"@context\":\"https:\\\/\\\/schema.org\",\"@graph\":[{\"@type\":\"WebPage\",\"@id\":\"https:\\\/\\\/www.bvfg-potsdam.de\\\/akademie\\\/kontakt\\\/veranstaltungsort\\\/\",\"url\":\"https:\\\/\\\/www.bvfg-potsdam.de\\\/akademie\\\/kontakt\\\/veranstaltungsort\\\/\",\"name\":\"Veranstaltungsort - Akademie f\u00fcr Gesundheit und Sporttherapie\",\"isPartOf\":{\"@id\":\"https:\\\/\\\/www.bvfg-potsdam.de\\\/akademie\\\/#website\"},\"primaryImageOfPage\":{\"@id\":\"https:\\\/\\\/www.bvfg-potsdam.de\\\/akademie\\\/kontakt\\\/veranstaltungsort\\\/#primaryimage\"},\"image\":{\"@id\":\"https:\\\/\\\/www.bvfg-potsdam.de\\\/akademie\\\/kontakt\\\/veranstaltungsort\\\/#primaryimage\"},\"thumbnailUrl\":\"https:\\\/\\\/www.bvfg-potsdam.de\\\/akademie\\\/wp-content\\\/uploads\\\/2024\\\/12\\\/akademie-fallback.jpg\",\"datePublished\":\"2024-12-10T15:50:39+00:00\",\"dateModified\":\"2025-05-09T09:22:11+00:00\",\"breadcrumb\":{\"@id\":\"https:\\\/\\\/www.bvfg-potsdam.de\\\/akademie\\\/kontakt\\\/veranstaltungsort\\\/#breadcrumb\"},\"inLanguage\":\"de\",\"potentialAction\":[{\"@type\":\"ReadAction\",\"target\":[\"https:\\\/\\\/www.bvfg-potsdam.de\\\/akademie\\\/kontakt\\\/veranstaltungsort\\\/\"]}]},{\"@type\":\"ImageObject\",\"inLanguage\":\"de\",\"@id\":\"https:\\\/\\\/www.bvfg-potsdam.de\\\/akademie\\\/kontakt\\\/veranstaltungsort\\\/#primaryimage\",\"url\":\"https:\\\/\\\/www.bvfg-potsdam.de\\\/akademie\\\/wp-content\\\/uploads\\\/2024\\\/12\\\/akademie-fallback.jpg\",\"contentUrl\":\"https:\\\/\\\/www.bvfg-potsdam.de\\\/akademie\\\/wp-content\\\/uploads\\\/2024\\\/12\\\/akademie-fallback.jpg\",\"width\":800,\"height\":500,\"caption\":\"Akademie Fallback\"},{\"@type\":\"BreadcrumbList\",\"@id\":\"https:\\\/\\\/www.bvfg-potsdam.de\\\/akademie\\\/kontakt\\\/veranstaltungsort\\\/#breadcrumb\",\"itemListElement\":[{\"@type\":\"ListItem\",\"position\":1,\"name\":\"Startseite\",\"item\":\"https:\\\/\\\/www.bvfg-potsdam.de\\\/akademie\\\/\"},{\"@type\":\"ListItem\",\"position\":2,\"name\":\"Kontakt\",\"item\":\"https:\\\/\\\/www.bvfg-potsdam.de\\\/akademie\\\/kontakt\\\/\"},{\"@type\":\"ListItem\",\"position\":3,\"name\":\"Veranstaltungsort\"}]},{\"@type\":\"WebSite\",\"@id\":\"https:\\\/\\\/www.bvfg-potsdam.de\\\/akademie\\\/#website\",\"url\":\"https:\\\/\\\/www.bvfg-potsdam.de\\\/akademie\\\/\",\"name\":\"Akademie f\u00fcr Gesundheit und Sporttherapie\",\"description\":\"\",\"publisher\":{\"@id\":\"https:\\\/\\\/www.bvfg-potsdam.de\\\/akademie\\\/#organization\"},\"potentialAction\":[{\"@type\":\"SearchAction\",\"target\":{\"@type\":\"EntryPoint\",\"urlTemplate\":\"https:\\\/\\\/www.bvfg-potsdam.de\\\/akademie\\\/?s={search_term_string}\"},\"query-input\":{\"@type\":\"PropertyValueSpecification\",\"valueRequired\":true,\"valueName\":\"search_term_string\"}}],\"inLanguage\":\"de\"},{\"@type\":\"Organization\",\"@id\":\"https:\\\/\\\/www.bvfg-potsdam.de\\\/akademie\\\/#organization\",\"name\":\"Akademie f\u00fcr Gesundheit und Sporttherapie\",\"alternateName\":\"Brandenburgischer Verein f\u00fcr Gesundheitsf\u00f6rderung e. V.\",\"url\":\"https:\\\/\\\/www.bvfg-potsdam.de\\\/akademie\\\/\",\"logo\":{\"@type\":\"ImageObject\",\"inLanguage\":\"de\",\"@id\":\"https:\\\/\\\/www.bvfg-potsdam.de\\\/akademie\\\/#\\\/schema\\\/logo\\\/image\\\/\",\"url\":\"https:\\\/\\\/www.bvfg-potsdam.de\\\/akademie\\\/wp-content\\\/uploads\\\/2024\\\/12\\\/akademie-gesundheit-sporttherapie-logo.png\",\"contentUrl\":\"https:\\\/\\\/www.bvfg-potsdam.de\\\/akademie\\\/wp-content\\\/uploads\\\/2024\\\/12\\\/akademie-gesundheit-sporttherapie-logo.png\",\"width\":800,\"height\":347,\"caption\":\"Akademie f\u00fcr Gesundheit und Sporttherapie\"},\"image\":{\"@id\":\"https:\\\/\\\/www.bvfg-potsdam.de\\\/akademie\\\/#\\\/schema\\\/logo\\\/image\\\/\"}}]}<\/script>\n<!-- \/ Yoast SEO plugin. -->","yoast_head_json":{"title":"Veranstaltungsort - Akademie f\u00fcr Gesundheit und Sporttherapie","robots":{"index":"index","follow":"follow","max-snippet":"max-snippet:-1","max-image-preview":"max-image-preview:large","max-video-preview":"max-video-preview:-1"},"canonical":"https:\/\/www.bvfg-potsdam.de\/akademie\/kontakt\/veranstaltungsort\/","og_locale":"de_DE","og_type":"article","og_title":"Veranstaltungsort - Akademie f\u00fcr Gesundheit und Sporttherapie","og_description":"Veranstaltungsort Das Werner-Alfred-Bad Unsere Fort- und Ausbildungen finden im\u00a0 Werner-Alfred-Bad mitten im Herzen vom historischen Potsdam statt. Die Seminarr\u00e4ume befinden sich im gro\u00dfz\u00fcgigen Dachgeschoss des Geb\u00e4udes. Die Praxissemniare werden vor allem in der lichtdurchfluteten Sporttherapie &#8222;Club Aktiv&#8220; durchgef\u00fchrt. \u00a0 Anschrift: WernerAlfred-Bad, R\u00fccken Aktiv\/ Fortbildungsbereich 3. OG, Hegelallee 23, 14467 Potsdam","og_url":"https:\/\/www.bvfg-potsdam.de\/akademie\/kontakt\/veranstaltungsort\/","og_site_name":"Akademie f\u00fcr Gesundheit und Sporttherapie","article_modified_time":"2025-05-09T09:22:11+00:00","og_image":[{"width":800,"height":500,"url":"https:\/\/www.bvfg-potsdam.de\/akademie\/wp-content\/uploads\/2024\/12\/akademie-fallback.jpg","type":"image\/jpeg"}],"twitter_card":"summary_large_image","twitter_misc":{"Gesch\u00e4tzte Lesezeit":"2\u00a0Minuten"},"schema":{"@context":"https:\/\/schema.org","@graph":[{"@type":"WebPage","@id":"https:\/\/www.bvfg-potsdam.de\/akademie\/kontakt\/veranstaltungsort\/","url":"https:\/\/www.bvfg-potsdam.de\/akademie\/kontakt\/veranstaltungsort\/","name":"Veranstaltungsort - Akademie f\u00fcr Gesundheit und Sporttherapie","isPartOf":{"@id":"https:\/\/www.bvfg-potsdam.de\/akademie\/#website"},"primaryImageOfPage":{"@id":"https:\/\/www.bvfg-potsdam.de\/akademie\/kontakt\/veranstaltungsort\/#primaryimage"},"image":{"@id":"https:\/\/www.bvfg-potsdam.de\/akademie\/kontakt\/veranstaltungsort\/#primaryimage"},"thumbnailUrl":"https:\/\/www.bvfg-potsdam.de\/akademie\/wp-content\/uploads\/2024\/12\/akademie-fallback.jpg","datePublished":"2024-12-10T15:50:39+00:00","dateModified":"2025-05-09T09:22:11+00:00","breadcrumb":{"@id":"https:\/\/www.bvfg-potsdam.de\/akademie\/kontakt\/veranstaltungsort\/#breadcrumb"},"inLanguage":"de","potentialAction":[{"@type":"ReadAction","target":["https:\/\/www.bvfg-potsdam.de\/akademie\/kontakt\/veranstaltungsort\/"]}]},{"@type":"ImageObject","inLanguage":"de","@id":"https:\/\/www.bvfg-potsdam.de\/akademie\/kontakt\/veranstaltungsort\/#primaryimage","url":"https:\/\/www.bvfg-potsdam.de\/akademie\/wp-content\/uploads\/2024\/12\/akademie-fallback.jpg","contentUrl":"https:\/\/www.bvfg-potsdam.de\/akademie\/wp-content\/uploads\/2024\/12\/akademie-fallback.jpg","width":800,"height":500,"caption":"Akademie Fallback"},{"@type":"BreadcrumbList","@id":"https:\/\/www.bvfg-potsdam.de\/akademie\/kontakt\/veranstaltungsort\/#breadcrumb","itemListElement":[{"@type":"ListItem","position":1,"name":"Startseite","item":"https:\/\/www.bvfg-potsdam.de\/akademie\/"},{"@type":"ListItem","position":2,"name":"Kontakt","item":"https:\/\/www.bvfg-potsdam.de\/akademie\/kontakt\/"},{"@type":"ListItem","position":3,"name":"Veranstaltungsort"}]},{"@type":"WebSite","@id":"https:\/\/www.bvfg-potsdam.de\/akademie\/#website","url":"https:\/\/www.bvfg-potsdam.de\/akademie\/","name":"Akademie f\u00fcr Gesundheit und Sporttherapie","description":"","publisher":{"@id":"https:\/\/www.bvfg-potsdam.de\/akademie\/#organization"},"potentialAction":[{"@type":"SearchAction","target":{"@type":"EntryPoint","urlTemplate":"https:\/\/www.bvfg-potsdam.de\/akademie\/?s={search_term_string}"},"query-input":{"@type":"PropertyValueSpecification","valueRequired":true,"valueName":"search_term_string"}}],"inLanguage":"de"},{"@type":"Organization","@id":"https:\/\/www.bvfg-potsdam.de\/akademie\/#organization","name":"Akademie f\u00fcr Gesundheit und Sporttherapie","alternateName":"Brandenburgischer Verein f\u00fcr Gesundheitsf\u00f6rderung e. V.","url":"https:\/\/www.bvfg-potsdam.de\/akademie\/","logo":{"@type":"ImageObject","inLanguage":"de","@id":"https:\/\/www.bvfg-potsdam.de\/akademie\/#\/schema\/logo\/image\/","url":"https:\/\/www.bvfg-potsdam.de\/akademie\/wp-content\/uploads\/2024\/12\/akademie-gesundheit-sporttherapie-logo.png","contentUrl":"https:\/\/www.bvfg-potsdam.de\/akademie\/wp-content\/uploads\/2024\/12\/akademie-gesundheit-sporttherapie-logo.png","width":800,"height":347,"caption":"Akademie f\u00fcr Gesundheit und Sporttherapie"},"image":{"@id":"https:\/\/www.bvfg-potsdam.de\/akademie\/#\/schema\/logo\/image\/"}}]}},"_links":{"self":[{"href":"https:\/\/www.bvfg-potsdam.de\/akademie\/wp-json\/wp\/v2\/pages\/37","targetHints":{"allow":["GET"]}}],"collection":[{"href":"https:\/\/www.bvfg-potsdam.de\/akademie\/wp-json\/wp\/v2\/pages"}],"about":[{"href":"https:\/\/www.bvfg-potsdam.de\/akademie\/wp-json\/wp\/v2\/types\/page"}],"author":[{"embeddable":true,"href":"https:\/\/www.bvfg-potsdam.de\/akademie\/wp-json\/wp\/v2\/users\/1"}],"replies":[{"embeddable":true,"href":"https:\/\/www.bvfg-potsdam.de\/akademie\/wp-json\/wp\/v2\/comments?post=37"}],"version-history":[{"count":3,"href":"https:\/\/www.bvfg-potsdam.de\/akademie\/wp-json\/wp\/v2\/pages\/37\/revisions"}],"predecessor-version":[{"id":585,"href":"https:\/\/www.bvfg-potsdam.de\/akademie\/wp-json\/wp\/v2\/pages\/37\/revisions\/585"}],"up":[{"embeddable":true,"href":"https:\/\/www.bvfg-potsdam.de\/akademie\/wp-json\/wp\/v2\/pages\/14"}],"wp:featuredmedia":[{"embeddable":true,"href":"https:\/\/www.bvfg-potsdam.de\/akademie\/wp-json\/wp\/v2\/media\/166"}],"wp:attachment":[{"href":"https:\/\/www.bvfg-potsdam.de\/akademie\/wp-json\/wp\/v2\/media?parent=37"}],"curies":[{"name":"wp","href":"https:\/\/api.w.org\/{rel}","templated":true}]}}