{"id":28,"date":"2024-12-10T16:48:54","date_gmt":"2024-12-10T15:48:54","guid":{"rendered":"https:\/\/kunden.potsdamwebdesign.de\/bvfg\/akademie\/?page_id=28"},"modified":"2025-05-12T09:27:00","modified_gmt":"2025-05-12T07:27:00","slug":"referenten-der-akademie","status":"publish","type":"page","link":"https:\/\/www.bvfg-potsdam.de\/akademie\/wer-sind-wir\/referenten-der-akademie\/","title":{"rendered":"Referenten der Akademie"},"content":{"rendered":"\t\t<div data-elementor-type=\"wp-page\" data-elementor-id=\"28\" class=\"elementor elementor-28\">\n\t\t\t\t<div class=\"elementor-element elementor-element-2ecef233 e-flex e-con-boxed wpr-jarallax-no wpr-sticky-section-no wpr-equal-height-no e-con e-parent\" data-id=\"2ecef233\" data-element_type=\"container\" data-e-type=\"container\" data-settings=\"{&quot;background_background&quot;:&quot;gradient&quot;}\">\n\t\t\t\t\t<div class=\"e-con-inner\">\n\t\t\t\t<div class=\"elementor-element elementor-element-735542 elementor-widget elementor-widget-page-title\" data-id=\"735542\" data-element_type=\"widget\" data-e-type=\"widget\" data-widget_type=\"page-title.default\">\n\t\t\t\t<div class=\"elementor-widget-container\">\n\t\t\t\t\t\t\t\n\t\t<div class=\"hfe-page-title hfe-page-title-wrapper elementor-widget-heading\">\n\n\t\t\t\t\t\t\t\t\t\t\t<a href=\"https:\/\/www.bvfg-potsdam.de\/akademie\">\n\t\t\t\t\t\t<h2 class=\"elementor-heading-title elementor-size-default\">\n\t\t\t\t\t\t\t\t\n\t\t\t\tReferenten der Akademie  \n\t\t\t<\/h2 > \n\t\t\t\t\t\t\t\t\t<\/a>\n\t\t\t\t\t<\/div>\n\t\t\t\t\t\t<\/div>\n\t\t\t\t<\/div>\n\t\t\t\t\t<\/div>\n\t\t\t\t<\/div>\n\t\t<div class=\"elementor-element elementor-element-c8b90df e-flex e-con-boxed wpr-particle-no wpr-jarallax-no wpr-parallax-no wpr-sticky-section-no wpr-equal-height-no e-con e-parent\" data-id=\"c8b90df\" data-element_type=\"container\" data-e-type=\"container\">\n\t\t\t\t\t<div class=\"e-con-inner\">\n\t\t\t\t<div class=\"elementor-element elementor-element-efde2d0 elementor-widget elementor-widget-text-editor\" data-id=\"efde2d0\" data-element_type=\"widget\" data-e-type=\"widget\" data-widget_type=\"text-editor.default\">\n\t\t\t\t<div class=\"elementor-widget-container\">\n\t\t\t\t\t\t\t\t\t<p><style id=\"team_free_dynamic_css627\">#sptp-627 .sptp-member.sptp-list-item{border:0px solid #ddd;border-radius:0px;background-color:transparent;margin-left:0;margin-right:24px;margin-bottom:24px;padding:0px 20px 0px 0px;}#sptp-627 .sptp-member.sptp-list-item:hover{border-color:#ccc;}#sptp-627 .sptp-member-avatar-img{border:0px solid ;background-color:#FFFFFF;}#sptp-627 .sptp-member-avatar-img:hover{}#sptp-627 .sptp-member-name .sptp-member-name-title{color:#333333;}#sptp-627 .sptp-member-profession .sptp-jop-title{color:#333333;}#sptp-627 .sptp-member-desc{color:#333333;}#sptp-627 .sptp-member-social{text-align:center;}#sptp-627 .sptp-member-social ul{text-align:center;}#sptp-627 .sptp-member-social li{margin: 0 0 4px 0 ;}#sptp-627 .swiper-wrapper.left_img_right_content{margin-left:24px;}#sptp-627 .border-bg-around-member:not(.sptp-content-on-image){border:0px solid #ddd;border-radius:0px;background-color:transparent;}#sptp-627 .border-bg-around-member:not(.sptp-content-on-image):hover{border-color:#ccc;}#sptp-627 .sp-team-item .sptp-member{margin:12px 12px;padding:0px 20px 0px 0px;}#sptp-627 .swiper-slide .sptp-member{padding:0px 20px 0px 0px;}#sptp-627 .sptp-list-item.sptp-member,#sptp-627.sptp-section .sptp-member{box-shadow:none;}#sptp-627 .sptp-list-item.sptp-member,#sptp-627.sptp-carousel .sptp-member{margin-left:0px ;}#sptp-627 .sptp-list-item.sptp-member:hover,#sptp-627.sptp-section .sptp-member:hover{box-shadow:none;}<\/style><div id=\"sptp-627\" class=\"sp-team sptp-section sptp-\">\n\t\t\t<div class=\"sptp-list left_img_right_content\">\n\t\t\t\t<div class=\"sptp-page-loading-image\"><\/div>\n\t\t\t<div class=\"sptp-row\">\n\t\t\t\t\t\t\t\t\t<div class=\"sptp-col-lg-1 sptp-col-md-1 sptp-col-sm-1 sptp-col-xs-1\">\n\t\t\t\t\t\t<div class=\"sptp-member border-bg-around-member sptp-list-item\">\n\t<div class=\" image\"><div class='sptp-member-avatar' >\n\t<span class=\"sptp-member-avatar-img sptp-square none\">\n\t\t<img fetchpriority=\"high\" decoding=\"async\" src=\"https:\/\/www.bvfg-potsdam.de\/akademie\/wp-content\/uploads\/Anke-Heller-200x300.jpg\" alt=\"Anke Heller\" width=\"200\" height=\"300\">\n\t<\/span>\n<\/div>\n<\/div><div class=\"content sptp-square\"><div class=\"sptp-member-name\">\n\t\t<h2 class='sptp-member-name-title'>Anke Heller<\/h2>\n\t<\/div>\n<div class=\"sptp-member-desc\">\n\t\tDipl. Sportwissenschaftlerin Rehabilitation und Pr\u00e4vention, Spiraldynamik, Leitung und Referentin MTT-Ausbildung<\/div>\n<\/div><\/div><!-- .sptp-member -->\n\t\t\t\t\t<\/div>\n\t\t\t\t\t\t\t\t\t\t<div class=\"sptp-col-lg-1 sptp-col-md-1 sptp-col-sm-1 sptp-col-xs-1\">\n\t\t\t\t\t\t<div class=\"sptp-member border-bg-around-member sptp-list-item\">\n\t<div class=\" image\"><div class='sptp-member-avatar' >\n\t<span class=\"sptp-member-avatar-img sptp-square none\">\n\t\t<img decoding=\"async\" src=\"https:\/\/www.bvfg-potsdam.de\/akademie\/wp-content\/uploads\/Karsten-Linne-200x300.jpg\" alt=\"Karsten Linne\" width=\"200\" height=\"300\">\n\t<\/span>\n<\/div>\n<\/div><div class=\"content sptp-square\"><div class=\"sptp-member-name\">\n\t\t<h2 class='sptp-member-name-title'>Dr. med. Karsten Linn\u00e9<\/h2>\n\t<\/div>\n<div class=\"sptp-member-desc\">\n\t\tFacharzt f\u00fcr Physikalische und Rehabilitative Medizin in eigener Praxis (Caputh);\r\nManuelle Medizin, Akupunktur nach Bahr, Applied Kinesiology, \u00c4rtzliche Leitung der AK-Ausbildung<\/div>\n<\/div><\/div><!-- .sptp-member -->\n\t\t\t\t\t<\/div>\n\t\t\t\t\t\t\t\t\t\t<div class=\"sptp-col-lg-1 sptp-col-md-1 sptp-col-sm-1 sptp-col-xs-1\">\n\t\t\t\t\t\t<div class=\"sptp-member border-bg-around-member sptp-list-item\">\n\t<div class=\" image\"><div class='sptp-member-avatar' >\n\t<span class=\"sptp-member-avatar-img sptp-square none\">\n\t\t<img decoding=\"async\" src=\"https:\/\/www.bvfg-potsdam.de\/akademie\/wp-content\/uploads\/Rene-Kittel-200x300.jpg\" alt=\"Rene Kittel\" width=\"200\" height=\"300\">\n\t<\/span>\n<\/div>\n<\/div><div class=\"content sptp-square\"><div class=\"sptp-member-name\">\n\t\t<h2 class='sptp-member-name-title'>Dr. rer. nat. Ren\u00e9 Kittel<\/h2>\n\t<\/div>\n<div class=\"sptp-member-desc\">\n\t\tSportdozent und Sportwissenschaftler an der Universit\u00e4t Potsdam, Schwerpunkt Therapeutisches Klettern, Sportklettern &amp; Bouldern; Leitung und Referent der Fortbildung Therapeutisches Klettern<\/div>\n<\/div><\/div><!-- .sptp-member -->\n\t\t\t\t\t<\/div>\n\t\t\t\t\t\t\t\t\t\t<div class=\"sptp-col-lg-1 sptp-col-md-1 sptp-col-sm-1 sptp-col-xs-1\">\n\t\t\t\t\t\t<div class=\"sptp-member border-bg-around-member sptp-list-item\">\n\t<div class=\" image\"><div class='sptp-member-avatar' >\n\t<span class=\"sptp-member-avatar-img sptp-square none\">\n\t\t<img loading=\"lazy\" decoding=\"async\" src=\"https:\/\/www.bvfg-potsdam.de\/akademie\/wp-content\/uploads\/Dr-Silas-Dech-200x300.jpg\" alt=\"Dr Silas Dech\" width=\"200\" height=\"300\">\n\t<\/span>\n<\/div>\n<\/div><div class=\"content sptp-square\"><div class=\"sptp-member-name\">\n\t\t<h2 class='sptp-member-name-title'>Dr. Silas Dech<\/h2>\n\t<\/div>\n<div class=\"sptp-member-desc\">\n\t\tBA Sporttherapeut; M.Sc. Sportwissenschaft; Klettertherapeut, Schwerpunkt Therapeutisches Klettern, Sportklettern &amp; Bouldern; Leitung und Referent der Fortbildung Therapeutisches Klettern<\/div>\n<\/div><\/div><!-- .sptp-member -->\n\t\t\t\t\t<\/div>\n\t\t\t\t\t\t\t\t\t\t<div class=\"sptp-col-lg-1 sptp-col-md-1 sptp-col-sm-1 sptp-col-xs-1\">\n\t\t\t\t\t\t<div class=\"sptp-member border-bg-around-member sptp-list-item\">\n\t<div class=\" image\"><div class='sptp-member-avatar' >\n\t<span class=\"sptp-member-avatar-img sptp-square none\">\n\t\t<img loading=\"lazy\" decoding=\"async\" src=\"https:\/\/www.bvfg-potsdam.de\/akademie\/wp-content\/uploads\/Laura-Schaefer-200x300.jpg\" alt=\"Laura Schaefer\" width=\"200\" height=\"300\">\n\t<\/span>\n<\/div>\n<\/div><div class=\"content sptp-square\"><div class=\"sptp-member-name\">\n\t\t<h2 class='sptp-member-name-title'>PD Dr. phil. habil. Laura Schaefer<\/h2>\n\t<\/div>\n<div class=\"sptp-member-desc\">\n\t\tMA Lehramt Sport und Mathematik, Promotion Sportmedizin, Habilitation Sport- und Gesundheitswissenschaften; Wissenschaftl. Mitarbeiterin Uni Potsdam, Abt. Regulative Physiologie und Pr\u00e4vention; Heipraktikerin (Applied Kinesiology, Integrative Medizin); Referentin AK-Ausbildung<\/div>\n<\/div><\/div><!-- .sptp-member -->\n\t\t\t\t\t<\/div>\n\t\t\t\t\t\t\t\t\t\t<div class=\"sptp-col-lg-1 sptp-col-md-1 sptp-col-sm-1 sptp-col-xs-1\">\n\t\t\t\t\t\t<div class=\"sptp-member border-bg-around-member sptp-list-item\">\n\t<div class=\" image\"><div class='sptp-member-avatar' >\n\t<span class=\"sptp-member-avatar-img sptp-square none\">\n\t\t<img loading=\"lazy\" decoding=\"async\" src=\"https:\/\/www.bvfg-potsdam.de\/akademie\/wp-content\/uploads\/Frank_Bittmann-200x300.jpg\" alt=\"Frank Bittmann\" width=\"200\" height=\"300\">\n\t<\/span>\n<\/div>\n<\/div><div class=\"content sptp-square\"><div class=\"sptp-member-name\">\n\t\t<h2 class='sptp-member-name-title'>Prof. Dr. rer. nat. Frank Bittmann<\/h2>\n\t<\/div>\n<div class=\"sptp-member-desc\">\n\t\tProfessur f\u00fcr Regulative Physiologie und Pr\u00e4vention an der Uni Potsdam, Sportbiologe, Heilpraktiker, Chirotherapeut, Kursleiter der AK-Ausbildung<\/div>\n<\/div><\/div><!-- .sptp-member -->\n\t\t\t\t\t<\/div>\n\t\t\t\t\t\t\t\t\t\t<div class=\"sptp-col-lg-1 sptp-col-md-1 sptp-col-sm-1 sptp-col-xs-1\">\n\t\t\t\t\t\t<div class=\"sptp-member border-bg-around-member sptp-list-item\">\n\t<div class=\" image\"><div class='sptp-member-avatar' >\n\t<span class=\"sptp-member-avatar-img sptp-square none\">\n\t\t<img loading=\"lazy\" decoding=\"async\" src=\"https:\/\/www.bvfg-potsdam.de\/akademie\/wp-content\/uploads\/Sabine-Diesing-200x300.jpg\" alt=\"Sabine Diesing\" width=\"200\" height=\"300\">\n\t<\/span>\n<\/div>\n<\/div><div class=\"content sptp-square\"><div class=\"sptp-member-name\">\n\t\t<h2 class='sptp-member-name-title'>Sabine Diesing<\/h2>\n\t<\/div>\n<div class=\"sptp-member-desc\">\n\t\tPhysiotherapeutin und Dipl. Sportwissenschaftlerin Rehabilitation und Pr\u00e4vention, Referentin KG-Ger\u00e4t Ausbildung<\/div>\n<\/div><\/div><!-- .sptp-member -->\n\t\t\t\t\t<\/div>\n\t\t\t\t\t\t\t\t\t\t<div class=\"sptp-col-lg-1 sptp-col-md-1 sptp-col-sm-1 sptp-col-xs-1\">\n\t\t\t\t\t\t<div class=\"sptp-member border-bg-around-member sptp-list-item\">\n\t<div class=\" image\"><div class='sptp-member-avatar' >\n\t<span class=\"sptp-member-avatar-img sptp-square none\">\n\t\t<img loading=\"lazy\" decoding=\"async\" src=\"https:\/\/www.bvfg-potsdam.de\/akademie\/wp-content\/uploads\/Stefan-Schwarz1-200x300.jpg\" alt=\"Stefan Schwarz\" width=\"200\" height=\"300\">\n\t<\/span>\n<\/div>\n<\/div><div class=\"content sptp-square\"><div class=\"sptp-member-name\">\n\t\t<h2 class='sptp-member-name-title'>Stefan Schwarz<\/h2>\n\t<\/div>\n<div class=\"sptp-member-desc\">\n\t\tPhysiotherapeut, Heilpraktiker, Osteopath, Applied Kinesiology, Fasziendistorsionsmodell, Leistungssportbetreuung Barcelona, Referent AK-Ausbildung<\/div>\n<\/div><\/div><!-- .sptp-member -->\n\t\t\t\t\t<\/div>\n\t\t\t\t\t\t\t\t<\/div>\n\t\t<\/div>\n\t<\/div>\n<\/p>\t\t\t\t\t\t\t\t<\/div>\n\t\t\t\t<\/div>\n\t\t\t\t\t<\/div>\n\t\t\t\t<\/div>\n\t\t\t\t<\/div>\n\t\t","protected":false},"excerpt":{"rendered":"<p>Referenten der Akademie<\/p>\n","protected":false},"author":1,"featured_media":166,"parent":12,"menu_order":410,"comment_status":"closed","ping_status":"closed","template":"elementor_header_footer","meta":{"footnotes":""},"class_list":["post-28","page","type-page","status-publish","has-post-thumbnail","hentry"],"yoast_head":"<!-- This site is optimized with the Yoast SEO plugin v27.4 - https:\/\/yoast.com\/product\/yoast-seo-wordpress\/ -->\n<title>Referenten der Akademie - Akademie f\u00fcr Gesundheit und Sporttherapie<\/title>\n<meta name=\"robots\" content=\"index, follow, max-snippet:-1, max-image-preview:large, max-video-preview:-1\" \/>\n<link rel=\"canonical\" href=\"https:\/\/www.bvfg-potsdam.de\/akademie\/wer-sind-wir\/referenten-der-akademie\/\" \/>\n<meta property=\"og:locale\" content=\"de_DE\" \/>\n<meta property=\"og:type\" content=\"article\" \/>\n<meta property=\"og:title\" content=\"Referenten der Akademie - Akademie f\u00fcr Gesundheit und Sporttherapie\" \/>\n<meta property=\"og:description\" content=\"Referenten der Akademie\" \/>\n<meta property=\"og:url\" content=\"https:\/\/www.bvfg-potsdam.de\/akademie\/wer-sind-wir\/referenten-der-akademie\/\" \/>\n<meta property=\"og:site_name\" content=\"Akademie f\u00fcr Gesundheit und Sporttherapie\" \/>\n<meta property=\"article:modified_time\" content=\"2025-05-12T07:27:00+00:00\" \/>\n<meta property=\"og:image\" content=\"https:\/\/www.bvfg-potsdam.de\/akademie\/wp-content\/uploads\/2024\/12\/akademie-fallback.jpg\" \/>\n\t<meta property=\"og:image:width\" content=\"800\" \/>\n\t<meta property=\"og:image:height\" content=\"500\" \/>\n\t<meta property=\"og:image:type\" content=\"image\/jpeg\" \/>\n<meta name=\"twitter:card\" content=\"summary_large_image\" \/>\n<meta name=\"twitter:label1\" content=\"Gesch\u00e4tzte Lesezeit\" \/>\n\t<meta name=\"twitter:data1\" content=\"1\u00a0Minute\" \/>\n<script type=\"application\/ld+json\" class=\"yoast-schema-graph\">{\"@context\":\"https:\\\/\\\/schema.org\",\"@graph\":[{\"@type\":\"WebPage\",\"@id\":\"https:\\\/\\\/www.bvfg-potsdam.de\\\/akademie\\\/wer-sind-wir\\\/referenten-der-akademie\\\/\",\"url\":\"https:\\\/\\\/www.bvfg-potsdam.de\\\/akademie\\\/wer-sind-wir\\\/referenten-der-akademie\\\/\",\"name\":\"Referenten der Akademie - Akademie f\u00fcr Gesundheit und Sporttherapie\",\"isPartOf\":{\"@id\":\"https:\\\/\\\/www.bvfg-potsdam.de\\\/akademie\\\/#website\"},\"primaryImageOfPage\":{\"@id\":\"https:\\\/\\\/www.bvfg-potsdam.de\\\/akademie\\\/wer-sind-wir\\\/referenten-der-akademie\\\/#primaryimage\"},\"image\":{\"@id\":\"https:\\\/\\\/www.bvfg-potsdam.de\\\/akademie\\\/wer-sind-wir\\\/referenten-der-akademie\\\/#primaryimage\"},\"thumbnailUrl\":\"https:\\\/\\\/www.bvfg-potsdam.de\\\/akademie\\\/wp-content\\\/uploads\\\/2024\\\/12\\\/akademie-fallback.jpg\",\"datePublished\":\"2024-12-10T15:48:54+00:00\",\"dateModified\":\"2025-05-12T07:27:00+00:00\",\"breadcrumb\":{\"@id\":\"https:\\\/\\\/www.bvfg-potsdam.de\\\/akademie\\\/wer-sind-wir\\\/referenten-der-akademie\\\/#breadcrumb\"},\"inLanguage\":\"de\",\"potentialAction\":[{\"@type\":\"ReadAction\",\"target\":[\"https:\\\/\\\/www.bvfg-potsdam.de\\\/akademie\\\/wer-sind-wir\\\/referenten-der-akademie\\\/\"]}]},{\"@type\":\"ImageObject\",\"inLanguage\":\"de\",\"@id\":\"https:\\\/\\\/www.bvfg-potsdam.de\\\/akademie\\\/wer-sind-wir\\\/referenten-der-akademie\\\/#primaryimage\",\"url\":\"https:\\\/\\\/www.bvfg-potsdam.de\\\/akademie\\\/wp-content\\\/uploads\\\/2024\\\/12\\\/akademie-fallback.jpg\",\"contentUrl\":\"https:\\\/\\\/www.bvfg-potsdam.de\\\/akademie\\\/wp-content\\\/uploads\\\/2024\\\/12\\\/akademie-fallback.jpg\",\"width\":800,\"height\":500,\"caption\":\"Akademie Fallback\"},{\"@type\":\"BreadcrumbList\",\"@id\":\"https:\\\/\\\/www.bvfg-potsdam.de\\\/akademie\\\/wer-sind-wir\\\/referenten-der-akademie\\\/#breadcrumb\",\"itemListElement\":[{\"@type\":\"ListItem\",\"position\":1,\"name\":\"Startseite\",\"item\":\"https:\\\/\\\/www.bvfg-potsdam.de\\\/akademie\\\/\"},{\"@type\":\"ListItem\",\"position\":2,\"name\":\"Wer sind wir?\",\"item\":\"https:\\\/\\\/www.bvfg-potsdam.de\\\/akademie\\\/wer-sind-wir\\\/\"},{\"@type\":\"ListItem\",\"position\":3,\"name\":\"Referenten der Akademie\"}]},{\"@type\":\"WebSite\",\"@id\":\"https:\\\/\\\/www.bvfg-potsdam.de\\\/akademie\\\/#website\",\"url\":\"https:\\\/\\\/www.bvfg-potsdam.de\\\/akademie\\\/\",\"name\":\"Akademie f\u00fcr Gesundheit und Sporttherapie\",\"description\":\"\",\"publisher\":{\"@id\":\"https:\\\/\\\/www.bvfg-potsdam.de\\\/akademie\\\/#organization\"},\"potentialAction\":[{\"@type\":\"SearchAction\",\"target\":{\"@type\":\"EntryPoint\",\"urlTemplate\":\"https:\\\/\\\/www.bvfg-potsdam.de\\\/akademie\\\/?s={search_term_string}\"},\"query-input\":{\"@type\":\"PropertyValueSpecification\",\"valueRequired\":true,\"valueName\":\"search_term_string\"}}],\"inLanguage\":\"de\"},{\"@type\":\"Organization\",\"@id\":\"https:\\\/\\\/www.bvfg-potsdam.de\\\/akademie\\\/#organization\",\"name\":\"Akademie f\u00fcr Gesundheit und Sporttherapie\",\"alternateName\":\"Brandenburgischer Verein f\u00fcr Gesundheitsf\u00f6rderung e. V.\",\"url\":\"https:\\\/\\\/www.bvfg-potsdam.de\\\/akademie\\\/\",\"logo\":{\"@type\":\"ImageObject\",\"inLanguage\":\"de\",\"@id\":\"https:\\\/\\\/www.bvfg-potsdam.de\\\/akademie\\\/#\\\/schema\\\/logo\\\/image\\\/\",\"url\":\"https:\\\/\\\/www.bvfg-potsdam.de\\\/akademie\\\/wp-content\\\/uploads\\\/2024\\\/12\\\/akademie-gesundheit-sporttherapie-logo.png\",\"contentUrl\":\"https:\\\/\\\/www.bvfg-potsdam.de\\\/akademie\\\/wp-content\\\/uploads\\\/2024\\\/12\\\/akademie-gesundheit-sporttherapie-logo.png\",\"width\":800,\"height\":347,\"caption\":\"Akademie f\u00fcr Gesundheit und Sporttherapie\"},\"image\":{\"@id\":\"https:\\\/\\\/www.bvfg-potsdam.de\\\/akademie\\\/#\\\/schema\\\/logo\\\/image\\\/\"}}]}<\/script>\n<!-- \/ Yoast SEO plugin. -->","yoast_head_json":{"title":"Referenten der Akademie - Akademie f\u00fcr Gesundheit und Sporttherapie","robots":{"index":"index","follow":"follow","max-snippet":"max-snippet:-1","max-image-preview":"max-image-preview:large","max-video-preview":"max-video-preview:-1"},"canonical":"https:\/\/www.bvfg-potsdam.de\/akademie\/wer-sind-wir\/referenten-der-akademie\/","og_locale":"de_DE","og_type":"article","og_title":"Referenten der Akademie - Akademie f\u00fcr Gesundheit und Sporttherapie","og_description":"Referenten der Akademie","og_url":"https:\/\/www.bvfg-potsdam.de\/akademie\/wer-sind-wir\/referenten-der-akademie\/","og_site_name":"Akademie f\u00fcr Gesundheit und Sporttherapie","article_modified_time":"2025-05-12T07:27:00+00:00","og_image":[{"width":800,"height":500,"url":"https:\/\/www.bvfg-potsdam.de\/akademie\/wp-content\/uploads\/2024\/12\/akademie-fallback.jpg","type":"image\/jpeg"}],"twitter_card":"summary_large_image","twitter_misc":{"Gesch\u00e4tzte Lesezeit":"1\u00a0Minute"},"schema":{"@context":"https:\/\/schema.org","@graph":[{"@type":"WebPage","@id":"https:\/\/www.bvfg-potsdam.de\/akademie\/wer-sind-wir\/referenten-der-akademie\/","url":"https:\/\/www.bvfg-potsdam.de\/akademie\/wer-sind-wir\/referenten-der-akademie\/","name":"Referenten der Akademie - Akademie f\u00fcr Gesundheit und Sporttherapie","isPartOf":{"@id":"https:\/\/www.bvfg-potsdam.de\/akademie\/#website"},"primaryImageOfPage":{"@id":"https:\/\/www.bvfg-potsdam.de\/akademie\/wer-sind-wir\/referenten-der-akademie\/#primaryimage"},"image":{"@id":"https:\/\/www.bvfg-potsdam.de\/akademie\/wer-sind-wir\/referenten-der-akademie\/#primaryimage"},"thumbnailUrl":"https:\/\/www.bvfg-potsdam.de\/akademie\/wp-content\/uploads\/2024\/12\/akademie-fallback.jpg","datePublished":"2024-12-10T15:48:54+00:00","dateModified":"2025-05-12T07:27:00+00:00","breadcrumb":{"@id":"https:\/\/www.bvfg-potsdam.de\/akademie\/wer-sind-wir\/referenten-der-akademie\/#breadcrumb"},"inLanguage":"de","potentialAction":[{"@type":"ReadAction","target":["https:\/\/www.bvfg-potsdam.de\/akademie\/wer-sind-wir\/referenten-der-akademie\/"]}]},{"@type":"ImageObject","inLanguage":"de","@id":"https:\/\/www.bvfg-potsdam.de\/akademie\/wer-sind-wir\/referenten-der-akademie\/#primaryimage","url":"https:\/\/www.bvfg-potsdam.de\/akademie\/wp-content\/uploads\/2024\/12\/akademie-fallback.jpg","contentUrl":"https:\/\/www.bvfg-potsdam.de\/akademie\/wp-content\/uploads\/2024\/12\/akademie-fallback.jpg","width":800,"height":500,"caption":"Akademie Fallback"},{"@type":"BreadcrumbList","@id":"https:\/\/www.bvfg-potsdam.de\/akademie\/wer-sind-wir\/referenten-der-akademie\/#breadcrumb","itemListElement":[{"@type":"ListItem","position":1,"name":"Startseite","item":"https:\/\/www.bvfg-potsdam.de\/akademie\/"},{"@type":"ListItem","position":2,"name":"Wer sind wir?","item":"https:\/\/www.bvfg-potsdam.de\/akademie\/wer-sind-wir\/"},{"@type":"ListItem","position":3,"name":"Referenten der Akademie"}]},{"@type":"WebSite","@id":"https:\/\/www.bvfg-potsdam.de\/akademie\/#website","url":"https:\/\/www.bvfg-potsdam.de\/akademie\/","name":"Akademie f\u00fcr Gesundheit und Sporttherapie","description":"","publisher":{"@id":"https:\/\/www.bvfg-potsdam.de\/akademie\/#organization"},"potentialAction":[{"@type":"SearchAction","target":{"@type":"EntryPoint","urlTemplate":"https:\/\/www.bvfg-potsdam.de\/akademie\/?s={search_term_string}"},"query-input":{"@type":"PropertyValueSpecification","valueRequired":true,"valueName":"search_term_string"}}],"inLanguage":"de"},{"@type":"Organization","@id":"https:\/\/www.bvfg-potsdam.de\/akademie\/#organization","name":"Akademie f\u00fcr Gesundheit und Sporttherapie","alternateName":"Brandenburgischer Verein f\u00fcr Gesundheitsf\u00f6rderung e. V.","url":"https:\/\/www.bvfg-potsdam.de\/akademie\/","logo":{"@type":"ImageObject","inLanguage":"de","@id":"https:\/\/www.bvfg-potsdam.de\/akademie\/#\/schema\/logo\/image\/","url":"https:\/\/www.bvfg-potsdam.de\/akademie\/wp-content\/uploads\/2024\/12\/akademie-gesundheit-sporttherapie-logo.png","contentUrl":"https:\/\/www.bvfg-potsdam.de\/akademie\/wp-content\/uploads\/2024\/12\/akademie-gesundheit-sporttherapie-logo.png","width":800,"height":347,"caption":"Akademie f\u00fcr Gesundheit und Sporttherapie"},"image":{"@id":"https:\/\/www.bvfg-potsdam.de\/akademie\/#\/schema\/logo\/image\/"}}]}},"_links":{"self":[{"href":"https:\/\/www.bvfg-potsdam.de\/akademie\/wp-json\/wp\/v2\/pages\/28","targetHints":{"allow":["GET"]}}],"collection":[{"href":"https:\/\/www.bvfg-potsdam.de\/akademie\/wp-json\/wp\/v2\/pages"}],"about":[{"href":"https:\/\/www.bvfg-potsdam.de\/akademie\/wp-json\/wp\/v2\/types\/page"}],"author":[{"embeddable":true,"href":"https:\/\/www.bvfg-potsdam.de\/akademie\/wp-json\/wp\/v2\/users\/1"}],"replies":[{"embeddable":true,"href":"https:\/\/www.bvfg-potsdam.de\/akademie\/wp-json\/wp\/v2\/comments?post=28"}],"version-history":[{"count":4,"href":"https:\/\/www.bvfg-potsdam.de\/akademie\/wp-json\/wp\/v2\/pages\/28\/revisions"}],"predecessor-version":[{"id":749,"href":"https:\/\/www.bvfg-potsdam.de\/akademie\/wp-json\/wp\/v2\/pages\/28\/revisions\/749"}],"up":[{"embeddable":true,"href":"https:\/\/www.bvfg-potsdam.de\/akademie\/wp-json\/wp\/v2\/pages\/12"}],"wp:featuredmedia":[{"embeddable":true,"href":"https:\/\/www.bvfg-potsdam.de\/akademie\/wp-json\/wp\/v2\/media\/166"}],"wp:attachment":[{"href":"https:\/\/www.bvfg-potsdam.de\/akademie\/wp-json\/wp\/v2\/media?parent=28"}],"curies":[{"name":"wp","href":"https:\/\/api.w.org\/{rel}","templated":true}]}}