{"id":24,"date":"2024-12-10T16:48:13","date_gmt":"2024-12-10T15:48:13","guid":{"rendered":"https:\/\/kunden.potsdamwebdesign.de\/bvfg\/akademie\/?page_id=24"},"modified":"2025-05-18T17:41:38","modified_gmt":"2025-05-18T15:41:38","slug":"lehrvideos","status":"publish","type":"page","link":"https:\/\/www.bvfg-potsdam.de\/akademie\/fort-und-weiterbildung\/applied-kinesiology-basierte-integrative-medizin\/lehrvideos\/","title":{"rendered":"Lehrvideos"},"content":{"rendered":"\t\t<div data-elementor-type=\"wp-page\" data-elementor-id=\"24\" class=\"elementor elementor-24\">\n\t\t\t\t<div class=\"elementor-element elementor-element-5f4a814 e-flex e-con-boxed wpr-jarallax-no wpr-sticky-section-no wpr-equal-height-no e-con e-parent\" data-id=\"5f4a814\" data-element_type=\"container\" data-e-type=\"container\" data-settings=\"{&quot;background_background&quot;:&quot;gradient&quot;}\">\n\t\t\t\t\t<div class=\"e-con-inner\">\n\t\t\t\t<div class=\"elementor-element elementor-element-4787a04e elementor-widget elementor-widget-page-title\" data-id=\"4787a04e\" data-element_type=\"widget\" data-e-type=\"widget\" data-widget_type=\"page-title.default\">\n\t\t\t\t<div class=\"elementor-widget-container\">\n\t\t\t\t\t\t\t\n\t\t<div class=\"hfe-page-title hfe-page-title-wrapper elementor-widget-heading\">\n\n\t\t\t\t\t\t\t\t\t\t\t<a href=\"https:\/\/www.bvfg-potsdam.de\/akademie\">\n\t\t\t\t\t\t<h2 class=\"elementor-heading-title elementor-size-default\">\n\t\t\t\t\t\t\t\t\n\t\t\t\tLehrvideos  \n\t\t\t<\/h2 > \n\t\t\t\t\t\t\t\t\t<\/a>\n\t\t\t\t\t<\/div>\n\t\t\t\t\t\t<\/div>\n\t\t\t\t<\/div>\n\t\t\t\t\t<\/div>\n\t\t\t\t<\/div>\n\t\t<div class=\"elementor-element elementor-element-52d5548 e-flex e-con-boxed wpr-particle-no wpr-jarallax-no wpr-parallax-no wpr-sticky-section-no wpr-equal-height-no e-con e-parent\" data-id=\"52d5548\" data-element_type=\"container\" data-e-type=\"container\">\n\t\t\t\t\t<div class=\"e-con-inner\">\n\t\t\t\t<div class=\"elementor-element elementor-element-686b9c3 elementor-widget elementor-widget-heading\" data-id=\"686b9c3\" data-element_type=\"widget\" data-e-type=\"widget\" data-widget_type=\"heading.default\">\n\t\t\t\t<div class=\"elementor-widget-container\">\n\t\t\t\t\t<h3 class=\"elementor-heading-title elementor-size-default\">Hier sehen Sie unseren Einf\u00fchrungsvortrag vom Basismodul.<\/h3>\t\t\t\t<\/div>\n\t\t\t\t<\/div>\n\t\t\t\t<div class=\"elementor-element elementor-element-7e66a6c elementor-widget elementor-widget-heading\" data-id=\"7e66a6c\" data-element_type=\"widget\" data-e-type=\"widget\" data-widget_type=\"heading.default\">\n\t\t\t\t<div class=\"elementor-widget-container\">\n\t\t\t\t\t<h4 class=\"elementor-heading-title elementor-size-default\">Jetzt f\u00fcr alle Interessierten frei verf\u00fcgbar:<\/h4>\t\t\t\t<\/div>\n\t\t\t\t<\/div>\n\t\t\t\t<div class=\"elementor-element elementor-element-39bab75 elementor-widget elementor-widget-video\" data-id=\"39bab75\" data-element_type=\"widget\" data-e-type=\"widget\" data-settings=\"{&quot;youtube_url&quot;:&quot;https:\\\/\\\/www.youtube.com\\\/watch?v=dyC5XFs0kvo&quot;,&quot;show_image_overlay&quot;:&quot;yes&quot;,&quot;image_overlay&quot;:{&quot;url&quot;:&quot;https:\\\/\\\/kunden.potsdamwebdesign.de\\\/bvfg\\\/akademie\\\/wp-content\\\/uploads\\\/sites\\\/2\\\/2024\\\/12\\\/applied-kinesiology-thumb2.jpg&quot;,&quot;id&quot;:388,&quot;size&quot;:&quot;&quot;,&quot;alt&quot;:&quot;Applied Kinesiology Thumb2&quot;,&quot;source&quot;:&quot;library&quot;},&quot;lightbox&quot;:&quot;yes&quot;,&quot;video_type&quot;:&quot;youtube&quot;,&quot;controls&quot;:&quot;yes&quot;}\" data-widget_type=\"video.default\">\n\t\t\t\t<div class=\"elementor-widget-container\">\n\t\t\t\t\t\t\t<div class=\"elementor-wrapper elementor-open-lightbox\">\n\t\t\t\t\t\t\t<div class=\"elementor-custom-embed-image-overlay\" data-elementor-open-lightbox=\"yes\" data-elementor-lightbox=\"{&quot;type&quot;:&quot;video&quot;,&quot;videoType&quot;:&quot;youtube&quot;,&quot;url&quot;:&quot;https:\\\/\\\/www.youtube.com\\\/embed\\\/dyC5XFs0kvo?feature=oembed&amp;start&amp;end&amp;wmode=opaque&amp;loop=0&amp;controls=1&amp;mute=0&amp;rel=0&amp;cc_load_policy=0&quot;,&quot;autoplay&quot;:&quot;&quot;,&quot;modalOptions&quot;:{&quot;id&quot;:&quot;elementor-lightbox-39bab75&quot;,&quot;entranceAnimation&quot;:&quot;&quot;,&quot;entranceAnimation_tablet&quot;:&quot;&quot;,&quot;entranceAnimation_mobile&quot;:&quot;&quot;,&quot;videoAspectRatio&quot;:&quot;169&quot;}}\" data-e-action-hash=\"#elementor-action%3Aaction%3Dlightbox%26settings%3DeyJ0eXBlIjoidmlkZW8iLCJ2aWRlb1R5cGUiOiJ5b3V0dWJlIiwidXJsIjoiaHR0cHM6XC9cL3d3dy55b3V0dWJlLmNvbVwvZW1iZWRcL2R5QzVYRnMwa3ZvP2ZlYXR1cmU9b2VtYmVkJnN0YXJ0JmVuZCZ3bW9kZT1vcGFxdWUmbG9vcD0wJmNvbnRyb2xzPTEmbXV0ZT0wJnJlbD0wJmNjX2xvYWRfcG9saWN5PTAiLCJhdXRvcGxheSI6IiIsIm1vZGFsT3B0aW9ucyI6eyJpZCI6ImVsZW1lbnRvci1saWdodGJveC0zOWJhYjc1IiwiZW50cmFuY2VBbmltYXRpb24iOiIiLCJlbnRyYW5jZUFuaW1hdGlvbl90YWJsZXQiOiIiLCJlbnRyYW5jZUFuaW1hdGlvbl9tb2JpbGUiOiIiLCJ2aWRlb0FzcGVjdFJhdGlvIjoiMTY5In19\">\n\t\t\t\t\t\t\t\t\t\t\t<img fetchpriority=\"high\" decoding=\"async\" width=\"800\" height=\"450\" src=\"https:\/\/www.bvfg-potsdam.de\/akademie\/wp-content\/uploads\/2024\/12\/applied-kinesiology-thumb2.jpg\" class=\"attachment-full size-full wp-image-388\" alt=\"Applied Kinesiology Thumb2\" srcset=\"https:\/\/www.bvfg-potsdam.de\/akademie\/wp-content\/uploads\/2024\/12\/applied-kinesiology-thumb2.jpg 800w, https:\/\/www.bvfg-potsdam.de\/akademie\/wp-content\/uploads\/2024\/12\/applied-kinesiology-thumb2-300x169.jpg 300w, https:\/\/www.bvfg-potsdam.de\/akademie\/wp-content\/uploads\/2024\/12\/applied-kinesiology-thumb2-768x432.jpg 768w\" sizes=\"(max-width: 800px) 100vw, 800px\" \/>\t\t\t\t\t\t\t\t\t\t\t\t\t\t\t\t<div class=\"elementor-custom-embed-play\" role=\"button\" aria-label=\"Video abspielen \u00fcber Applied Kinesiology Thumb2\" tabindex=\"0\">\n\t\t\t\t\t\t\t<svg aria-hidden=\"true\" class=\"e-font-icon-svg e-eicon-play\" viewBox=\"0 0 1000 1000\" xmlns=\"http:\/\/www.w3.org\/2000\/svg\"><path d=\"M838 162C746 71 633 25 500 25 371 25 258 71 163 162 71 254 25 367 25 500 25 633 71 746 163 837 254 929 367 979 500 979 633 979 746 933 838 837 929 746 975 633 975 500 975 367 929 254 838 162M808 192C892 279 933 379 933 500 933 621 892 725 808 808 725 892 621 938 500 938 379 938 279 896 196 808 113 725 67 621 67 500 67 379 108 279 196 192 279 108 383 62 500 62 621 62 721 108 808 192M438 392V642L642 517 438 392Z\"><\/path><\/svg>\t\t\t\t\t\t<\/div>\n\t\t\t\t\t\t\t\t\t<\/div>\n\t\t\t\t\t<\/div>\n\t\t\t\t\t\t<\/div>\n\t\t\t\t<\/div>\n\t\t\t\t\t<\/div>\n\t\t\t\t<\/div>\n\t\t\t\t<\/div>\n\t\t","protected":false},"excerpt":{"rendered":"<p>&nbsp; Lehrvideos &lt;\/h2 &gt; Hier sehen Sie unseren Einf\u00fchrungsvortrag vom Basismodul. Jetzt f\u00fcr alle Interessierten frei verf\u00fcgbar:<\/p>\n","protected":false},"author":1,"featured_media":388,"parent":16,"menu_order":211,"comment_status":"closed","ping_status":"closed","template":"elementor_header_footer","meta":{"footnotes":""},"class_list":["post-24","page","type-page","status-publish","has-post-thumbnail","hentry"],"yoast_head":"<!-- This site is optimized with the Yoast SEO plugin v27.4 - https:\/\/yoast.com\/product\/yoast-seo-wordpress\/ -->\n<title>Lehrvideos - Akademie f\u00fcr Gesundheit und Sporttherapie<\/title>\n<meta name=\"robots\" content=\"index, follow, max-snippet:-1, max-image-preview:large, max-video-preview:-1\" \/>\n<link rel=\"canonical\" href=\"https:\/\/www.bvfg-potsdam.de\/akademie\/fort-und-weiterbildung\/applied-kinesiology-basierte-integrative-medizin\/lehrvideos\/\" \/>\n<meta property=\"og:locale\" content=\"de_DE\" \/>\n<meta property=\"og:type\" content=\"article\" \/>\n<meta property=\"og:title\" content=\"Lehrvideos - Akademie f\u00fcr Gesundheit und Sporttherapie\" \/>\n<meta property=\"og:description\" content=\"&nbsp; Lehrvideos &lt;\/h2 &gt; Hier sehen Sie unseren Einf\u00fchrungsvortrag vom Basismodul. Jetzt f\u00fcr alle Interessierten frei verf\u00fcgbar:\" \/>\n<meta property=\"og:url\" content=\"https:\/\/www.bvfg-potsdam.de\/akademie\/fort-und-weiterbildung\/applied-kinesiology-basierte-integrative-medizin\/lehrvideos\/\" \/>\n<meta property=\"og:site_name\" content=\"Akademie f\u00fcr Gesundheit und Sporttherapie\" \/>\n<meta property=\"article:modified_time\" content=\"2025-05-18T15:41:38+00:00\" \/>\n<meta property=\"og:image\" content=\"https:\/\/www.bvfg-potsdam.de\/akademie\/wp-content\/uploads\/2024\/12\/applied-kinesiology-thumb2.jpg\" \/>\n\t<meta property=\"og:image:width\" content=\"800\" \/>\n\t<meta property=\"og:image:height\" content=\"450\" \/>\n\t<meta property=\"og:image:type\" content=\"image\/jpeg\" \/>\n<meta name=\"twitter:card\" content=\"summary_large_image\" \/>\n<meta name=\"twitter:label1\" content=\"Gesch\u00e4tzte Lesezeit\" \/>\n\t<meta name=\"twitter:data1\" content=\"1\u00a0Minute\" \/>\n<script type=\"application\/ld+json\" class=\"yoast-schema-graph\">{\"@context\":\"https:\\\/\\\/schema.org\",\"@graph\":[{\"@type\":\"WebPage\",\"@id\":\"https:\\\/\\\/www.bvfg-potsdam.de\\\/akademie\\\/fort-und-weiterbildung\\\/applied-kinesiology-basierte-integrative-medizin\\\/lehrvideos\\\/\",\"url\":\"https:\\\/\\\/www.bvfg-potsdam.de\\\/akademie\\\/fort-und-weiterbildung\\\/applied-kinesiology-basierte-integrative-medizin\\\/lehrvideos\\\/\",\"name\":\"Lehrvideos - Akademie f\u00fcr Gesundheit und Sporttherapie\",\"isPartOf\":{\"@id\":\"https:\\\/\\\/www.bvfg-potsdam.de\\\/akademie\\\/#website\"},\"primaryImageOfPage\":{\"@id\":\"https:\\\/\\\/www.bvfg-potsdam.de\\\/akademie\\\/fort-und-weiterbildung\\\/applied-kinesiology-basierte-integrative-medizin\\\/lehrvideos\\\/#primaryimage\"},\"image\":{\"@id\":\"https:\\\/\\\/www.bvfg-potsdam.de\\\/akademie\\\/fort-und-weiterbildung\\\/applied-kinesiology-basierte-integrative-medizin\\\/lehrvideos\\\/#primaryimage\"},\"thumbnailUrl\":\"https:\\\/\\\/www.bvfg-potsdam.de\\\/akademie\\\/wp-content\\\/uploads\\\/2024\\\/12\\\/applied-kinesiology-thumb2.jpg\",\"datePublished\":\"2024-12-10T15:48:13+00:00\",\"dateModified\":\"2025-05-18T15:41:38+00:00\",\"breadcrumb\":{\"@id\":\"https:\\\/\\\/www.bvfg-potsdam.de\\\/akademie\\\/fort-und-weiterbildung\\\/applied-kinesiology-basierte-integrative-medizin\\\/lehrvideos\\\/#breadcrumb\"},\"inLanguage\":\"de\",\"potentialAction\":[{\"@type\":\"ReadAction\",\"target\":[\"https:\\\/\\\/www.bvfg-potsdam.de\\\/akademie\\\/fort-und-weiterbildung\\\/applied-kinesiology-basierte-integrative-medizin\\\/lehrvideos\\\/\"]}]},{\"@type\":\"ImageObject\",\"inLanguage\":\"de\",\"@id\":\"https:\\\/\\\/www.bvfg-potsdam.de\\\/akademie\\\/fort-und-weiterbildung\\\/applied-kinesiology-basierte-integrative-medizin\\\/lehrvideos\\\/#primaryimage\",\"url\":\"https:\\\/\\\/www.bvfg-potsdam.de\\\/akademie\\\/wp-content\\\/uploads\\\/2024\\\/12\\\/applied-kinesiology-thumb2.jpg\",\"contentUrl\":\"https:\\\/\\\/www.bvfg-potsdam.de\\\/akademie\\\/wp-content\\\/uploads\\\/2024\\\/12\\\/applied-kinesiology-thumb2.jpg\",\"width\":800,\"height\":450,\"caption\":\"Applied Kinesiology Thumb2\"},{\"@type\":\"BreadcrumbList\",\"@id\":\"https:\\\/\\\/www.bvfg-potsdam.de\\\/akademie\\\/fort-und-weiterbildung\\\/applied-kinesiology-basierte-integrative-medizin\\\/lehrvideos\\\/#breadcrumb\",\"itemListElement\":[{\"@type\":\"ListItem\",\"position\":1,\"name\":\"Startseite\",\"item\":\"https:\\\/\\\/www.bvfg-potsdam.de\\\/akademie\\\/\"},{\"@type\":\"ListItem\",\"position\":2,\"name\":\"Fort- und Weiterbildung\",\"item\":\"https:\\\/\\\/www.bvfg-potsdam.de\\\/akademie\\\/fort-und-weiterbildung\\\/\"},{\"@type\":\"ListItem\",\"position\":3,\"name\":\"Applied Kinesiology-basierte Integrative Medizin\",\"item\":\"https:\\\/\\\/www.bvfg-potsdam.de\\\/akademie\\\/fort-und-weiterbildung\\\/applied-kinesiology-basierte-integrative-medizin\\\/\"},{\"@type\":\"ListItem\",\"position\":4,\"name\":\"Lehrvideos\"}]},{\"@type\":\"WebSite\",\"@id\":\"https:\\\/\\\/www.bvfg-potsdam.de\\\/akademie\\\/#website\",\"url\":\"https:\\\/\\\/www.bvfg-potsdam.de\\\/akademie\\\/\",\"name\":\"Akademie f\u00fcr Gesundheit und Sporttherapie\",\"description\":\"\",\"publisher\":{\"@id\":\"https:\\\/\\\/www.bvfg-potsdam.de\\\/akademie\\\/#organization\"},\"potentialAction\":[{\"@type\":\"SearchAction\",\"target\":{\"@type\":\"EntryPoint\",\"urlTemplate\":\"https:\\\/\\\/www.bvfg-potsdam.de\\\/akademie\\\/?s={search_term_string}\"},\"query-input\":{\"@type\":\"PropertyValueSpecification\",\"valueRequired\":true,\"valueName\":\"search_term_string\"}}],\"inLanguage\":\"de\"},{\"@type\":\"Organization\",\"@id\":\"https:\\\/\\\/www.bvfg-potsdam.de\\\/akademie\\\/#organization\",\"name\":\"Akademie f\u00fcr Gesundheit und Sporttherapie\",\"alternateName\":\"Brandenburgischer Verein f\u00fcr Gesundheitsf\u00f6rderung e. V.\",\"url\":\"https:\\\/\\\/www.bvfg-potsdam.de\\\/akademie\\\/\",\"logo\":{\"@type\":\"ImageObject\",\"inLanguage\":\"de\",\"@id\":\"https:\\\/\\\/www.bvfg-potsdam.de\\\/akademie\\\/#\\\/schema\\\/logo\\\/image\\\/\",\"url\":\"https:\\\/\\\/www.bvfg-potsdam.de\\\/akademie\\\/wp-content\\\/uploads\\\/2024\\\/12\\\/akademie-gesundheit-sporttherapie-logo.png\",\"contentUrl\":\"https:\\\/\\\/www.bvfg-potsdam.de\\\/akademie\\\/wp-content\\\/uploads\\\/2024\\\/12\\\/akademie-gesundheit-sporttherapie-logo.png\",\"width\":800,\"height\":347,\"caption\":\"Akademie f\u00fcr Gesundheit und Sporttherapie\"},\"image\":{\"@id\":\"https:\\\/\\\/www.bvfg-potsdam.de\\\/akademie\\\/#\\\/schema\\\/logo\\\/image\\\/\"}}]}<\/script>\n<!-- \/ Yoast SEO plugin. -->","yoast_head_json":{"title":"Lehrvideos - Akademie f\u00fcr Gesundheit und Sporttherapie","robots":{"index":"index","follow":"follow","max-snippet":"max-snippet:-1","max-image-preview":"max-image-preview:large","max-video-preview":"max-video-preview:-1"},"canonical":"https:\/\/www.bvfg-potsdam.de\/akademie\/fort-und-weiterbildung\/applied-kinesiology-basierte-integrative-medizin\/lehrvideos\/","og_locale":"de_DE","og_type":"article","og_title":"Lehrvideos - Akademie f\u00fcr Gesundheit und Sporttherapie","og_description":"&nbsp; Lehrvideos &lt;\/h2 &gt; Hier sehen Sie unseren Einf\u00fchrungsvortrag vom Basismodul. Jetzt f\u00fcr alle Interessierten frei verf\u00fcgbar:","og_url":"https:\/\/www.bvfg-potsdam.de\/akademie\/fort-und-weiterbildung\/applied-kinesiology-basierte-integrative-medizin\/lehrvideos\/","og_site_name":"Akademie f\u00fcr Gesundheit und Sporttherapie","article_modified_time":"2025-05-18T15:41:38+00:00","og_image":[{"width":800,"height":450,"url":"https:\/\/www.bvfg-potsdam.de\/akademie\/wp-content\/uploads\/2024\/12\/applied-kinesiology-thumb2.jpg","type":"image\/jpeg"}],"twitter_card":"summary_large_image","twitter_misc":{"Gesch\u00e4tzte Lesezeit":"1\u00a0Minute"},"schema":{"@context":"https:\/\/schema.org","@graph":[{"@type":"WebPage","@id":"https:\/\/www.bvfg-potsdam.de\/akademie\/fort-und-weiterbildung\/applied-kinesiology-basierte-integrative-medizin\/lehrvideos\/","url":"https:\/\/www.bvfg-potsdam.de\/akademie\/fort-und-weiterbildung\/applied-kinesiology-basierte-integrative-medizin\/lehrvideos\/","name":"Lehrvideos - Akademie f\u00fcr Gesundheit und Sporttherapie","isPartOf":{"@id":"https:\/\/www.bvfg-potsdam.de\/akademie\/#website"},"primaryImageOfPage":{"@id":"https:\/\/www.bvfg-potsdam.de\/akademie\/fort-und-weiterbildung\/applied-kinesiology-basierte-integrative-medizin\/lehrvideos\/#primaryimage"},"image":{"@id":"https:\/\/www.bvfg-potsdam.de\/akademie\/fort-und-weiterbildung\/applied-kinesiology-basierte-integrative-medizin\/lehrvideos\/#primaryimage"},"thumbnailUrl":"https:\/\/www.bvfg-potsdam.de\/akademie\/wp-content\/uploads\/2024\/12\/applied-kinesiology-thumb2.jpg","datePublished":"2024-12-10T15:48:13+00:00","dateModified":"2025-05-18T15:41:38+00:00","breadcrumb":{"@id":"https:\/\/www.bvfg-potsdam.de\/akademie\/fort-und-weiterbildung\/applied-kinesiology-basierte-integrative-medizin\/lehrvideos\/#breadcrumb"},"inLanguage":"de","potentialAction":[{"@type":"ReadAction","target":["https:\/\/www.bvfg-potsdam.de\/akademie\/fort-und-weiterbildung\/applied-kinesiology-basierte-integrative-medizin\/lehrvideos\/"]}]},{"@type":"ImageObject","inLanguage":"de","@id":"https:\/\/www.bvfg-potsdam.de\/akademie\/fort-und-weiterbildung\/applied-kinesiology-basierte-integrative-medizin\/lehrvideos\/#primaryimage","url":"https:\/\/www.bvfg-potsdam.de\/akademie\/wp-content\/uploads\/2024\/12\/applied-kinesiology-thumb2.jpg","contentUrl":"https:\/\/www.bvfg-potsdam.de\/akademie\/wp-content\/uploads\/2024\/12\/applied-kinesiology-thumb2.jpg","width":800,"height":450,"caption":"Applied Kinesiology Thumb2"},{"@type":"BreadcrumbList","@id":"https:\/\/www.bvfg-potsdam.de\/akademie\/fort-und-weiterbildung\/applied-kinesiology-basierte-integrative-medizin\/lehrvideos\/#breadcrumb","itemListElement":[{"@type":"ListItem","position":1,"name":"Startseite","item":"https:\/\/www.bvfg-potsdam.de\/akademie\/"},{"@type":"ListItem","position":2,"name":"Fort- und Weiterbildung","item":"https:\/\/www.bvfg-potsdam.de\/akademie\/fort-und-weiterbildung\/"},{"@type":"ListItem","position":3,"name":"Applied Kinesiology-basierte Integrative Medizin","item":"https:\/\/www.bvfg-potsdam.de\/akademie\/fort-und-weiterbildung\/applied-kinesiology-basierte-integrative-medizin\/"},{"@type":"ListItem","position":4,"name":"Lehrvideos"}]},{"@type":"WebSite","@id":"https:\/\/www.bvfg-potsdam.de\/akademie\/#website","url":"https:\/\/www.bvfg-potsdam.de\/akademie\/","name":"Akademie f\u00fcr Gesundheit und Sporttherapie","description":"","publisher":{"@id":"https:\/\/www.bvfg-potsdam.de\/akademie\/#organization"},"potentialAction":[{"@type":"SearchAction","target":{"@type":"EntryPoint","urlTemplate":"https:\/\/www.bvfg-potsdam.de\/akademie\/?s={search_term_string}"},"query-input":{"@type":"PropertyValueSpecification","valueRequired":true,"valueName":"search_term_string"}}],"inLanguage":"de"},{"@type":"Organization","@id":"https:\/\/www.bvfg-potsdam.de\/akademie\/#organization","name":"Akademie f\u00fcr Gesundheit und Sporttherapie","alternateName":"Brandenburgischer Verein f\u00fcr Gesundheitsf\u00f6rderung e. V.","url":"https:\/\/www.bvfg-potsdam.de\/akademie\/","logo":{"@type":"ImageObject","inLanguage":"de","@id":"https:\/\/www.bvfg-potsdam.de\/akademie\/#\/schema\/logo\/image\/","url":"https:\/\/www.bvfg-potsdam.de\/akademie\/wp-content\/uploads\/2024\/12\/akademie-gesundheit-sporttherapie-logo.png","contentUrl":"https:\/\/www.bvfg-potsdam.de\/akademie\/wp-content\/uploads\/2024\/12\/akademie-gesundheit-sporttherapie-logo.png","width":800,"height":347,"caption":"Akademie f\u00fcr Gesundheit und Sporttherapie"},"image":{"@id":"https:\/\/www.bvfg-potsdam.de\/akademie\/#\/schema\/logo\/image\/"}}]}},"_links":{"self":[{"href":"https:\/\/www.bvfg-potsdam.de\/akademie\/wp-json\/wp\/v2\/pages\/24","targetHints":{"allow":["GET"]}}],"collection":[{"href":"https:\/\/www.bvfg-potsdam.de\/akademie\/wp-json\/wp\/v2\/pages"}],"about":[{"href":"https:\/\/www.bvfg-potsdam.de\/akademie\/wp-json\/wp\/v2\/types\/page"}],"author":[{"embeddable":true,"href":"https:\/\/www.bvfg-potsdam.de\/akademie\/wp-json\/wp\/v2\/users\/1"}],"replies":[{"embeddable":true,"href":"https:\/\/www.bvfg-potsdam.de\/akademie\/wp-json\/wp\/v2\/comments?post=24"}],"version-history":[{"count":4,"href":"https:\/\/www.bvfg-potsdam.de\/akademie\/wp-json\/wp\/v2\/pages\/24\/revisions"}],"predecessor-version":[{"id":836,"href":"https:\/\/www.bvfg-potsdam.de\/akademie\/wp-json\/wp\/v2\/pages\/24\/revisions\/836"}],"up":[{"embeddable":true,"href":"https:\/\/www.bvfg-potsdam.de\/akademie\/wp-json\/wp\/v2\/pages\/16"}],"wp:featuredmedia":[{"embeddable":true,"href":"https:\/\/www.bvfg-potsdam.de\/akademie\/wp-json\/wp\/v2\/media\/388"}],"wp:attachment":[{"href":"https:\/\/www.bvfg-potsdam.de\/akademie\/wp-json\/wp\/v2\/media?parent=24"}],"curies":[{"name":"wp","href":"https:\/\/api.w.org\/{rel}","templated":true}]}}