{"id":10,"date":"2024-12-10T16:46:48","date_gmt":"2024-12-10T15:46:48","guid":{"rendered":"https:\/\/kunden.potsdamwebdesign.de\/bvfg\/akademie\/?page_id=10"},"modified":"2025-05-18T17:43:45","modified_gmt":"2025-05-18T15:43:45","slug":"kursbuchung","status":"publish","type":"page","link":"https:\/\/www.bvfg-potsdam.de\/akademie\/kursbuchung\/","title":{"rendered":"Kursbuchung"},"content":{"rendered":"\t\t<div data-elementor-type=\"wp-page\" data-elementor-id=\"10\" class=\"elementor elementor-10\">\n\t\t\t\t<div class=\"elementor-element elementor-element-6a907338 e-flex e-con-boxed wpr-jarallax-no wpr-sticky-section-no wpr-equal-height-no e-con e-parent\" data-id=\"6a907338\" data-element_type=\"container\" data-e-type=\"container\" data-settings=\"{&quot;background_background&quot;:&quot;gradient&quot;}\">\n\t\t\t\t\t<div class=\"e-con-inner\">\n\t\t\t\t<div class=\"elementor-element elementor-element-5c5129c9 elementor-widget elementor-widget-page-title\" data-id=\"5c5129c9\" data-element_type=\"widget\" data-e-type=\"widget\" data-widget_type=\"page-title.default\">\n\t\t\t\t<div class=\"elementor-widget-container\">\n\t\t\t\t\t\t\t\n\t\t<div class=\"hfe-page-title hfe-page-title-wrapper elementor-widget-heading\">\n\n\t\t\t\t\t\t\t\t\t\t\t<a href=\"https:\/\/www.bvfg-potsdam.de\/akademie\">\n\t\t\t\t\t\t<h2 class=\"elementor-heading-title elementor-size-default\">\n\t\t\t\t\t\t\t\t\n\t\t\t\tKursbuchung  \n\t\t\t<\/h2 > \n\t\t\t\t\t\t\t\t\t<\/a>\n\t\t\t\t\t<\/div>\n\t\t\t\t\t\t<\/div>\n\t\t\t\t<\/div>\n\t\t\t\t\t<\/div>\n\t\t\t\t<\/div>\n\t\t<div class=\"elementor-element elementor-element-46503d8 e-flex e-con-boxed wpr-particle-no wpr-jarallax-no wpr-parallax-no wpr-sticky-section-no wpr-equal-height-no e-con e-parent\" data-id=\"46503d8\" data-element_type=\"container\" data-e-type=\"container\">\n\t\t\t\t\t<div class=\"e-con-inner\">\n\t\t\t\t<div class=\"elementor-element elementor-element-afc1bd3 elementor-widget elementor-widget-text-editor\" data-id=\"afc1bd3\" data-element_type=\"widget\" data-e-type=\"widget\" data-widget_type=\"text-editor.default\">\n\t\t\t\t<div class=\"elementor-widget-container\">\n\t\t\t\t\t\t\t\t\t<p>\n<div class=\"wpcf7 no-js\" id=\"wpcf7-f576-o1\" lang=\"de-DE\" dir=\"ltr\" data-wpcf7-id=\"576\">\n<div class=\"screen-reader-response\"><p role=\"status\" aria-live=\"polite\" aria-atomic=\"true\"><\/p> <ul><\/ul><\/div>\n<form action=\"\/akademie\/wp-json\/wp\/v2\/pages\/10#wpcf7-f576-o1\" method=\"post\" class=\"wpcf7-form init\" aria-label=\"Kontaktformular\" novalidate=\"novalidate\" data-status=\"init\">\n<fieldset class=\"hidden-fields-container\"><input type=\"hidden\" name=\"_wpcf7\" value=\"576\" \/><input type=\"hidden\" name=\"_wpcf7_version\" value=\"6.1.5\" \/><input type=\"hidden\" name=\"_wpcf7_locale\" value=\"de_DE\" \/><input type=\"hidden\" name=\"_wpcf7_unit_tag\" value=\"wpcf7-f576-o1\" \/><input type=\"hidden\" name=\"_wpcf7_container_post\" value=\"0\" \/><input type=\"hidden\" name=\"_wpcf7_posted_data_hash\" value=\"\" \/><input type=\"hidden\" name=\"_wpcf7cf_hidden_group_fields\" value=\"[]\" \/><input type=\"hidden\" name=\"_wpcf7cf_hidden_groups\" value=\"[]\" \/><input type=\"hidden\" name=\"_wpcf7cf_visible_groups\" value=\"[]\" \/><input type=\"hidden\" name=\"_wpcf7cf_repeaters\" value=\"[]\" \/><input type=\"hidden\" name=\"_wpcf7cf_steps\" value=\"{}\" \/><input type=\"hidden\" name=\"_wpcf7cf_options\" value=\"{&quot;form_id&quot;:576,&quot;conditions&quot;:[{&quot;then_field&quot;:&quot;ak-group&quot;,&quot;and_rules&quot;:[{&quot;if_field&quot;:&quot;kursart&quot;,&quot;operator&quot;:&quot;equals&quot;,&quot;if_value&quot;:&quot;Applied Kinesiology basierte Integrative Medizin&quot;}]},{&quot;then_field&quot;:&quot;mt-group&quot;,&quot;and_rules&quot;:[{&quot;if_field&quot;:&quot;kursart&quot;,&quot;operator&quot;:&quot;equals&quot;,&quot;if_value&quot;:&quot;Medizinische Trainingstherapie&quot;}]},{&quot;then_field&quot;:&quot;tb-group&quot;,&quot;and_rules&quot;:[{&quot;if_field&quot;:&quot;kursart&quot;,&quot;operator&quot;:&quot;equals&quot;,&quot;if_value&quot;:&quot;Therapeutisches Bouldern&quot;}]}],&quot;settings&quot;:{&quot;animation&quot;:&quot;yes&quot;,&quot;animation_intime&quot;:200,&quot;animation_outtime&quot;:200,&quot;conditions_ui&quot;:&quot;normal&quot;,&quot;notice_dismissed&quot;:false}}\" \/>\n<\/fieldset>\n<div class=\"kontaktformular\">\n\t<div class=\"col-md-12\">\n\t\t<p><span class=\"wpcf7-form-control-wrap\" data-name=\"kursart\"><select class=\"wpcf7-form-control wpcf7-select wpcf7-validates-as-required\" aria-required=\"true\" aria-invalid=\"false\" name=\"kursart\"><option value=\"\">Welchen Kurs m\u00f6chten Sie buchen?<\/option><option value=\"Applied Kinesiology basierte Integrative Medizin\">Applied Kinesiology basierte Integrative Medizin<\/option><option value=\"Medizinische Trainingstherapie\">Medizinische Trainingstherapie<\/option><option value=\"Therapeutisches Bouldern\">Therapeutisches Bouldern<\/option><\/select><\/span>\n\t\t<\/p>\n\t<\/div>\n\t<div class=\"col-md-12\">\n\t\t<div data-id=\"ak-group\" data-orig_data_id=\"ak-group\"  class=\"\" data-class=\"wpcf7cf_group\">\n\t\t\t<p><label>Welches Modul m\u00f6chten Sie buchen?<\/label><br \/>\n<span class=\"wpcf7-form-control-wrap\" data-name=\"applied-kinesiology\"><span class=\"wpcf7-form-control wpcf7-checkbox\"><span class=\"wpcf7-list-item first\"><input type=\"checkbox\" name=\"applied-kinesiology[]\" value=\"Modul 01 - Die Basics 08.05.-10.05.2026\" \/><span class=\"wpcf7-list-item-label\">Modul 01 &#8211; Die Basics 08.05.-10.05.2026<\/span><\/span><span class=\"wpcf7-list-item\"><input type=\"checkbox\" name=\"applied-kinesiology[]\" value=\"Modul 11 - Knie &amp; Fu\u00df 05.06.-07.06.2026\" \/><span class=\"wpcf7-list-item-label\">Modul 11 &#8211; Knie &amp; Fu\u00df 05.06.-07.06.2026<\/span><\/span><span class=\"wpcf7-list-item\"><input type=\"checkbox\" name=\"applied-kinesiology[]\" value=\"Modul 02 - Prim\u00e4re St\u00f6rfelder 1: Infektionen &amp; Intoxikationen 03.07.-05.07.2026\" \/><span class=\"wpcf7-list-item-label\">Modul 02 &#8211; Prim\u00e4re St\u00f6rfelder 1: Infektionen &amp; Intoxikationen 03.07.-05.07.2026<\/span><\/span><span class=\"wpcf7-list-item\"><input type=\"checkbox\" name=\"applied-kinesiology[]\" value=\"Modul 03 - Prim\u00e4re St\u00f6rfelder 2: Seele &amp; Somatisierung 18.09.-20.09.2026\" \/><span class=\"wpcf7-list-item-label\">Modul 03 &#8211; Prim\u00e4re St\u00f6rfelder 2: Seele &amp; Somatisierung 18.09.-20.09.2026<\/span><\/span><span class=\"wpcf7-list-item\"><input type=\"checkbox\" name=\"applied-kinesiology[]\" value=\"Modul 04 - Prim\u00e4re St\u00f6rfelder 3: Dentales St\u00f6rfeld &amp; CMD 09.10.-11.10.2026\" \/><span class=\"wpcf7-list-item-label\">Modul 04 &#8211; Prim\u00e4re St\u00f6rfelder 3: Dentales St\u00f6rfeld &amp; CMD 09.10.-11.10.2026<\/span><\/span><span class=\"wpcf7-list-item\"><input type=\"checkbox\" name=\"applied-kinesiology[]\" value=\"Modul 06 - Craniosacrales System &amp; Hormonbez\u00fcge 06.11.-08.11.2026\" \/><span class=\"wpcf7-list-item-label\">Modul 06 &#8211; Craniosacrales System &amp; Hormonbez\u00fcge 06.11.-08.11.2026<\/span><\/span><span class=\"wpcf7-list-item last\"><input type=\"checkbox\" name=\"applied-kinesiology[]\" value=\"Modul 07 - Wirbels\u00e4ule\/Thorax &amp; Lymphabflussst\u00f6rungen 04.12.-06.12.2026\" \/><span class=\"wpcf7-list-item-label\">Modul 07 &#8211; Wirbels\u00e4ule\/Thorax &amp; Lymphabflussst\u00f6rungen 04.12.-06.12.2026<\/span><\/span><\/span><\/span>\n\t\t\t<\/p>\n\t\t<\/div>\n\t<\/div>\n\t<div class=\"col-md-12\">\n\t\t<div data-id=\"mt-group\" data-orig_data_id=\"mt-group\"  class=\"\" data-class=\"wpcf7cf_group\">\n\t\t\t<p><label>Welches Modul m\u00f6chten Sie buchen?<\/label><br \/>\n<i>Leider werden momentan keine Kurse angeboten.<\/i><br \/>\n<!--<span class=\"wpcf7-form-control-wrap\" data-name=\"trainingstherapie\"><span class=\"wpcf7-form-control wpcf7-checkbox\"><span class=\"wpcf7-list-item first last\"><input type=\"checkbox\" name=\"trainingstherapie[]\" value=\"\" \/><span class=\"wpcf7-list-item-label\"><\/span><\/span><\/span><\/span> -->\n\t\t\t<\/p>\n\t\t<\/div>\n\t<\/div>\n\t<div class=\"col-md-12\">\n\t\t<div data-id=\"tb-group\" data-orig_data_id=\"tb-group\"  class=\"\" data-class=\"wpcf7cf_group\">\n\t\t\t<p><label>Welches Modul m\u00f6chten Sie buchen?<\/label><br \/>\n<span class=\"wpcf7-form-control-wrap\" data-name=\"bouldern\"><span class=\"wpcf7-form-control wpcf7-checkbox\"><span class=\"wpcf7-list-item first\"><input type=\"checkbox\" name=\"bouldern[]\" value=\"Modul 01 - Grundkurs f\u00fcr Einsteiger 12.-13.09.2026\" \/><span class=\"wpcf7-list-item-label\">Modul 01 &#8211; Grundkurs f\u00fcr Einsteiger 12.-13.09.2026<\/span><\/span><span class=\"wpcf7-list-item\"><input type=\"checkbox\" name=\"bouldern[]\" value=\"Modul 02 - Aufbaukurs: Kletterspiele in der Therapie &amp; von der Klettertechnik zur Therapie\u00fcbung 10.-11.10.2026\" \/><span class=\"wpcf7-list-item-label\">Modul 02 &#8211; Aufbaukurs: Kletterspiele in der Therapie &amp; von der Klettertechnik zur Therapie\u00fcbung 10.-11.10.2026<\/span><\/span><span class=\"wpcf7-list-item last\"><input type=\"checkbox\" name=\"bouldern[]\" value=\"Modul 03 -Aufbaukurs: Skoliosespezifische Klettertherapie 14.-15.11.2026\" \/><span class=\"wpcf7-list-item-label\">Modul 03 -Aufbaukurs: Skoliosespezifische Klettertherapie 14.-15.11.2026<\/span><\/span><\/span><\/span>\n\t\t\t<\/p>\n\t\t<\/div>\n\t<\/div>\n\t<div class=\"col-md-6\">\n\t\t<p><i class=\"field-icon fa fa-user\"><\/i><span class=\"wpcf7-form-control-wrap\" data-name=\"vorname\"><input size=\"40\" maxlength=\"400\" class=\"wpcf7-form-control wpcf7-text\" aria-invalid=\"false\" placeholder=\"Vorname\" value=\"\" type=\"text\" name=\"vorname\" \/><\/span><span id=\"wpcf7-69e35b7823554-wrapper\" class=\"wpcf7-form-control-wrap homepage-wrap\" style=\"display:none !important; visibility:hidden !important;\"><label for=\"wpcf7-69e35b7823554-field\" class=\"hp-message\">Bitte lasse dieses Feld leer.<\/label><input id=\"wpcf7-69e35b7823554-field\"  class=\"wpcf7-form-control wpcf7-text\" type=\"text\" name=\"homepage\" value=\"\" size=\"40\" tabindex=\"-1\" autocomplete=\"new-password\" \/><\/span>\n\t\t<\/p>\n\t<\/div>\n\t<div class=\"col-md-6\">\n\t\t<p><span class=\"wpcf7-form-control-wrap\" data-name=\"nachname\"><input size=\"40\" maxlength=\"400\" class=\"wpcf7-form-control wpcf7-text wpcf7-validates-as-required\" aria-required=\"true\" aria-invalid=\"false\" placeholder=\"Nachname*\" value=\"\" type=\"text\" name=\"nachname\" \/><\/span><span id=\"wpcf7-69e35b78235ee-wrapper\" class=\"wpcf7-form-control-wrap website-wrap\" style=\"display:none !important; visibility:hidden !important;\"><label for=\"wpcf7-69e35b78235ee-field\" class=\"hp-message\">Bitte lasse dieses Feld leer.<\/label><input id=\"wpcf7-69e35b78235ee-field\"  class=\"wpcf7-form-control wpcf7-text\" type=\"text\" name=\"website\" value=\"\" size=\"40\" tabindex=\"-1\" autocomplete=\"new-password\" \/><\/span>\n\t\t<\/p>\n\t<\/div>\n\t<div class=\"col-md-2\">\n\t\t<p><span class=\"wpcf7-form-control-wrap\" data-name=\"date\"><input size=\"40\" maxlength=\"400\" class=\"wpcf7-form-control wpcf7-text wpcf7-validates-as-required\" aria-required=\"true\" aria-invalid=\"false\" placeholder=\"Geburtsdatum*\" value=\"\" type=\"text\" name=\"date\" \/><\/span>\n\t\t<\/p>\n\t<\/div>\n\t<div class=\"col-md-12\">\n\t\t<p><span class=\"wpcf7-form-control-wrap\" data-name=\"beruf\"><input size=\"40\" maxlength=\"400\" class=\"wpcf7-form-control wpcf7-text wpcf7-validates-as-required\" aria-required=\"true\" aria-invalid=\"false\" placeholder=\"Beruf*\" value=\"\" type=\"text\" name=\"beruf\" \/><\/span>\n\t\t<\/p>\n\t<\/div>\n\t<div class=\"col-md-5\">\n\t\t<p><span class=\"wpcf7-form-control-wrap\" data-name=\"strasse\"><input size=\"40\" maxlength=\"400\" class=\"wpcf7-form-control wpcf7-text wpcf7-validates-as-required\" aria-required=\"true\" aria-invalid=\"false\" placeholder=\"Stra\u00dfe und Hausnummer*\" value=\"\" type=\"text\" name=\"strasse\" \/><\/span>\n\t\t<\/p>\n\t<\/div>\n\t<div class=\"col-md-2\">\n\t\t<p><span class=\"wpcf7-form-control-wrap\" data-name=\"plz\"><input size=\"40\" maxlength=\"5\" minlength=\"5\" class=\"wpcf7-form-control wpcf7-text wpcf7-validates-as-required\" aria-required=\"true\" aria-invalid=\"false\" placeholder=\"Postleitzahl*\" value=\"\" type=\"text\" name=\"plz\" \/><\/span>\n\t\t<\/p>\n\t<\/div>\n\t<div class=\"col-md-5\">\n\t\t<p><span class=\"wpcf7-form-control-wrap\" data-name=\"ort\"><input size=\"40\" maxlength=\"400\" class=\"wpcf7-form-control wpcf7-text wpcf7-validates-as-required\" aria-required=\"true\" aria-invalid=\"false\" placeholder=\"Ort*\" value=\"\" type=\"text\" name=\"ort\" \/><\/span>\n\t\t<\/p>\n\t<\/div>\n\t<div class=\"col-md-6\">\n\t\t<p><i class=\"field-icon fa fa-phone\"><\/i><span class=\"wpcf7-form-control-wrap\" data-name=\"telefon\"><input size=\"40\" maxlength=\"400\" class=\"wpcf7-form-control wpcf7-tel wpcf7-text wpcf7-validates-as-tel\" aria-invalid=\"false\" placeholder=\"Telefonnummer f\u00fcr R\u00fcckfragen\" value=\"\" type=\"tel\" name=\"telefon\" \/><\/span>\n\t\t<\/p>\n\t<\/div>\n\t<div class=\"col-md-6\">\n\t\t<p><i class=\"field-icon fa fa-envelope\"><\/i><span class=\"wpcf7-form-control-wrap\" data-name=\"your-email\"><input size=\"40\" maxlength=\"400\" class=\"wpcf7-form-control wpcf7-email wpcf7-validates-as-required wpcf7-text wpcf7-validates-as-email\" aria-required=\"true\" aria-invalid=\"false\" placeholder=\"Email*\" value=\"\" type=\"email\" name=\"your-email\" \/><\/span><span id=\"wpcf7-69e35b7823789-wrapper\" class=\"wpcf7-form-control-wrap Mail-wrap\" style=\"display:none !important; visibility:hidden !important;\"><label for=\"wpcf7-69e35b7823789-field\" class=\"hp-message\">Bitte lasse dieses Feld leer.<\/label><input id=\"wpcf7-69e35b7823789-field\"  class=\"wpcf7-form-control wpcf7-text\" type=\"text\" name=\"Mail\" value=\"\" size=\"40\" tabindex=\"-1\" autocomplete=\"new-password\" \/><\/span>\n\t\t<\/p>\n\t<\/div>\n\t<div class=\"col-md-12\">\n\t\t<p><i class=\"field-icon fa fa-comments\"><\/i><span class=\"wpcf7-form-control-wrap\" data-name=\"your-message\"><textarea cols=\"40\" rows=\"10\" maxlength=\"2000\" class=\"wpcf7-form-control wpcf7-textarea\" aria-invalid=\"false\" placeholder=\"Vollst\u00e4ndige Rechnungsadresse bei Zahlung durch den Arbeitgeber\" name=\"your-message\"><\/textarea><\/span>\n\t\t<\/p>\n\t<\/div>\n\t<div class=\"col-md-12\">\n\t\t<p><span class=\"wpcf7-form-control-wrap\" data-name=\"erfahren\"><select class=\"wpcf7-form-control wpcf7-select wpcf7-validates-as-required\" aria-required=\"true\" aria-invalid=\"false\" name=\"erfahren\"><option value=\"\">Wie haben Sie von uns erfahren?*<\/option><option value=\"Arbeitgeber\">Arbeitgeber<\/option><option value=\"Freunde\/Bekannte\">Freunde\/Bekannte<\/option><option value=\"Google oder andere Suchmaschinen\">Google oder andere Suchmaschinen<\/option><option value=\"sonstiges\">sonstiges<\/option><\/select><\/span>\n\t\t<\/p>\n\t<\/div>\n\t<div class=\"col-md-8\">\n\t\t<p><span class=\"wpcf7-form-control-wrap\" data-name=\"datenschutz\"><span class=\"wpcf7-form-control wpcf7-acceptance\"><span class=\"wpcf7-list-item\"><input type=\"checkbox\" name=\"datenschutz\" value=\"1\" class=\"datenschutz\" aria-invalid=\"false\" \/><\/span><\/span><\/span> Ich stimme der <a href=\"https:\/\/www.bvfg-potsdam.de\/akademie\/datenschutz\/\" target=\"_blank\">Datenschutzerkl\u00e4rung<\/a> zu.<br \/>\n<span class=\"wpcf7-form-control-wrap\" data-name=\"agb\"><span class=\"wpcf7-form-control wpcf7-acceptance\"><span class=\"wpcf7-list-item\"><input type=\"checkbox\" name=\"agb\" value=\"1\" class=\"datenschutz\" aria-invalid=\"false\" \/><\/span><\/span><\/span> Ich akzeptiere die <a href=\"https:\/\/www.bvfg-potsdam.de\/akademie\/allgemeine-geschaeftsbedingungen\/\" target=\"_blank\">AGB<\/a>.\n\t\t<\/p>\n\t<\/div>\n\t<div class=\"col-md-4\">\n\t\t<p><input class=\"wpcf7-form-control wpcf7-submit has-spinner\" type=\"submit\" value=\"Senden\" \/>\n\t\t<\/p>\n\t<\/div>\n<\/div><div class=\"wpcf7-response-output\" aria-hidden=\"true\"><\/div>\n<\/form>\n<\/div>\n<\/p>\t\t\t\t\t\t\t\t<\/div>\n\t\t\t\t<\/div>\n\t\t\t\t\t<\/div>\n\t\t\t\t<\/div>\n\t\t\t\t<\/div>\n\t\t","protected":false},"excerpt":{"rendered":"<p>&nbsp; Kursbuchung &lt;\/h2 &gt;<\/p>\n","protected":false},"author":1,"featured_media":345,"parent":0,"menu_order":300,"comment_status":"closed","ping_status":"closed","template":"elementor_header_footer","meta":{"footnotes":""},"class_list":["post-10","page","type-page","status-publish","has-post-thumbnail","hentry"],"yoast_head":"<!-- This site is optimized with the Yoast SEO plugin v27.4 - https:\/\/yoast.com\/product\/yoast-seo-wordpress\/ -->\n<title>Kursbuchung - Akademie f\u00fcr Gesundheit und Sporttherapie<\/title>\n<meta name=\"robots\" content=\"index, follow, max-snippet:-1, max-image-preview:large, max-video-preview:-1\" \/>\n<link rel=\"canonical\" href=\"https:\/\/www.bvfg-potsdam.de\/akademie\/kursbuchung\/\" \/>\n<meta property=\"og:locale\" content=\"de_DE\" \/>\n<meta property=\"og:type\" content=\"article\" \/>\n<meta property=\"og:title\" content=\"Kursbuchung - Akademie f\u00fcr Gesundheit und Sporttherapie\" \/>\n<meta property=\"og:description\" content=\"&nbsp; Kursbuchung &lt;\/h2 &gt;\" \/>\n<meta property=\"og:url\" content=\"https:\/\/www.bvfg-potsdam.de\/akademie\/kursbuchung\/\" \/>\n<meta property=\"og:site_name\" content=\"Akademie f\u00fcr Gesundheit und Sporttherapie\" \/>\n<meta property=\"article:modified_time\" content=\"2025-05-18T15:43:45+00:00\" \/>\n<meta property=\"og:image\" content=\"https:\/\/www.bvfg-potsdam.de\/akademie\/wp-content\/uploads\/2024\/12\/Werner-Alfred-Bad_02.jpg\" \/>\n\t<meta property=\"og:image:width\" content=\"900\" \/>\n\t<meta property=\"og:image:height\" content=\"600\" \/>\n\t<meta property=\"og:image:type\" content=\"image\/jpeg\" \/>\n<meta name=\"twitter:card\" content=\"summary_large_image\" \/>\n<meta name=\"twitter:label1\" content=\"Gesch\u00e4tzte Lesezeit\" \/>\n\t<meta name=\"twitter:data1\" content=\"1\u00a0Minute\" \/>\n<script type=\"application\/ld+json\" class=\"yoast-schema-graph\">{\"@context\":\"https:\\\/\\\/schema.org\",\"@graph\":[{\"@type\":\"WebPage\",\"@id\":\"https:\\\/\\\/www.bvfg-potsdam.de\\\/akademie\\\/kursbuchung\\\/\",\"url\":\"https:\\\/\\\/www.bvfg-potsdam.de\\\/akademie\\\/kursbuchung\\\/\",\"name\":\"Kursbuchung - Akademie f\u00fcr Gesundheit und Sporttherapie\",\"isPartOf\":{\"@id\":\"https:\\\/\\\/www.bvfg-potsdam.de\\\/akademie\\\/#website\"},\"primaryImageOfPage\":{\"@id\":\"https:\\\/\\\/www.bvfg-potsdam.de\\\/akademie\\\/kursbuchung\\\/#primaryimage\"},\"image\":{\"@id\":\"https:\\\/\\\/www.bvfg-potsdam.de\\\/akademie\\\/kursbuchung\\\/#primaryimage\"},\"thumbnailUrl\":\"https:\\\/\\\/www.bvfg-potsdam.de\\\/akademie\\\/wp-content\\\/uploads\\\/2024\\\/12\\\/Werner-Alfred-Bad_02.jpg\",\"datePublished\":\"2024-12-10T15:46:48+00:00\",\"dateModified\":\"2025-05-18T15:43:45+00:00\",\"breadcrumb\":{\"@id\":\"https:\\\/\\\/www.bvfg-potsdam.de\\\/akademie\\\/kursbuchung\\\/#breadcrumb\"},\"inLanguage\":\"de\",\"potentialAction\":[{\"@type\":\"ReadAction\",\"target\":[\"https:\\\/\\\/www.bvfg-potsdam.de\\\/akademie\\\/kursbuchung\\\/\"]}]},{\"@type\":\"ImageObject\",\"inLanguage\":\"de\",\"@id\":\"https:\\\/\\\/www.bvfg-potsdam.de\\\/akademie\\\/kursbuchung\\\/#primaryimage\",\"url\":\"https:\\\/\\\/www.bvfg-potsdam.de\\\/akademie\\\/wp-content\\\/uploads\\\/2024\\\/12\\\/Werner-Alfred-Bad_02.jpg\",\"contentUrl\":\"https:\\\/\\\/www.bvfg-potsdam.de\\\/akademie\\\/wp-content\\\/uploads\\\/2024\\\/12\\\/Werner-Alfred-Bad_02.jpg\",\"width\":900,\"height\":600,\"caption\":\"Werner Alfred Bad 02\"},{\"@type\":\"BreadcrumbList\",\"@id\":\"https:\\\/\\\/www.bvfg-potsdam.de\\\/akademie\\\/kursbuchung\\\/#breadcrumb\",\"itemListElement\":[{\"@type\":\"ListItem\",\"position\":1,\"name\":\"Startseite\",\"item\":\"https:\\\/\\\/www.bvfg-potsdam.de\\\/akademie\\\/\"},{\"@type\":\"ListItem\",\"position\":2,\"name\":\"Kursbuchung\"}]},{\"@type\":\"WebSite\",\"@id\":\"https:\\\/\\\/www.bvfg-potsdam.de\\\/akademie\\\/#website\",\"url\":\"https:\\\/\\\/www.bvfg-potsdam.de\\\/akademie\\\/\",\"name\":\"Akademie f\u00fcr Gesundheit und Sporttherapie\",\"description\":\"\",\"publisher\":{\"@id\":\"https:\\\/\\\/www.bvfg-potsdam.de\\\/akademie\\\/#organization\"},\"potentialAction\":[{\"@type\":\"SearchAction\",\"target\":{\"@type\":\"EntryPoint\",\"urlTemplate\":\"https:\\\/\\\/www.bvfg-potsdam.de\\\/akademie\\\/?s={search_term_string}\"},\"query-input\":{\"@type\":\"PropertyValueSpecification\",\"valueRequired\":true,\"valueName\":\"search_term_string\"}}],\"inLanguage\":\"de\"},{\"@type\":\"Organization\",\"@id\":\"https:\\\/\\\/www.bvfg-potsdam.de\\\/akademie\\\/#organization\",\"name\":\"Akademie f\u00fcr Gesundheit und Sporttherapie\",\"alternateName\":\"Brandenburgischer Verein f\u00fcr Gesundheitsf\u00f6rderung e. V.\",\"url\":\"https:\\\/\\\/www.bvfg-potsdam.de\\\/akademie\\\/\",\"logo\":{\"@type\":\"ImageObject\",\"inLanguage\":\"de\",\"@id\":\"https:\\\/\\\/www.bvfg-potsdam.de\\\/akademie\\\/#\\\/schema\\\/logo\\\/image\\\/\",\"url\":\"https:\\\/\\\/www.bvfg-potsdam.de\\\/akademie\\\/wp-content\\\/uploads\\\/2024\\\/12\\\/akademie-gesundheit-sporttherapie-logo.png\",\"contentUrl\":\"https:\\\/\\\/www.bvfg-potsdam.de\\\/akademie\\\/wp-content\\\/uploads\\\/2024\\\/12\\\/akademie-gesundheit-sporttherapie-logo.png\",\"width\":800,\"height\":347,\"caption\":\"Akademie f\u00fcr Gesundheit und Sporttherapie\"},\"image\":{\"@id\":\"https:\\\/\\\/www.bvfg-potsdam.de\\\/akademie\\\/#\\\/schema\\\/logo\\\/image\\\/\"}}]}<\/script>\n<!-- \/ Yoast SEO plugin. -->","yoast_head_json":{"title":"Kursbuchung - Akademie f\u00fcr Gesundheit und Sporttherapie","robots":{"index":"index","follow":"follow","max-snippet":"max-snippet:-1","max-image-preview":"max-image-preview:large","max-video-preview":"max-video-preview:-1"},"canonical":"https:\/\/www.bvfg-potsdam.de\/akademie\/kursbuchung\/","og_locale":"de_DE","og_type":"article","og_title":"Kursbuchung - Akademie f\u00fcr Gesundheit und Sporttherapie","og_description":"&nbsp; Kursbuchung &lt;\/h2 &gt;","og_url":"https:\/\/www.bvfg-potsdam.de\/akademie\/kursbuchung\/","og_site_name":"Akademie f\u00fcr Gesundheit und Sporttherapie","article_modified_time":"2025-05-18T15:43:45+00:00","og_image":[{"width":900,"height":600,"url":"https:\/\/www.bvfg-potsdam.de\/akademie\/wp-content\/uploads\/2024\/12\/Werner-Alfred-Bad_02.jpg","type":"image\/jpeg"}],"twitter_card":"summary_large_image","twitter_misc":{"Gesch\u00e4tzte Lesezeit":"1\u00a0Minute"},"schema":{"@context":"https:\/\/schema.org","@graph":[{"@type":"WebPage","@id":"https:\/\/www.bvfg-potsdam.de\/akademie\/kursbuchung\/","url":"https:\/\/www.bvfg-potsdam.de\/akademie\/kursbuchung\/","name":"Kursbuchung - Akademie f\u00fcr Gesundheit und Sporttherapie","isPartOf":{"@id":"https:\/\/www.bvfg-potsdam.de\/akademie\/#website"},"primaryImageOfPage":{"@id":"https:\/\/www.bvfg-potsdam.de\/akademie\/kursbuchung\/#primaryimage"},"image":{"@id":"https:\/\/www.bvfg-potsdam.de\/akademie\/kursbuchung\/#primaryimage"},"thumbnailUrl":"https:\/\/www.bvfg-potsdam.de\/akademie\/wp-content\/uploads\/2024\/12\/Werner-Alfred-Bad_02.jpg","datePublished":"2024-12-10T15:46:48+00:00","dateModified":"2025-05-18T15:43:45+00:00","breadcrumb":{"@id":"https:\/\/www.bvfg-potsdam.de\/akademie\/kursbuchung\/#breadcrumb"},"inLanguage":"de","potentialAction":[{"@type":"ReadAction","target":["https:\/\/www.bvfg-potsdam.de\/akademie\/kursbuchung\/"]}]},{"@type":"ImageObject","inLanguage":"de","@id":"https:\/\/www.bvfg-potsdam.de\/akademie\/kursbuchung\/#primaryimage","url":"https:\/\/www.bvfg-potsdam.de\/akademie\/wp-content\/uploads\/2024\/12\/Werner-Alfred-Bad_02.jpg","contentUrl":"https:\/\/www.bvfg-potsdam.de\/akademie\/wp-content\/uploads\/2024\/12\/Werner-Alfred-Bad_02.jpg","width":900,"height":600,"caption":"Werner Alfred Bad 02"},{"@type":"BreadcrumbList","@id":"https:\/\/www.bvfg-potsdam.de\/akademie\/kursbuchung\/#breadcrumb","itemListElement":[{"@type":"ListItem","position":1,"name":"Startseite","item":"https:\/\/www.bvfg-potsdam.de\/akademie\/"},{"@type":"ListItem","position":2,"name":"Kursbuchung"}]},{"@type":"WebSite","@id":"https:\/\/www.bvfg-potsdam.de\/akademie\/#website","url":"https:\/\/www.bvfg-potsdam.de\/akademie\/","name":"Akademie f\u00fcr Gesundheit und Sporttherapie","description":"","publisher":{"@id":"https:\/\/www.bvfg-potsdam.de\/akademie\/#organization"},"potentialAction":[{"@type":"SearchAction","target":{"@type":"EntryPoint","urlTemplate":"https:\/\/www.bvfg-potsdam.de\/akademie\/?s={search_term_string}"},"query-input":{"@type":"PropertyValueSpecification","valueRequired":true,"valueName":"search_term_string"}}],"inLanguage":"de"},{"@type":"Organization","@id":"https:\/\/www.bvfg-potsdam.de\/akademie\/#organization","name":"Akademie f\u00fcr Gesundheit und Sporttherapie","alternateName":"Brandenburgischer Verein f\u00fcr Gesundheitsf\u00f6rderung e. V.","url":"https:\/\/www.bvfg-potsdam.de\/akademie\/","logo":{"@type":"ImageObject","inLanguage":"de","@id":"https:\/\/www.bvfg-potsdam.de\/akademie\/#\/schema\/logo\/image\/","url":"https:\/\/www.bvfg-potsdam.de\/akademie\/wp-content\/uploads\/2024\/12\/akademie-gesundheit-sporttherapie-logo.png","contentUrl":"https:\/\/www.bvfg-potsdam.de\/akademie\/wp-content\/uploads\/2024\/12\/akademie-gesundheit-sporttherapie-logo.png","width":800,"height":347,"caption":"Akademie f\u00fcr Gesundheit und Sporttherapie"},"image":{"@id":"https:\/\/www.bvfg-potsdam.de\/akademie\/#\/schema\/logo\/image\/"}}]}},"_links":{"self":[{"href":"https:\/\/www.bvfg-potsdam.de\/akademie\/wp-json\/wp\/v2\/pages\/10","targetHints":{"allow":["GET"]}}],"collection":[{"href":"https:\/\/www.bvfg-potsdam.de\/akademie\/wp-json\/wp\/v2\/pages"}],"about":[{"href":"https:\/\/www.bvfg-potsdam.de\/akademie\/wp-json\/wp\/v2\/types\/page"}],"author":[{"embeddable":true,"href":"https:\/\/www.bvfg-potsdam.de\/akademie\/wp-json\/wp\/v2\/users\/1"}],"replies":[{"embeddable":true,"href":"https:\/\/www.bvfg-potsdam.de\/akademie\/wp-json\/wp\/v2\/comments?post=10"}],"version-history":[{"count":10,"href":"https:\/\/www.bvfg-potsdam.de\/akademie\/wp-json\/wp\/v2\/pages\/10\/revisions"}],"predecessor-version":[{"id":839,"href":"https:\/\/www.bvfg-potsdam.de\/akademie\/wp-json\/wp\/v2\/pages\/10\/revisions\/839"}],"wp:featuredmedia":[{"embeddable":true,"href":"https:\/\/www.bvfg-potsdam.de\/akademie\/wp-json\/wp\/v2\/media\/345"}],"wp:attachment":[{"href":"https:\/\/www.bvfg-potsdam.de\/akademie\/wp-json\/wp\/v2\/media?parent=10"}],"curies":[{"name":"wp","href":"https:\/\/api.w.org\/{rel}","templated":true}]}}